{"id":23680,"date":"2024-11-14T17:07:44","date_gmt":"2024-11-14T16:07:44","guid":{"rendered":"https:\/\/vitalstoffversand.com\/produkt\/vit4ever-manganese-365-comprimes\/"},"modified":"2026-03-14T18:14:31","modified_gmt":"2026-03-14T17:14:31","slug":"vit4ever-manganese-365-comprimes","status":"publish","type":"product","link":"https:\/\/vitalstoffversand.com\/fr\/produit\/vit4ever-manganese-365-comprimes\/","title":{"rendered":"Vit4ever <br>Mangan\u00e8se &#8211; 365 comprim\u00e9s"},"content":{"rendered":"<p><a href=\"https:\/\/vitalstoffversand.com\/knowledge-base\/mangan\/\" target=\"_blank\" rel=\"noopener\"><strong><span style=\"color: #0000ff;\">\u2192 Le mangan\u00e8se<\/span><\/strong><\/a> est un oligo-\u00e9l\u00e9ment essentiel et un composant de diff\u00e9rentes enzymes.<\/p>\n<p>Une carence en mangan\u00e8se est plut\u00f4t rare si l&#8217;alimentation est \u00e9quilibr\u00e9e.<\/p>\n<ul>\n<li>V\u00e9gan<\/li>\n<li>Sans gluten<\/li>\n<li>Sans lactose<\/li>\n<li>Sans OGM<\/li>\n<li>Fabriqu\u00e9 selon les normes de qualit\u00e9 strictes de l&#8217;UE<\/li>\n<\/ul>\n","protected":false},"excerpt":{"rendered":"<p>\u2192 Le mangan\u00e8se est un oligo-\u00e9l\u00e9ment essentiel et un composant de diff\u00e9rentes enzymes. Une carence en mangan\u00e8se est plut\u00f4t rare si l&#8217;alimentation est \u00e9quilibr\u00e9e. V\u00e9gan Sans gluten Sans lactose Sans OGM Fabriqu\u00e9 selon les normes de qualit\u00e9 strictes de l&#8217;UE<\/p>\n","protected":false},"featured_media":51790,"template":"","meta":{"_acf_changed":false},"product_brand":[10217],"product_cat":[340,365],"product_tag":[],"class_list":{"0":"post-23680","1":"product","2":"type-product","3":"status-publish","4":"has-post-thumbnail","6":"product_brand-vit4ever-fr","7":"product_cat-mineraux-oligo-elements","8":"product_cat-produits-de-a-a-z","10":"first","11":"instock","12":"taxable","13":"shipping-taxable","14":"purchasable","15":"product-type-simple"},"acf":[],"_links":{"self":[{"href":"https:\/\/vitalstoffversand.com\/fr\/wp-json\/wp\/v2\/product\/23680","targetHints":{"allow":["GET"]}}],"collection":[{"href":"https:\/\/vitalstoffversand.com\/fr\/wp-json\/wp\/v2\/product"}],"about":[{"href":"https:\/\/vitalstoffversand.com\/fr\/wp-json\/wp\/v2\/types\/product"}],"wp:featuredmedia":[{"embeddable":true,"href":"https:\/\/vitalstoffversand.com\/fr\/wp-json\/wp\/v2\/media\/51790"}],"wp:attachment":[{"href":"https:\/\/vitalstoffversand.com\/fr\/wp-json\/wp\/v2\/media?parent=23680"}],"wp:term":[{"taxonomy":"product_brand","embeddable":true,"href":"https:\/\/vitalstoffversand.com\/fr\/wp-json\/wp\/v2\/product_brand?post=23680"},{"taxonomy":"product_cat","embeddable":true,"href":"https:\/\/vitalstoffversand.com\/fr\/wp-json\/wp\/v2\/product_cat?post=23680"},{"taxonomy":"product_tag","embeddable":true,"href":"https:\/\/vitalstoffversand.com\/fr\/wp-json\/wp\/v2\/product_tag?post=23680"}],"curies":[{"name":"wp","href":"https:\/\/api.w.org\/{rel}","templated":true}]}}