{"id":23659,"date":"2024-11-12T11:02:44","date_gmt":"2024-11-12T10:02:44","guid":{"rendered":"https:\/\/vitalstoffversand.com\/produkt\/gen-rip-burner-180-kapseln\/"},"modified":"2026-03-11T14:03:43","modified_gmt":"2026-03-11T13:03:43","slug":"gen-rip-burner-180-kapseln","status":"publish","type":"product","link":"https:\/\/vitalstoffversand.com\/fr\/produit\/gen-rip-burner-180-kapseln\/","title":{"rendered":"GEN <br>Rip Burner &#8211; 180 Kapseln"},"content":{"rendered":"<p>Compl\u00e9ment alimentaire hautement dos\u00e9 et naturel, aussi bien pour les r\u00e9gimes hypocaloriques qu&#8217;en \u00ab pr\u00e9-workout \u00bb pour soutenir les phases de d\u00e9finition.<\/p>\n<p>La combinaison complexe d&#8217;extraits de plantes les plus divers convient aussi bien aux femmes qu&#8217;aux hommes.<\/p>\n<ul>\n<li>Sans gluten<\/li>\n<li>Sans lactose<\/li>\n<li>Sans OGM<\/li>\n<li>Fabriqu\u00e9 selon les normes de qualit\u00e9 strictes de l&#8217;UE<\/li>\n<\/ul>\n","protected":false},"excerpt":{"rendered":"<p>Compl\u00e9ment alimentaire hautement dos\u00e9 et naturel, aussi bien pour les r\u00e9gimes hypocaloriques qu&#8217;en \u00ab pr\u00e9-workout \u00bb pour soutenir les phases de d\u00e9finition. La combinaison complexe d&#8217;extraits de plantes les plus divers convient aussi bien aux femmes qu&#8217;aux hommes. Sans gluten Sans lactose Sans OGM Fabriqu\u00e9 selon les normes de qualit\u00e9 strictes de l&#8217;UE<\/p>\n","protected":false},"featured_media":44018,"template":"","meta":{"_acf_changed":false},"product_brand":[10197],"product_cat":[348,365],"product_tag":[],"class_list":{"0":"post-23659","1":"product","2":"type-product","3":"status-publish","4":"has-post-thumbnail","6":"product_brand-gen-german-elite-nutrition-fr","7":"product_cat-nutriments","8":"product_cat-produits-de-a-a-z","10":"first","11":"instock","12":"taxable","13":"shipping-taxable","14":"purchasable","15":"product-type-simple"},"acf":[],"_links":{"self":[{"href":"https:\/\/vitalstoffversand.com\/fr\/wp-json\/wp\/v2\/product\/23659","targetHints":{"allow":["GET"]}}],"collection":[{"href":"https:\/\/vitalstoffversand.com\/fr\/wp-json\/wp\/v2\/product"}],"about":[{"href":"https:\/\/vitalstoffversand.com\/fr\/wp-json\/wp\/v2\/types\/product"}],"wp:featuredmedia":[{"embeddable":true,"href":"https:\/\/vitalstoffversand.com\/fr\/wp-json\/wp\/v2\/media\/44018"}],"wp:attachment":[{"href":"https:\/\/vitalstoffversand.com\/fr\/wp-json\/wp\/v2\/media?parent=23659"}],"wp:term":[{"taxonomy":"product_brand","embeddable":true,"href":"https:\/\/vitalstoffversand.com\/fr\/wp-json\/wp\/v2\/product_brand?post=23659"},{"taxonomy":"product_cat","embeddable":true,"href":"https:\/\/vitalstoffversand.com\/fr\/wp-json\/wp\/v2\/product_cat?post=23659"},{"taxonomy":"product_tag","embeddable":true,"href":"https:\/\/vitalstoffversand.com\/fr\/wp-json\/wp\/v2\/product_tag?post=23659"}],"curies":[{"name":"wp","href":"https:\/\/api.w.org\/{rel}","templated":true}]}}