{"id":23625,"date":"2025-01-02T18:04:25","date_gmt":"2025-01-02T17:04:25","guid":{"rendered":"https:\/\/vitalstoffversand.com\/produkt\/vit4ever-beurre-de-noix-de-cajou-lisse-1000-g\/"},"modified":"2026-03-15T17:32:48","modified_gmt":"2026-03-15T16:32:48","slug":"vit4ever-beurre-de-noix-de-cajou-lisse-1000-g","status":"publish","type":"product","link":"https:\/\/vitalstoffversand.com\/fr\/produit\/vit4ever-beurre-de-noix-de-cajou-lisse-1000-g\/","title":{"rendered":"Vit4ever <br>Beurre de noix de cajou lisse &#8211; 1000 g"},"content":{"rendered":"<p>Cashew Butter Smooth est compos\u00e9 \u00e0 100 % de noix de cajou grill\u00e9es et convainc par son go\u00fbt naturel.<\/p>\n<p>Agr\u00e9mente tes desserts et tes p\u00e2tisseries ou utilise ce d\u00e9lice cr\u00e9meux comme p\u00e2te \u00e0 tartiner \u00e0 la fois d\u00e9licieuse et saine.<\/p>\n<p>Remarque : la formation d&#8217;une couche d&#8217;huile \u00e0 la surface est normale avec ce produit. Il suffit de remuer bri\u00e8vement pour retrouver une texture onctueuse. <\/p>\n<ul>\n<li>v\u00e9gan<\/li>\n<li>Sans gluten<\/li>\n<li>Pas de sucre, d&#8217;huile de palme ou de sel ajout\u00e9s<\/li>\n<\/ul>\n","protected":false},"excerpt":{"rendered":"<p>Cashew Butter Smooth est compos\u00e9 \u00e0 100 % de noix de cajou grill\u00e9es et convainc par son go\u00fbt naturel. Agr\u00e9mente tes desserts et tes p\u00e2tisseries ou utilise ce d\u00e9lice cr\u00e9meux comme p\u00e2te \u00e0 tartiner \u00e0 la fois d\u00e9licieuse et saine. Remarque : la formation d&#8217;une couche d&#8217;huile \u00e0 la surface est normale avec ce produit. [&hellip;]<\/p>\n","protected":false},"featured_media":53063,"template":"","meta":{"_acf_changed":false},"product_brand":[10217],"product_cat":[329,365],"product_tag":[],"class_list":{"0":"post-23625","1":"product","2":"type-product","3":"status-publish","4":"has-post-thumbnail","6":"product_brand-vit4ever-fr","7":"product_cat-cuisiner-grignoter","8":"product_cat-produits-de-a-a-z","10":"first","11":"outofstock","12":"taxable","13":"shipping-taxable","14":"purchasable","15":"product-type-simple"},"acf":[],"_links":{"self":[{"href":"https:\/\/vitalstoffversand.com\/fr\/wp-json\/wp\/v2\/product\/23625","targetHints":{"allow":["GET"]}}],"collection":[{"href":"https:\/\/vitalstoffversand.com\/fr\/wp-json\/wp\/v2\/product"}],"about":[{"href":"https:\/\/vitalstoffversand.com\/fr\/wp-json\/wp\/v2\/types\/product"}],"wp:featuredmedia":[{"embeddable":true,"href":"https:\/\/vitalstoffversand.com\/fr\/wp-json\/wp\/v2\/media\/53063"}],"wp:attachment":[{"href":"https:\/\/vitalstoffversand.com\/fr\/wp-json\/wp\/v2\/media?parent=23625"}],"wp:term":[{"taxonomy":"product_brand","embeddable":true,"href":"https:\/\/vitalstoffversand.com\/fr\/wp-json\/wp\/v2\/product_brand?post=23625"},{"taxonomy":"product_cat","embeddable":true,"href":"https:\/\/vitalstoffversand.com\/fr\/wp-json\/wp\/v2\/product_cat?post=23625"},{"taxonomy":"product_tag","embeddable":true,"href":"https:\/\/vitalstoffversand.com\/fr\/wp-json\/wp\/v2\/product_tag?post=23625"}],"curies":[{"name":"wp","href":"https:\/\/api.w.org\/{rel}","templated":true}]}}