{"id":23623,"date":"2024-11-11T14:26:33","date_gmt":"2024-11-11T13:26:33","guid":{"rendered":"https:\/\/vitalstoffversand.com\/produkt\/vit4ever-beurre-de-noix-mix-arachidecajouamande-1000-g\/"},"modified":"2026-03-15T17:25:44","modified_gmt":"2026-03-15T16:25:44","slug":"vit4ever-beurre-de-noix-mix-arachidecajouamande-1000-g","status":"publish","type":"product","link":"https:\/\/vitalstoffversand.com\/fr\/produit\/vit4ever-beurre-de-noix-mix-arachidecajouamande-1000-g\/","title":{"rendered":"Vit4ever <br>Beurre de noix Mix &#8211; Arachide+Cajou+Amande &#8211; 1000 g"},"content":{"rendered":"<p>Le m\u00e9lange de beurre de noix est compos\u00e9 de 60 % de cacahu\u00e8tes grill\u00e9es, 30 % de noix de cajou et 10 % d&#8217;amandes.<\/p>\n<p>C&#8217;est une source de qualit\u00e9 de prot\u00e9ines et d&#8217;acides gras insatur\u00e9s, et il contient de nombreux min\u00e9raux et vitamines, comme le potassium, le magn\u00e9sium, la vitamine E, les vitamines B, mais aussi des fibres sous forme de fibres.<\/p>\n<p>\u00c0 tartiner sur du pain ou pour agr\u00e9menter les desserts et les p\u00e2tisseries.<\/p>\n<p>Remarque : il est normal que l&#8217;huile remonte \u00e0 la surface dans les produits \u00e0 base de beurre de noix et de cr\u00e8me. Il suffit de remuer pour retrouver une texture onctueuse. <\/p>\n<ul>\n<li>v\u00e9gan<\/li>\n<li>Sans gluten<\/li>\n<li>Pas de sucre, d&#8217;huile de palme ou de sel ajout\u00e9s<\/li>\n<li>Riche en acides gras insatur\u00e9s &amp; naturels (43,7%)<\/li>\n<\/ul>\n","protected":false},"excerpt":{"rendered":"<p>Le m\u00e9lange de beurre de noix est compos\u00e9 de 60 % de cacahu\u00e8tes grill\u00e9es, 30 % de noix de cajou et 10 % d&#8217;amandes. C&#8217;est une source de qualit\u00e9 de prot\u00e9ines et d&#8217;acides gras insatur\u00e9s, et il contient de nombreux min\u00e9raux et vitamines, comme le potassium, le magn\u00e9sium, la vitamine E, les vitamines B, mais [&hellip;]<\/p>\n","protected":false},"featured_media":52983,"template":"","meta":{"_acf_changed":false},"product_brand":[10217],"product_cat":[329,365],"product_tag":[],"class_list":{"0":"post-23623","1":"product","2":"type-product","3":"status-publish","4":"has-post-thumbnail","6":"product_brand-vit4ever-fr","7":"product_cat-cuisiner-grignoter","8":"product_cat-produits-de-a-a-z","10":"first","11":"instock","12":"taxable","13":"shipping-taxable","14":"purchasable","15":"product-type-simple"},"acf":[],"_links":{"self":[{"href":"https:\/\/vitalstoffversand.com\/fr\/wp-json\/wp\/v2\/product\/23623","targetHints":{"allow":["GET"]}}],"collection":[{"href":"https:\/\/vitalstoffversand.com\/fr\/wp-json\/wp\/v2\/product"}],"about":[{"href":"https:\/\/vitalstoffversand.com\/fr\/wp-json\/wp\/v2\/types\/product"}],"wp:featuredmedia":[{"embeddable":true,"href":"https:\/\/vitalstoffversand.com\/fr\/wp-json\/wp\/v2\/media\/52983"}],"wp:attachment":[{"href":"https:\/\/vitalstoffversand.com\/fr\/wp-json\/wp\/v2\/media?parent=23623"}],"wp:term":[{"taxonomy":"product_brand","embeddable":true,"href":"https:\/\/vitalstoffversand.com\/fr\/wp-json\/wp\/v2\/product_brand?post=23623"},{"taxonomy":"product_cat","embeddable":true,"href":"https:\/\/vitalstoffversand.com\/fr\/wp-json\/wp\/v2\/product_cat?post=23623"},{"taxonomy":"product_tag","embeddable":true,"href":"https:\/\/vitalstoffversand.com\/fr\/wp-json\/wp\/v2\/product_tag?post=23623"}],"curies":[{"name":"wp","href":"https:\/\/api.w.org\/{rel}","templated":true}]}}