{"id":23622,"date":"2024-11-11T14:23:55","date_gmt":"2024-11-11T13:23:55","guid":{"rendered":"https:\/\/vitalstoffversand.com\/produkt\/vit4ever-coenzyme-q10-120-gelules\/"},"modified":"2026-03-15T17:38:20","modified_gmt":"2026-03-15T16:38:20","slug":"vit4ever-coenzyme-q10-120-gelules","status":"publish","type":"product","link":"https:\/\/vitalstoffversand.com\/fr\/produit\/vit4ever-coenzyme-q10-120-gelules\/","title":{"rendered":"Vit4ever <br>Coenzyme Q10 &#8211; 120 g\u00e9lules"},"content":{"rendered":"<p>Le coenzyme Q10 agit dans les cellules de notre corps comme donneur d&#8217;\u00e9lectrons et de protons.<\/p>\n<p>Comme la production de cette mol\u00e9cule organique par l&#8217;organisme diminue fortement \u00e0 partir de 40 ans, une suppl\u00e9mentation peut s&#8217;av\u00e9rer judicieuse.<\/p>\n<ul>\n<li>V\u00e9gan<\/li>\n<li>Sans gluten<\/li>\n<li>Sans lactose<\/li>\n<li>Sans OGM<\/li>\n<li>Fabriqu\u00e9 selon les normes de qualit\u00e9 strictes de l&#8217;UE<\/li>\n<\/ul>\n","protected":false},"excerpt":{"rendered":"<p>Le coenzyme Q10 agit dans les cellules de notre corps comme donneur d&#8217;\u00e9lectrons et de protons. Comme la production de cette mol\u00e9cule organique par l&#8217;organisme diminue fortement \u00e0 partir de 40 ans, une suppl\u00e9mentation peut s&#8217;av\u00e9rer judicieuse. V\u00e9gan Sans gluten Sans lactose Sans OGM Fabriqu\u00e9 selon les normes de qualit\u00e9 strictes de l&#8217;UE<\/p>\n","protected":false},"featured_media":52959,"template":"","meta":{"_acf_changed":false},"product_brand":[10217],"product_cat":[348,365],"product_tag":[],"class_list":{"0":"post-23622","1":"product","2":"type-product","3":"status-publish","4":"has-post-thumbnail","6":"product_brand-vit4ever-fr","7":"product_cat-nutriments","8":"product_cat-produits-de-a-a-z","10":"first","11":"instock","12":"taxable","13":"shipping-taxable","14":"purchasable","15":"product-type-simple"},"acf":[],"_links":{"self":[{"href":"https:\/\/vitalstoffversand.com\/fr\/wp-json\/wp\/v2\/product\/23622","targetHints":{"allow":["GET"]}}],"collection":[{"href":"https:\/\/vitalstoffversand.com\/fr\/wp-json\/wp\/v2\/product"}],"about":[{"href":"https:\/\/vitalstoffversand.com\/fr\/wp-json\/wp\/v2\/types\/product"}],"wp:featuredmedia":[{"embeddable":true,"href":"https:\/\/vitalstoffversand.com\/fr\/wp-json\/wp\/v2\/media\/52959"}],"wp:attachment":[{"href":"https:\/\/vitalstoffversand.com\/fr\/wp-json\/wp\/v2\/media?parent=23622"}],"wp:term":[{"taxonomy":"product_brand","embeddable":true,"href":"https:\/\/vitalstoffversand.com\/fr\/wp-json\/wp\/v2\/product_brand?post=23622"},{"taxonomy":"product_cat","embeddable":true,"href":"https:\/\/vitalstoffversand.com\/fr\/wp-json\/wp\/v2\/product_cat?post=23622"},{"taxonomy":"product_tag","embeddable":true,"href":"https:\/\/vitalstoffversand.com\/fr\/wp-json\/wp\/v2\/product_tag?post=23622"}],"curies":[{"name":"wp","href":"https:\/\/api.w.org\/{rel}","templated":true}]}}