{"id":23621,"date":"2024-11-11T14:22:49","date_gmt":"2024-11-11T13:22:49","guid":{"rendered":"https:\/\/vitalstoffversand.com\/produkt\/vit4ever-astragalus-intenso-180-gelules\/"},"modified":"2026-03-15T17:33:39","modified_gmt":"2026-03-15T16:33:39","slug":"vit4ever-astragalus-intenso-180-gelules","status":"publish","type":"product","link":"https:\/\/vitalstoffversand.com\/fr\/produit\/vit4ever-astragalus-intenso-180-gelules\/","title":{"rendered":"Vit4ever <br>Astragalus Intenso &#8211; 180 g\u00e9lules"},"content":{"rendered":"<p>L&#8217;astragale est certes utilis\u00e9 depuis plus de 4 000 ans dans la m\u00e9decine traditionnelle chinoise, mais il n&#8217;existe pas d&#8217;\u00e9tudes de qualit\u00e9 sur l&#8217;efficacit\u00e9 m\u00e9dicale r\u00e9elle d&#8217;une suppl\u00e9mentation en astragale seule.<\/p>\n<p>Bien que l&#8217;astragale soit probablement sans danger pour la plupart des gens, les femmes enceintes, les femmes qui allaitent, les enfants et les personnes souffrant de maladies auto-immunes ou h\u00e9patiques devraient \u00e9viter le produit.<\/p>\n<p>L&#8217;astragale pr\u00e9sente en outre un potentiel \u00e9lev\u00e9 d&#8217;interactions ind\u00e9sirables avec un grand nombre de groupes de m\u00e9dicaments, raison pour laquelle nous recommandons la prudence.<\/p>\n<ul>\n<li>V\u00e9gan<\/li>\n<li>Sans gluten<\/li>\n<li>Sans lactose<\/li>\n<li>Sans OGM<\/li>\n<li>Fabriqu\u00e9 selon les normes de qualit\u00e9 strictes de l&#8217;UE<\/li>\n<\/ul>\n","protected":false},"excerpt":{"rendered":"<p>L&#8217;astragale est certes utilis\u00e9 depuis plus de 4 000 ans dans la m\u00e9decine traditionnelle chinoise, mais il n&#8217;existe pas d&#8217;\u00e9tudes de qualit\u00e9 sur l&#8217;efficacit\u00e9 m\u00e9dicale r\u00e9elle d&#8217;une suppl\u00e9mentation en astragale seule. Bien que l&#8217;astragale soit probablement sans danger pour la plupart des gens, les femmes enceintes, les femmes qui allaitent, les enfants et les personnes [&hellip;]<\/p>\n","protected":false},"featured_media":52919,"template":"","meta":{"_acf_changed":false},"product_brand":[10217],"product_cat":[348,365],"product_tag":[],"class_list":{"0":"post-23621","1":"product","2":"type-product","3":"status-publish","4":"has-post-thumbnail","6":"product_brand-vit4ever-fr","7":"product_cat-nutriments","8":"product_cat-produits-de-a-a-z","10":"first","11":"instock","12":"taxable","13":"shipping-taxable","14":"purchasable","15":"product-type-simple"},"acf":[],"_links":{"self":[{"href":"https:\/\/vitalstoffversand.com\/fr\/wp-json\/wp\/v2\/product\/23621","targetHints":{"allow":["GET"]}}],"collection":[{"href":"https:\/\/vitalstoffversand.com\/fr\/wp-json\/wp\/v2\/product"}],"about":[{"href":"https:\/\/vitalstoffversand.com\/fr\/wp-json\/wp\/v2\/types\/product"}],"wp:featuredmedia":[{"embeddable":true,"href":"https:\/\/vitalstoffversand.com\/fr\/wp-json\/wp\/v2\/media\/52919"}],"wp:attachment":[{"href":"https:\/\/vitalstoffversand.com\/fr\/wp-json\/wp\/v2\/media?parent=23621"}],"wp:term":[{"taxonomy":"product_brand","embeddable":true,"href":"https:\/\/vitalstoffversand.com\/fr\/wp-json\/wp\/v2\/product_brand?post=23621"},{"taxonomy":"product_cat","embeddable":true,"href":"https:\/\/vitalstoffversand.com\/fr\/wp-json\/wp\/v2\/product_cat?post=23621"},{"taxonomy":"product_tag","embeddable":true,"href":"https:\/\/vitalstoffversand.com\/fr\/wp-json\/wp\/v2\/product_tag?post=23621"}],"curies":[{"name":"wp","href":"https:\/\/api.w.org\/{rel}","templated":true}]}}