{"id":23619,"date":"2024-11-11T14:18:40","date_gmt":"2024-11-11T13:18:40","guid":{"rendered":"https:\/\/vitalstoffversand.com\/produkt\/vit4ever-melange-de-fibres-400-g\/"},"modified":"2026-03-15T16:56:21","modified_gmt":"2026-03-15T15:56:21","slug":"vit4ever-melange-de-fibres-400-g","status":"publish","type":"product","link":"https:\/\/vitalstoffversand.com\/fr\/produit\/vit4ever-melange-de-fibres-400-g\/","title":{"rendered":"Vit4ever <br>M\u00e9lange de fibres &#8211; 400 g"},"content":{"rendered":"<p>Les fibres sont essentielles pour un syst\u00e8me digestif sain et une bonne digestion. Un intestin sain est essentiel pour un syst\u00e8me immunitaire fort, mais les habitudes alimentaires \u00ab modernes \u00bb font souvent en sorte que nous ne consommons plus suffisamment de fibres.<\/p>\n<p>Go\u00fbt arrondi avec de l&#8217;acide citrique, de l&#8217;ar\u00f4me naturel d&#8217;ananas et de l&#8217;\u00e9rythritol.<\/p>\n<ul>\n<li>V\u00e9gan<\/li>\n<li>Sans gluten<\/li>\n<li>Sans lactose<\/li>\n<li>Sans OGM<\/li>\n<li>Fabriqu\u00e9 selon les normes de qualit\u00e9 strictes de l&#8217;UE<\/li>\n<\/ul>\n","protected":false},"excerpt":{"rendered":"<p>Les fibres sont essentielles pour un syst\u00e8me digestif sain et une bonne digestion. Un intestin sain est essentiel pour un syst\u00e8me immunitaire fort, mais les habitudes alimentaires \u00ab modernes \u00bb font souvent en sorte que nous ne consommons plus suffisamment de fibres. Go\u00fbt arrondi avec de l&#8217;acide citrique, de l&#8217;ar\u00f4me naturel d&#8217;ananas et de l&#8217;\u00e9rythritol. [&hellip;]<\/p>\n","protected":false},"featured_media":52863,"template":"","meta":{"_acf_changed":false},"product_brand":[10217],"product_cat":[348,365],"product_tag":[],"class_list":{"0":"post-23619","1":"product","2":"type-product","3":"status-publish","4":"has-post-thumbnail","6":"product_brand-vit4ever-fr","7":"product_cat-nutriments","8":"product_cat-produits-de-a-a-z","10":"first","11":"instock","12":"taxable","13":"shipping-taxable","14":"purchasable","15":"product-type-simple"},"acf":[],"_links":{"self":[{"href":"https:\/\/vitalstoffversand.com\/fr\/wp-json\/wp\/v2\/product\/23619","targetHints":{"allow":["GET"]}}],"collection":[{"href":"https:\/\/vitalstoffversand.com\/fr\/wp-json\/wp\/v2\/product"}],"about":[{"href":"https:\/\/vitalstoffversand.com\/fr\/wp-json\/wp\/v2\/types\/product"}],"wp:featuredmedia":[{"embeddable":true,"href":"https:\/\/vitalstoffversand.com\/fr\/wp-json\/wp\/v2\/media\/52863"}],"wp:attachment":[{"href":"https:\/\/vitalstoffversand.com\/fr\/wp-json\/wp\/v2\/media?parent=23619"}],"wp:term":[{"taxonomy":"product_brand","embeddable":true,"href":"https:\/\/vitalstoffversand.com\/fr\/wp-json\/wp\/v2\/product_brand?post=23619"},{"taxonomy":"product_cat","embeddable":true,"href":"https:\/\/vitalstoffversand.com\/fr\/wp-json\/wp\/v2\/product_cat?post=23619"},{"taxonomy":"product_tag","embeddable":true,"href":"https:\/\/vitalstoffversand.com\/fr\/wp-json\/wp\/v2\/product_tag?post=23619"}],"curies":[{"name":"wp","href":"https:\/\/api.w.org\/{rel}","templated":true}]}}