{"id":23618,"date":"2024-11-11T14:13:26","date_gmt":"2024-11-11T13:13:26","guid":{"rendered":"https:\/\/vitalstoffversand.com\/produkt\/vit4ever-resveratrol-60-gelules\/"},"modified":"2026-03-15T17:08:06","modified_gmt":"2026-03-15T16:08:06","slug":"vit4ever-resveratrol-60-gelules","status":"publish","type":"product","link":"https:\/\/vitalstoffversand.com\/fr\/produit\/vit4ever-resveratrol-60-gelules\/","title":{"rendered":"Vit4ever <br>Resv\u00e9ratrol &#8211; 60 g\u00e9lules"},"content":{"rendered":"<p>Le resv\u00e9ratrol est une substance v\u00e9g\u00e9tale secondaire \u00e0 effet antioxydant que l&#8217;on trouve dans diff\u00e9rentes plantes.<\/p>\n<p>Il prot\u00e8ge les plantes pendant les p\u00e9riodes humides contre les parasites et les infections fongiques ainsi que contre les influences n\u00e9gatives de l&#8217;environnement, comme par exemple un fort rayonnement UV, la pollution par l&#8217;ozone et les toxines.<\/p>\n<ul>\n<li>V\u00e9gan<\/li>\n<li>Sans gluten<\/li>\n<li>Sans lactose<\/li>\n<li>Sans OGM<\/li>\n<li>Fabriqu\u00e9 selon les normes de qualit\u00e9 strictes de l&#8217;UE<\/li>\n<\/ul>\n","protected":false},"excerpt":{"rendered":"<p>Le resv\u00e9ratrol est une substance v\u00e9g\u00e9tale secondaire \u00e0 effet antioxydant que l&#8217;on trouve dans diff\u00e9rentes plantes. Il prot\u00e8ge les plantes pendant les p\u00e9riodes humides contre les parasites et les infections fongiques ainsi que contre les influences n\u00e9gatives de l&#8217;environnement, comme par exemple un fort rayonnement UV, la pollution par l&#8217;ozone et les toxines. V\u00e9gan Sans [&hellip;]<\/p>\n","protected":false},"featured_media":52823,"template":"","meta":{"_acf_changed":false},"product_brand":[10217],"product_cat":[348,365],"product_tag":[],"class_list":{"0":"post-23618","1":"product","2":"type-product","3":"status-publish","4":"has-post-thumbnail","6":"product_brand-vit4ever-fr","7":"product_cat-nutriments","8":"product_cat-produits-de-a-a-z","10":"first","11":"outofstock","12":"taxable","13":"shipping-taxable","14":"purchasable","15":"product-type-simple"},"acf":[],"_links":{"self":[{"href":"https:\/\/vitalstoffversand.com\/fr\/wp-json\/wp\/v2\/product\/23618","targetHints":{"allow":["GET"]}}],"collection":[{"href":"https:\/\/vitalstoffversand.com\/fr\/wp-json\/wp\/v2\/product"}],"about":[{"href":"https:\/\/vitalstoffversand.com\/fr\/wp-json\/wp\/v2\/types\/product"}],"wp:featuredmedia":[{"embeddable":true,"href":"https:\/\/vitalstoffversand.com\/fr\/wp-json\/wp\/v2\/media\/52823"}],"wp:attachment":[{"href":"https:\/\/vitalstoffversand.com\/fr\/wp-json\/wp\/v2\/media?parent=23618"}],"wp:term":[{"taxonomy":"product_brand","embeddable":true,"href":"https:\/\/vitalstoffversand.com\/fr\/wp-json\/wp\/v2\/product_brand?post=23618"},{"taxonomy":"product_cat","embeddable":true,"href":"https:\/\/vitalstoffversand.com\/fr\/wp-json\/wp\/v2\/product_cat?post=23618"},{"taxonomy":"product_tag","embeddable":true,"href":"https:\/\/vitalstoffversand.com\/fr\/wp-json\/wp\/v2\/product_tag?post=23618"}],"curies":[{"name":"wp","href":"https:\/\/api.w.org\/{rel}","templated":true}]}}