{"id":23617,"date":"2024-11-11T14:12:33","date_gmt":"2024-11-11T13:12:33","guid":{"rendered":"https:\/\/vitalstoffversand.com\/produkt\/vit4ever-poudre-alcaline-360-g\/"},"modified":"2026-03-15T16:58:40","modified_gmt":"2026-03-15T15:58:40","slug":"vit4ever-poudre-alcaline-360-g","status":"publish","type":"product","link":"https:\/\/vitalstoffversand.com\/fr\/produit\/vit4ever-poudre-alcaline-360-g\/","title":{"rendered":"Vit4ever <br>Poudre alcaline &#8211; 360 g"},"content":{"rendered":"<p>La poudre basique Advanced est un m\u00e9lange de min\u00e9raux et d&#8217;oligo-\u00e9l\u00e9ments importants sous forme de sels basiques.<\/p>\n<p>La poudre basique peut lutter contre l&#8217;hyperacidit\u00e9 en cas de perturbation de l&#8217;\u00e9quilibre acido-basique et contribuer \u00e0 une d\u00e9sacidification du corps.<\/p>\n<p><strong>En raison de l&#8217;influence sur l&#8217;\u00e9quilibre naturel de l&#8217;acide gastrique, nous d\u00e9conseillons une utilisation ininterrompue de plus de 1 \u00e0 2 mois.<\/strong><\/p>\n<ul>\n<li>V\u00e9gan<\/li>\n<li>Sans gluten<\/li>\n<li>Sans lactose<\/li>\n<li>Sans OGM<\/li>\n<li>Fabriqu\u00e9 selon les normes de qualit\u00e9 strictes de l&#8217;UE<\/li>\n<\/ul>\n","protected":false},"excerpt":{"rendered":"<p>La poudre basique Advanced est un m\u00e9lange de min\u00e9raux et d&#8217;oligo-\u00e9l\u00e9ments importants sous forme de sels basiques. La poudre basique peut lutter contre l&#8217;hyperacidit\u00e9 en cas de perturbation de l&#8217;\u00e9quilibre acido-basique et contribuer \u00e0 une d\u00e9sacidification du corps. En raison de l&#8217;influence sur l&#8217;\u00e9quilibre naturel de l&#8217;acide gastrique, nous d\u00e9conseillons une utilisation ininterrompue de plus [&hellip;]<\/p>\n","protected":false},"featured_media":52799,"template":"","meta":{"_acf_changed":false},"product_brand":[10217],"product_cat":[348,365],"product_tag":[],"class_list":{"0":"post-23617","1":"product","2":"type-product","3":"status-publish","4":"has-post-thumbnail","6":"product_brand-vit4ever-fr","7":"product_cat-nutriments","8":"product_cat-produits-de-a-a-z","10":"first","11":"outofstock","12":"taxable","13":"shipping-taxable","14":"purchasable","15":"product-type-simple"},"acf":[],"_links":{"self":[{"href":"https:\/\/vitalstoffversand.com\/fr\/wp-json\/wp\/v2\/product\/23617","targetHints":{"allow":["GET"]}}],"collection":[{"href":"https:\/\/vitalstoffversand.com\/fr\/wp-json\/wp\/v2\/product"}],"about":[{"href":"https:\/\/vitalstoffversand.com\/fr\/wp-json\/wp\/v2\/types\/product"}],"wp:featuredmedia":[{"embeddable":true,"href":"https:\/\/vitalstoffversand.com\/fr\/wp-json\/wp\/v2\/media\/52799"}],"wp:attachment":[{"href":"https:\/\/vitalstoffversand.com\/fr\/wp-json\/wp\/v2\/media?parent=23617"}],"wp:term":[{"taxonomy":"product_brand","embeddable":true,"href":"https:\/\/vitalstoffversand.com\/fr\/wp-json\/wp\/v2\/product_brand?post=23617"},{"taxonomy":"product_cat","embeddable":true,"href":"https:\/\/vitalstoffversand.com\/fr\/wp-json\/wp\/v2\/product_cat?post=23617"},{"taxonomy":"product_tag","embeddable":true,"href":"https:\/\/vitalstoffversand.com\/fr\/wp-json\/wp\/v2\/product_tag?post=23617"}],"curies":[{"name":"wp","href":"https:\/\/api.w.org\/{rel}","templated":true}]}}