{"id":23614,"date":"2024-11-11T14:08:31","date_gmt":"2024-11-11T13:08:31","guid":{"rendered":"https:\/\/vitalstoffversand.com\/produkt\/vit4ever-ashwagandha-biologique-600-g\/"},"modified":"2026-03-15T16:49:18","modified_gmt":"2026-03-15T15:49:18","slug":"vit4ever-ashwagandha-biologique-600-g","status":"publish","type":"product","link":"https:\/\/vitalstoffversand.com\/fr\/produit\/vit4ever-ashwagandha-biologique-600-g\/","title":{"rendered":"Vit4ever <br>Poudre d&#8217;ashwagandha bio &#8211; 600 g"},"content":{"rendered":"<p>L&#8217;ashwagandha (Withania Somnifera) est utilis\u00e9 depuis des centaines d&#8217;ann\u00e9es dans la m\u00e9decine traditionnelle chinoise ainsi que dans l&#8217;ayurv\u00e9da.<\/p>\n<p>L&#8217;ashwagandha est riche en diff\u00e9rents alcalo\u00efdes et withanolides et a entre-temps \u00e9galement suscit\u00e9 un grand int\u00e9r\u00eat de la part de la m\u00e9decine conventionnelle occidentale.<\/p>\n<ul>\n<li>V\u00e9gan<\/li>\n<li>Sans gluten<\/li>\n<li>Sans lactose<\/li>\n<li>Sans OGM<\/li>\n<li>Fabriqu\u00e9 selon les normes de qualit\u00e9 strictes de l&#8217;UE<\/li>\n<\/ul>\n","protected":false},"excerpt":{"rendered":"<p>L&#8217;ashwagandha (Withania Somnifera) est utilis\u00e9 depuis des centaines d&#8217;ann\u00e9es dans la m\u00e9decine traditionnelle chinoise ainsi que dans l&#8217;ayurv\u00e9da. L&#8217;ashwagandha est riche en diff\u00e9rents alcalo\u00efdes et withanolides et a entre-temps \u00e9galement suscit\u00e9 un grand int\u00e9r\u00eat de la part de la m\u00e9decine conventionnelle occidentale. V\u00e9gan Sans gluten Sans lactose Sans OGM Fabriqu\u00e9 selon les normes de qualit\u00e9 [&hellip;]<\/p>\n","protected":false},"featured_media":52735,"template":"","meta":{"_acf_changed":false},"product_brand":[10217],"product_cat":[348,365],"product_tag":[],"class_list":{"0":"post-23614","1":"product","2":"type-product","3":"status-publish","4":"has-post-thumbnail","6":"product_brand-vit4ever-fr","7":"product_cat-nutriments","8":"product_cat-produits-de-a-a-z","10":"first","11":"instock","12":"taxable","13":"shipping-taxable","14":"purchasable","15":"product-type-simple"},"acf":[],"_links":{"self":[{"href":"https:\/\/vitalstoffversand.com\/fr\/wp-json\/wp\/v2\/product\/23614","targetHints":{"allow":["GET"]}}],"collection":[{"href":"https:\/\/vitalstoffversand.com\/fr\/wp-json\/wp\/v2\/product"}],"about":[{"href":"https:\/\/vitalstoffversand.com\/fr\/wp-json\/wp\/v2\/types\/product"}],"wp:featuredmedia":[{"embeddable":true,"href":"https:\/\/vitalstoffversand.com\/fr\/wp-json\/wp\/v2\/media\/52735"}],"wp:attachment":[{"href":"https:\/\/vitalstoffversand.com\/fr\/wp-json\/wp\/v2\/media?parent=23614"}],"wp:term":[{"taxonomy":"product_brand","embeddable":true,"href":"https:\/\/vitalstoffversand.com\/fr\/wp-json\/wp\/v2\/product_brand?post=23614"},{"taxonomy":"product_cat","embeddable":true,"href":"https:\/\/vitalstoffversand.com\/fr\/wp-json\/wp\/v2\/product_cat?post=23614"},{"taxonomy":"product_tag","embeddable":true,"href":"https:\/\/vitalstoffversand.com\/fr\/wp-json\/wp\/v2\/product_tag?post=23614"}],"curies":[{"name":"wp","href":"https:\/\/api.w.org\/{rel}","templated":true}]}}