{"id":23613,"date":"2024-11-11T14:01:10","date_gmt":"2024-11-11T13:01:10","guid":{"rendered":"https:\/\/vitalstoffversand.com\/produkt\/vit4ever-d-ribose-320-g\/"},"modified":"2026-03-15T16:48:46","modified_gmt":"2026-03-15T15:48:46","slug":"vit4ever-d-ribose-320-g","status":"publish","type":"product","link":"https:\/\/vitalstoffversand.com\/fr\/produit\/vit4ever-d-ribose-320-g\/","title":{"rendered":"Vit4ever <br>Poudre de D-ribose &#8211; 320 g"},"content":{"rendered":"<p>Le D-ribose est un sucre \u00e0 5 atomes de carbone qui sert de source d&#8217;\u00e9nergie \u00e0 notre corps.<\/p>\n<p>Elle fait \u00e9galement partie des \u00e9l\u00e9ments constitutifs des acides ribonucl\u00e9iques (ARN\/ARN).<\/p>\n<ul>\n<li>V\u00e9gan<\/li>\n<li>Sans gluten<\/li>\n<li>Sans lactose<\/li>\n<li>Sans OGM<\/li>\n<li>Fabriqu\u00e9 selon les normes de qualit\u00e9 strictes de l&#8217;UE<\/li>\n<\/ul>\n","protected":false},"excerpt":{"rendered":"<p>Le D-ribose est un sucre \u00e0 5 atomes de carbone qui sert de source d&#8217;\u00e9nergie \u00e0 notre corps. Elle fait \u00e9galement partie des \u00e9l\u00e9ments constitutifs des acides ribonucl\u00e9iques (ARN\/ARN). V\u00e9gan Sans gluten Sans lactose Sans OGM Fabriqu\u00e9 selon les normes de qualit\u00e9 strictes de l&#8217;UE<\/p>\n","protected":false},"featured_media":52695,"template":"","meta":{"_acf_changed":false},"product_brand":[10217],"product_cat":[348,365],"product_tag":[],"class_list":{"0":"post-23613","1":"product","2":"type-product","3":"status-publish","4":"has-post-thumbnail","6":"product_brand-vit4ever-fr","7":"product_cat-nutriments","8":"product_cat-produits-de-a-a-z","10":"first","11":"instock","12":"taxable","13":"shipping-taxable","14":"purchasable","15":"product-type-simple"},"acf":[],"_links":{"self":[{"href":"https:\/\/vitalstoffversand.com\/fr\/wp-json\/wp\/v2\/product\/23613","targetHints":{"allow":["GET"]}}],"collection":[{"href":"https:\/\/vitalstoffversand.com\/fr\/wp-json\/wp\/v2\/product"}],"about":[{"href":"https:\/\/vitalstoffversand.com\/fr\/wp-json\/wp\/v2\/types\/product"}],"wp:featuredmedia":[{"embeddable":true,"href":"https:\/\/vitalstoffversand.com\/fr\/wp-json\/wp\/v2\/media\/52695"}],"wp:attachment":[{"href":"https:\/\/vitalstoffversand.com\/fr\/wp-json\/wp\/v2\/media?parent=23613"}],"wp:term":[{"taxonomy":"product_brand","embeddable":true,"href":"https:\/\/vitalstoffversand.com\/fr\/wp-json\/wp\/v2\/product_brand?post=23613"},{"taxonomy":"product_cat","embeddable":true,"href":"https:\/\/vitalstoffversand.com\/fr\/wp-json\/wp\/v2\/product_cat?post=23613"},{"taxonomy":"product_tag","embeddable":true,"href":"https:\/\/vitalstoffversand.com\/fr\/wp-json\/wp\/v2\/product_tag?post=23613"}],"curies":[{"name":"wp","href":"https:\/\/api.w.org\/{rel}","templated":true}]}}