{"id":23611,"date":"2024-11-11T13:58:54","date_gmt":"2024-11-11T12:58:54","guid":{"rendered":"https:\/\/vitalstoffversand.com\/produkt\/vit4ever-proteine-de-pois-1100-g\/"},"modified":"2026-03-15T16:43:39","modified_gmt":"2026-03-15T15:43:39","slug":"vit4ever-proteine-de-pois-1100-g","status":"publish","type":"product","link":"https:\/\/vitalstoffversand.com\/fr\/produit\/vit4ever-proteine-de-pois-1100-g\/","title":{"rendered":"Vit4ever <br>Prot\u00e9ines de pois &#8211; 1 000 g"},"content":{"rendered":"<p>La prot\u00e9ine de pois est une alternative 100% v\u00e9g\u00e9tale et donc v\u00e9g\u00e9talienne aux prot\u00e9ines de lactos\u00e9rum.<\/p>\n<p>La prot\u00e9ine de pois offre une teneur \u00e9lev\u00e9e en prot\u00e9ines, soit 87% de prot\u00e9ines totales, avec une teneur \u00e9lev\u00e9e en arginine (plus de 7%) et en lysine (6%), et contient \u00e9galement beaucoup de fer, de phosphore et de calcium naturels.<\/p>\n<ul>\n<li>V\u00e9gan<\/li>\n<li>Sans gluten<\/li>\n<li>Sans lactose<\/li>\n<li>Sans OGM<\/li>\n<li>Fabriqu\u00e9 selon les normes de qualit\u00e9 strictes de l&#8217;UE<\/li>\n<\/ul>\n","protected":false},"excerpt":{"rendered":"<p>La prot\u00e9ine de pois est une alternative 100% v\u00e9g\u00e9tale et donc v\u00e9g\u00e9talienne aux prot\u00e9ines de lactos\u00e9rum. La prot\u00e9ine de pois offre une teneur \u00e9lev\u00e9e en prot\u00e9ines, soit 87% de prot\u00e9ines totales, avec une teneur \u00e9lev\u00e9e en arginine (plus de 7%) et en lysine (6%), et contient \u00e9galement beaucoup de fer, de phosphore et de calcium [&hellip;]<\/p>\n","protected":false},"featured_media":63389,"template":"","meta":{"_acf_changed":false},"product_brand":[10217],"product_cat":[345,365],"product_tag":[],"class_list":{"0":"post-23611","1":"product","2":"type-product","3":"status-publish","4":"has-post-thumbnail","6":"product_brand-vit4ever-fr","7":"product_cat-proteines","8":"product_cat-produits-de-a-a-z","10":"first","11":"instock","12":"taxable","13":"shipping-taxable","14":"purchasable","15":"product-type-simple"},"acf":[],"_links":{"self":[{"href":"https:\/\/vitalstoffversand.com\/fr\/wp-json\/wp\/v2\/product\/23611","targetHints":{"allow":["GET"]}}],"collection":[{"href":"https:\/\/vitalstoffversand.com\/fr\/wp-json\/wp\/v2\/product"}],"about":[{"href":"https:\/\/vitalstoffversand.com\/fr\/wp-json\/wp\/v2\/types\/product"}],"wp:featuredmedia":[{"embeddable":true,"href":"https:\/\/vitalstoffversand.com\/fr\/wp-json\/wp\/v2\/media\/63389"}],"wp:attachment":[{"href":"https:\/\/vitalstoffversand.com\/fr\/wp-json\/wp\/v2\/media?parent=23611"}],"wp:term":[{"taxonomy":"product_brand","embeddable":true,"href":"https:\/\/vitalstoffversand.com\/fr\/wp-json\/wp\/v2\/product_brand?post=23611"},{"taxonomy":"product_cat","embeddable":true,"href":"https:\/\/vitalstoffversand.com\/fr\/wp-json\/wp\/v2\/product_cat?post=23611"},{"taxonomy":"product_tag","embeddable":true,"href":"https:\/\/vitalstoffversand.com\/fr\/wp-json\/wp\/v2\/product_tag?post=23611"}],"curies":[{"name":"wp","href":"https:\/\/api.w.org\/{rel}","templated":true}]}}