{"id":23607,"date":"2024-11-14T17:19:21","date_gmt":"2024-11-14T16:19:21","guid":{"rendered":"https:\/\/vitalstoffversand.com\/produkt\/vit4ever-berberine-hcl-intenso-120-gelules\/"},"modified":"2026-03-15T16:38:39","modified_gmt":"2026-03-15T15:38:39","slug":"vit4ever-berberine-hcl-intenso-120-gelules","status":"publish","type":"product","link":"https:\/\/vitalstoffversand.com\/fr\/produit\/vit4ever-berberine-hcl-intenso-120-gelules\/","title":{"rendered":"Vit4ever <br>Berb\u00e9rine HCL Intenso &#8211; 120 g\u00e9lules"},"content":{"rendered":"<p>La berb\u00e9rine est un alcalo\u00efde v\u00e9g\u00e9tal issu des racines du fil d&#8217;or chinois. Elle est utilis\u00e9e depuis des si\u00e8cles dans la m\u00e9decine traditionnelle chinoise et suscite un int\u00e9r\u00eat croissant dans la m\u00e9decine occidentale en raison de son potentiel pour la sant\u00e9.<\/p>\n<ul>\n<li>V\u00e9gan<\/li>\n<li>Sans gluten<\/li>\n<li>Sans lactose<\/li>\n<li>Sans OGM<\/li>\n<li>Fabriqu\u00e9 selon les normes de qualit\u00e9 strictes de l&#8217;UE<\/li>\n<\/ul>\n","protected":false},"excerpt":{"rendered":"<p>La berb\u00e9rine est un alcalo\u00efde v\u00e9g\u00e9tal issu des racines du fil d&#8217;or chinois. Elle est utilis\u00e9e depuis des si\u00e8cles dans la m\u00e9decine traditionnelle chinoise et suscite un int\u00e9r\u00eat croissant dans la m\u00e9decine occidentale en raison de son potentiel pour la sant\u00e9. V\u00e9gan Sans gluten Sans lactose Sans OGM Fabriqu\u00e9 selon les normes de qualit\u00e9 strictes [&hellip;]<\/p>\n","protected":false},"featured_media":52567,"template":"","meta":{"_acf_changed":false},"product_brand":[10217],"product_cat":[348,365],"product_tag":[],"class_list":{"0":"post-23607","1":"product","2":"type-product","3":"status-publish","4":"has-post-thumbnail","6":"product_brand-vit4ever-fr","7":"product_cat-nutriments","8":"product_cat-produits-de-a-a-z","10":"first","11":"instock","12":"taxable","13":"shipping-taxable","14":"purchasable","15":"product-type-simple"},"acf":[],"_links":{"self":[{"href":"https:\/\/vitalstoffversand.com\/fr\/wp-json\/wp\/v2\/product\/23607","targetHints":{"allow":["GET"]}}],"collection":[{"href":"https:\/\/vitalstoffversand.com\/fr\/wp-json\/wp\/v2\/product"}],"about":[{"href":"https:\/\/vitalstoffversand.com\/fr\/wp-json\/wp\/v2\/types\/product"}],"wp:featuredmedia":[{"embeddable":true,"href":"https:\/\/vitalstoffversand.com\/fr\/wp-json\/wp\/v2\/media\/52567"}],"wp:attachment":[{"href":"https:\/\/vitalstoffversand.com\/fr\/wp-json\/wp\/v2\/media?parent=23607"}],"wp:term":[{"taxonomy":"product_brand","embeddable":true,"href":"https:\/\/vitalstoffversand.com\/fr\/wp-json\/wp\/v2\/product_brand?post=23607"},{"taxonomy":"product_cat","embeddable":true,"href":"https:\/\/vitalstoffversand.com\/fr\/wp-json\/wp\/v2\/product_cat?post=23607"},{"taxonomy":"product_tag","embeddable":true,"href":"https:\/\/vitalstoffversand.com\/fr\/wp-json\/wp\/v2\/product_tag?post=23607"}],"curies":[{"name":"wp","href":"https:\/\/api.w.org\/{rel}","templated":true}]}}