{"id":23606,"date":"2024-11-11T13:55:38","date_gmt":"2024-11-11T12:55:38","guid":{"rendered":"https:\/\/vitalstoffversand.com\/produkt\/vit4ever-hericium-erinaceus-pompon-blanc-intenso-180-gelules\/"},"modified":"2024-11-11T13:55:38","modified_gmt":"2024-11-11T12:55:38","slug":"vit4ever-hericium-erinaceus-pompon-blanc-intenso-180-gelules","status":"publish","type":"product","link":"https:\/\/vitalstoffversand.com\/fr\/produit\/vit4ever-hericium-erinaceus-pompon-blanc-intenso-180-gelules\/","title":{"rendered":"Vit4ever <br>Hericium Erinaceus (Pompon blanc) Intenso &#8211; 180 g\u00e9lules"},"content":{"rendered":"<p>L&#8217;Hericium Erinaceus est connu sous de nombreux noms, par exemple crini\u00e8re de lion, champignon \u00e0 t\u00eate de singe ou encore en fran\u00e7ais pompon blanc.<\/p>\n<p>Hericium Intenso contient 30 % de polysaccharides et est utilis\u00e9 en mycoth\u00e9rapie, entre autres, pour les troubles de l&#8217;appareil digestif.<\/p>\n<p>Dans le meilleur des cas, l&#8217;extrait est combin\u00e9 \u00e0 la poudre <a href=\"https:\/\/vitalstoffversand.com\/produkt\/natura-med-bio-hericium-pilzpulver-100-g\/\" target=\"_blank\" rel=\"noopener\">\u2192 Natura Med Bio Hericium erinaceus<\/a> afin d&#8217;exploiter tout le spectre des substances actives de ce champignon vital.<\/p>\n<ul>\n<li>100% v\u00e9g\u00e9talien<\/li>\n<li>Sans gluten, lactose, ar\u00f4mes, conservateurs, st\u00e9arate de magn\u00e9sium et bien s\u00fbr sans OGM.<\/li>\n<li>Test\u00e9 en laboratoire ind\u00e9pendant sur la pollution et les impuret\u00e9s, comme par exemple les m\u00e9taux lourds, les moisissures, E. Coli, les salmonelles et autres crit\u00e8res de contr\u00f4le pertinents.<\/li>\n<\/ul>\n","protected":false},"excerpt":{"rendered":"<p>L&#8217;Hericium Erinaceus est connu sous de nombreux noms, par exemple crini\u00e8re de lion, champignon \u00e0 t\u00eate de singe ou encore en fran\u00e7ais pompon blanc. Hericium Intenso contient 30 % de polysaccharides et est utilis\u00e9 en mycoth\u00e9rapie, entre autres, pour les troubles de l&#8217;appareil digestif. Dans le meilleur des cas, l&#8217;extrait est combin\u00e9 \u00e0 la poudre [&hellip;]<\/p>\n","protected":false},"featured_media":52543,"template":"","meta":{"_acf_changed":false},"product_brand":[10217],"product_cat":[373,365],"product_tag":[],"class_list":{"0":"post-23606","1":"product","2":"type-product","3":"status-publish","4":"has-post-thumbnail","6":"product_brand-vit4ever-fr","7":"product_cat-champignons-vitaux","8":"product_cat-produits-de-a-a-z","10":"first","11":"outofstock","12":"taxable","13":"shipping-taxable","14":"purchasable","15":"product-type-simple"},"acf":[],"_links":{"self":[{"href":"https:\/\/vitalstoffversand.com\/fr\/wp-json\/wp\/v2\/product\/23606","targetHints":{"allow":["GET"]}}],"collection":[{"href":"https:\/\/vitalstoffversand.com\/fr\/wp-json\/wp\/v2\/product"}],"about":[{"href":"https:\/\/vitalstoffversand.com\/fr\/wp-json\/wp\/v2\/types\/product"}],"wp:featuredmedia":[{"embeddable":true,"href":"https:\/\/vitalstoffversand.com\/fr\/wp-json\/wp\/v2\/media\/52543"}],"wp:attachment":[{"href":"https:\/\/vitalstoffversand.com\/fr\/wp-json\/wp\/v2\/media?parent=23606"}],"wp:term":[{"taxonomy":"product_brand","embeddable":true,"href":"https:\/\/vitalstoffversand.com\/fr\/wp-json\/wp\/v2\/product_brand?post=23606"},{"taxonomy":"product_cat","embeddable":true,"href":"https:\/\/vitalstoffversand.com\/fr\/wp-json\/wp\/v2\/product_cat?post=23606"},{"taxonomy":"product_tag","embeddable":true,"href":"https:\/\/vitalstoffversand.com\/fr\/wp-json\/wp\/v2\/product_tag?post=23606"}],"curies":[{"name":"wp","href":"https:\/\/api.w.org\/{rel}","templated":true}]}}