{"id":23602,"date":"2024-11-11T13:55:47","date_gmt":"2024-11-11T12:55:47","guid":{"rendered":"https:\/\/vitalstoffversand.com\/produkt\/vit4ever-huile-dalgues-vegetalienne-omega-3-quantites-differentes\/"},"modified":"2026-03-15T16:36:59","modified_gmt":"2026-03-15T15:36:59","slug":"vit4ever-huile-dalgues-vegetalienne-omega-3-quantites-differentes","status":"publish","type":"product","link":"https:\/\/vitalstoffversand.com\/fr\/produit\/vit4ever-huile-dalgues-vegetalienne-omega-3-quantites-differentes\/","title":{"rendered":"Vit4ever <br>Huile d&#8217;algues v\u00e9g\u00e9talienne om\u00e9ga-3 &#8211; 90 g\u00e9lules"},"content":{"rendered":"<p>Il n&#8217;est pas toujours facile pour les v\u00e9g\u00e9tariens et les v\u00e9g\u00e9taliens de consommer suffisamment d&#8217;acides gras om\u00e9ga-3, car ceux-ci se trouvent principalement dans les poissons (gras).<\/p>\n<p>Capsules d&#8217;huile d&#8217;algues om\u00e9ga 3 de Schizochytrium sp. avec 30% de <a href=\"https:\/\/vitalstoffversand.com\/knowledge-base\/docosahexaensaeure-und-eicosapentaensaeure-dha-epa\/\" target=\"_blank\" rel=\"noopener\"><strong><span style=\"color: #0000ff;\">\u2192 DHA (acide docosahexa\u00e9no\u00efque)<\/span><\/strong><\/a> et 15% de <a href=\"https:\/\/vitalstoffversand.com\/knowledge-base\/eicosapentaensaeure-und-docosahexaensaeure-epa-dha\/\" target=\"_blank\" rel=\"noopener\"><strong><span style=\"color: #0000ff;\">\u2192 EPA (acide eicosapenta\u00e9no\u00efque)<\/span><\/strong><\/a>. <\/p>\n<p>Les algues offrent ici une solution optimale, car elles sont 100 % v\u00e9g\u00e9tariennes et v\u00e9g\u00e9taliennes.<\/p>\n<ul>\n<li>V\u00e9gan<\/li>\n<li>Sans gluten<\/li>\n<li>Sans lactose<\/li>\n<li>Sans OGM<\/li>\n<li>Fabriqu\u00e9 selon les normes de qualit\u00e9 strictes de l&#8217;UE<\/li>\n<\/ul>\n","protected":false},"excerpt":{"rendered":"<p>Il n&#8217;est pas toujours facile pour les v\u00e9g\u00e9tariens et les v\u00e9g\u00e9taliens de consommer suffisamment d&#8217;acides gras om\u00e9ga-3, car ceux-ci se trouvent principalement dans les poissons (gras). Capsules d&#8217;huile d&#8217;algues om\u00e9ga 3 de Schizochytrium sp. avec 30% de \u2192 DHA (acide docosahexa\u00e9no\u00efque) et 15% de \u2192 EPA (acide eicosapenta\u00e9no\u00efque). Les algues offrent ici une solution optimale, [&hellip;]<\/p>\n","protected":false},"featured_media":52503,"template":"","meta":{"_acf_changed":false},"product_brand":[10217],"product_cat":[337,365],"product_tag":[],"class_list":{"0":"post-23602","1":"product","2":"type-product","3":"status-publish","4":"has-post-thumbnail","6":"product_brand-vit4ever-fr","7":"product_cat-acides-gras","8":"product_cat-produits-de-a-a-z","10":"first","11":"instock","12":"taxable","13":"shipping-taxable","14":"purchasable","15":"product-type-simple"},"acf":[],"_links":{"self":[{"href":"https:\/\/vitalstoffversand.com\/fr\/wp-json\/wp\/v2\/product\/23602","targetHints":{"allow":["GET"]}}],"collection":[{"href":"https:\/\/vitalstoffversand.com\/fr\/wp-json\/wp\/v2\/product"}],"about":[{"href":"https:\/\/vitalstoffversand.com\/fr\/wp-json\/wp\/v2\/types\/product"}],"wp:featuredmedia":[{"embeddable":true,"href":"https:\/\/vitalstoffversand.com\/fr\/wp-json\/wp\/v2\/media\/52503"}],"wp:attachment":[{"href":"https:\/\/vitalstoffversand.com\/fr\/wp-json\/wp\/v2\/media?parent=23602"}],"wp:term":[{"taxonomy":"product_brand","embeddable":true,"href":"https:\/\/vitalstoffversand.com\/fr\/wp-json\/wp\/v2\/product_brand?post=23602"},{"taxonomy":"product_cat","embeddable":true,"href":"https:\/\/vitalstoffversand.com\/fr\/wp-json\/wp\/v2\/product_cat?post=23602"},{"taxonomy":"product_tag","embeddable":true,"href":"https:\/\/vitalstoffversand.com\/fr\/wp-json\/wp\/v2\/product_tag?post=23602"}],"curies":[{"name":"wp","href":"https:\/\/api.w.org\/{rel}","templated":true}]}}