{"id":23601,"date":"2024-11-11T13:47:32","date_gmt":"2024-11-11T12:47:32","guid":{"rendered":"https:\/\/vitalstoffversand.com\/produkt\/vit4ever-glycine-1100-g\/"},"modified":"2026-03-15T16:29:06","modified_gmt":"2026-03-15T15:29:06","slug":"vit4ever-glycine-1100-g","status":"publish","type":"product","link":"https:\/\/vitalstoffversand.com\/fr\/produit\/vit4ever-glycine-1100-g\/","title":{"rendered":"Vit4ever <br>Poudre de glycine &#8211; 1 000 g"},"content":{"rendered":"<p>La glycine est un acide amin\u00e9 prot\u00e9inog\u00e8ne non essentiel et est n\u00e9cessaire \u00e0 l&#8217;organisme pour la formation, entre autres, du glutathion, de la choline, des porphyrines, des purines, de la cr\u00e9atine, du collag\u00e8ne et de l&#8217;h\u00e9moglobine.<\/p>\n<p>De plus, la glycine est l&#8217;acide amin\u00e9 le plus repr\u00e9sent\u00e9 dans le collag\u00e8ne.<\/p>\n<p>La poudre est tr\u00e8s soluble dans l&#8217;eau, poss\u00e8de un go\u00fbt l\u00e9g\u00e8rement sucr\u00e9 et permet de pr\u00e9parer plus de 700 portions \u00e0 raison de 1,5 gramme par jour.<\/p>\n<ul>\n<li>V\u00e9gan<\/li>\n<li>Sans gluten<\/li>\n<li>Sans lactose<\/li>\n<li>Sans OGM<\/li>\n<li>Fabriqu\u00e9 selon les normes de qualit\u00e9 strictes de l&#8217;UE<\/li>\n<\/ul>\n","protected":false},"excerpt":{"rendered":"<p>La glycine est un acide amin\u00e9 prot\u00e9inog\u00e8ne non essentiel et est n\u00e9cessaire \u00e0 l&#8217;organisme pour la formation, entre autres, du glutathion, de la choline, des porphyrines, des purines, de la cr\u00e9atine, du collag\u00e8ne et de l&#8217;h\u00e9moglobine. De plus, la glycine est l&#8217;acide amin\u00e9 le plus repr\u00e9sent\u00e9 dans le collag\u00e8ne. La poudre est tr\u00e8s soluble dans [&hellip;]<\/p>\n","protected":false},"featured_media":52471,"template":"","meta":{"_acf_changed":false},"product_brand":[10217],"product_cat":[332,365],"product_tag":[],"class_list":{"0":"post-23601","1":"product","2":"type-product","3":"status-publish","4":"has-post-thumbnail","6":"product_brand-vit4ever-fr","7":"product_cat-acides-amines","8":"product_cat-produits-de-a-a-z","10":"first","11":"instock","12":"taxable","13":"shipping-taxable","14":"purchasable","15":"product-type-simple"},"acf":[],"_links":{"self":[{"href":"https:\/\/vitalstoffversand.com\/fr\/wp-json\/wp\/v2\/product\/23601","targetHints":{"allow":["GET"]}}],"collection":[{"href":"https:\/\/vitalstoffversand.com\/fr\/wp-json\/wp\/v2\/product"}],"about":[{"href":"https:\/\/vitalstoffversand.com\/fr\/wp-json\/wp\/v2\/types\/product"}],"wp:featuredmedia":[{"embeddable":true,"href":"https:\/\/vitalstoffversand.com\/fr\/wp-json\/wp\/v2\/media\/52471"}],"wp:attachment":[{"href":"https:\/\/vitalstoffversand.com\/fr\/wp-json\/wp\/v2\/media?parent=23601"}],"wp:term":[{"taxonomy":"product_brand","embeddable":true,"href":"https:\/\/vitalstoffversand.com\/fr\/wp-json\/wp\/v2\/product_brand?post=23601"},{"taxonomy":"product_cat","embeddable":true,"href":"https:\/\/vitalstoffversand.com\/fr\/wp-json\/wp\/v2\/product_cat?post=23601"},{"taxonomy":"product_tag","embeddable":true,"href":"https:\/\/vitalstoffversand.com\/fr\/wp-json\/wp\/v2\/product_tag?post=23601"}],"curies":[{"name":"wp","href":"https:\/\/api.w.org\/{rel}","templated":true}]}}