{"id":23600,"date":"2024-11-11T13:39:15","date_gmt":"2024-11-11T12:39:15","guid":{"rendered":"https:\/\/vitalstoffversand.com\/produkt\/vit4ever-huile-dorigan-120-gelules\/"},"modified":"2026-03-15T15:57:24","modified_gmt":"2026-03-15T14:57:24","slug":"vit4ever-huile-dorigan-120-gelules","status":"publish","type":"product","link":"https:\/\/vitalstoffversand.com\/fr\/produit\/vit4ever-huile-dorigan-120-gelules\/","title":{"rendered":"Vit4ever <br>Huile d&#8217;origan &#8211; 120 g\u00e9lules"},"content":{"rendered":"<p>L&#8217;origan est traditionnellement consid\u00e9r\u00e9 comme l&#8217;un des antibiotiques naturels les plus puissants jamais \u00e9tudi\u00e9s.<\/p>\n<p>Il pr\u00e9sente des propri\u00e9t\u00e9s antibact\u00e9riennes, antivirales, fongicides et analg\u00e9siques \u00e9lev\u00e9es et peut \u00eatre utilis\u00e9 pour traiter une grande vari\u00e9t\u00e9 de probl\u00e8mes de sant\u00e9.<\/p>\n<p><span data-huuid=\"3071040906581903221\">Ses principaux principes actifs, le carvacrol et le thymol, peuvent d\u00e9truire les micro-organismes nuisibles et en freiner la croissance.<\/span><\/p>\n<ul>\n<li>Sans gluten<\/li>\n<li>Sans lactose<\/li>\n<li>Sans OGM<\/li>\n<li>Fabriqu\u00e9 selon les normes de qualit\u00e9 strictes de l&#8217;UE<\/li>\n<\/ul>\n","protected":false},"excerpt":{"rendered":"<p>L&#8217;origan est traditionnellement consid\u00e9r\u00e9 comme l&#8217;un des antibiotiques naturels les plus puissants jamais \u00e9tudi\u00e9s. Il pr\u00e9sente des propri\u00e9t\u00e9s antibact\u00e9riennes, antivirales, fongicides et analg\u00e9siques \u00e9lev\u00e9es et peut \u00eatre utilis\u00e9 pour traiter une grande vari\u00e9t\u00e9 de probl\u00e8mes de sant\u00e9. Ses principaux principes actifs, le carvacrol et le thymol, peuvent d\u00e9truire les micro-organismes nuisibles et en freiner la [&hellip;]<\/p>\n","protected":false},"featured_media":61719,"template":"","meta":{"_acf_changed":false},"product_brand":[10217],"product_cat":[348,365],"product_tag":[],"class_list":{"0":"post-23600","1":"product","2":"type-product","3":"status-publish","4":"has-post-thumbnail","6":"product_brand-vit4ever-fr","7":"product_cat-nutriments","8":"product_cat-produits-de-a-a-z","10":"first","11":"instock","12":"taxable","13":"shipping-taxable","14":"purchasable","15":"product-type-simple"},"acf":[],"_links":{"self":[{"href":"https:\/\/vitalstoffversand.com\/fr\/wp-json\/wp\/v2\/product\/23600","targetHints":{"allow":["GET"]}}],"collection":[{"href":"https:\/\/vitalstoffversand.com\/fr\/wp-json\/wp\/v2\/product"}],"about":[{"href":"https:\/\/vitalstoffversand.com\/fr\/wp-json\/wp\/v2\/types\/product"}],"wp:featuredmedia":[{"embeddable":true,"href":"https:\/\/vitalstoffversand.com\/fr\/wp-json\/wp\/v2\/media\/61719"}],"wp:attachment":[{"href":"https:\/\/vitalstoffversand.com\/fr\/wp-json\/wp\/v2\/media?parent=23600"}],"wp:term":[{"taxonomy":"product_brand","embeddable":true,"href":"https:\/\/vitalstoffversand.com\/fr\/wp-json\/wp\/v2\/product_brand?post=23600"},{"taxonomy":"product_cat","embeddable":true,"href":"https:\/\/vitalstoffversand.com\/fr\/wp-json\/wp\/v2\/product_cat?post=23600"},{"taxonomy":"product_tag","embeddable":true,"href":"https:\/\/vitalstoffversand.com\/fr\/wp-json\/wp\/v2\/product_tag?post=23600"}],"curies":[{"name":"wp","href":"https:\/\/api.w.org\/{rel}","templated":true}]}}