{"id":23599,"date":"2024-11-10T16:46:30","date_gmt":"2024-11-10T15:46:30","guid":{"rendered":"https:\/\/vitalstoffversand.com\/produkt\/vit4ever-huile-de-pepins-de-courge-420-gelules\/"},"modified":"2026-03-14T19:19:02","modified_gmt":"2026-03-14T18:19:02","slug":"vit4ever-huile-de-pepins-de-courge-420-gelules","status":"publish","type":"product","link":"https:\/\/vitalstoffversand.com\/fr\/produit\/vit4ever-huile-de-pepins-de-courge-420-gelules\/","title":{"rendered":"Vit4ever <br>Huile de p\u00e9pins de courge &#8211; 420 g\u00e9lules"},"content":{"rendered":"<p>L&#8217;huile de p\u00e9pins de courge est riche en acides gras insatur\u00e9s, en vitamines, en min\u00e9raux et en oligo-\u00e9l\u00e9ments.<\/p>\n<p>Il s&#8217;agit notamment du magn\u00e9sium, du calcium, du potassium, du phosphore, du cuivre, du s\u00e9l\u00e9nium, du zinc, du mangan\u00e8se et des vitamines A, B, C, D, E et K.<\/p>\n<ul>\n<li>Sans gluten<\/li>\n<li>Sans lactose<\/li>\n<li>Sans OGM<\/li>\n<li>Fabriqu\u00e9 selon les normes de qualit\u00e9 strictes de l&#8217;UE<\/li>\n<\/ul>\n","protected":false},"excerpt":{"rendered":"<p>L&#8217;huile de p\u00e9pins de courge est riche en acides gras insatur\u00e9s, en vitamines, en min\u00e9raux et en oligo-\u00e9l\u00e9ments. Il s&#8217;agit notamment du magn\u00e9sium, du calcium, du potassium, du phosphore, du cuivre, du s\u00e9l\u00e9nium, du zinc, du mangan\u00e8se et des vitamines A, B, C, D, E et K. Sans gluten Sans lactose Sans OGM Fabriqu\u00e9 selon [&hellip;]<\/p>\n","protected":false},"featured_media":61679,"template":"","meta":{"_acf_changed":false},"product_brand":[10217],"product_cat":[337,365],"product_tag":[],"class_list":{"0":"post-23599","1":"product","2":"type-product","3":"status-publish","4":"has-post-thumbnail","6":"product_brand-vit4ever-fr","7":"product_cat-acides-gras","8":"product_cat-produits-de-a-a-z","10":"first","11":"instock","12":"taxable","13":"shipping-taxable","14":"purchasable","15":"product-type-simple"},"acf":[],"_links":{"self":[{"href":"https:\/\/vitalstoffversand.com\/fr\/wp-json\/wp\/v2\/product\/23599","targetHints":{"allow":["GET"]}}],"collection":[{"href":"https:\/\/vitalstoffversand.com\/fr\/wp-json\/wp\/v2\/product"}],"about":[{"href":"https:\/\/vitalstoffversand.com\/fr\/wp-json\/wp\/v2\/types\/product"}],"wp:featuredmedia":[{"embeddable":true,"href":"https:\/\/vitalstoffversand.com\/fr\/wp-json\/wp\/v2\/media\/61679"}],"wp:attachment":[{"href":"https:\/\/vitalstoffversand.com\/fr\/wp-json\/wp\/v2\/media?parent=23599"}],"wp:term":[{"taxonomy":"product_brand","embeddable":true,"href":"https:\/\/vitalstoffversand.com\/fr\/wp-json\/wp\/v2\/product_brand?post=23599"},{"taxonomy":"product_cat","embeddable":true,"href":"https:\/\/vitalstoffversand.com\/fr\/wp-json\/wp\/v2\/product_cat?post=23599"},{"taxonomy":"product_tag","embeddable":true,"href":"https:\/\/vitalstoffversand.com\/fr\/wp-json\/wp\/v2\/product_tag?post=23599"}],"curies":[{"name":"wp","href":"https:\/\/api.w.org\/{rel}","templated":true}]}}