{"id":23597,"date":"2024-11-10T16:44:01","date_gmt":"2024-11-10T15:44:01","guid":{"rendered":"https:\/\/vitalstoffversand.com\/produkt\/vit4ever-msm-methylsulfonylmethane-1100-g\/"},"modified":"2026-03-14T19:08:45","modified_gmt":"2026-03-14T18:08:45","slug":"vit4ever-msm-methylsulfonylmethane-1100-g","status":"publish","type":"product","link":"https:\/\/vitalstoffversand.com\/fr\/produit\/vit4ever-msm-methylsulfonylmethane-1100-g\/","title":{"rendered":"Vit4ever <br>MSM (m\u00e9thylsulfonylm\u00e9thane) &#8211; 1 000 g"},"content":{"rendered":"<p>MSM est l&#8217;abr\u00e9viation de m\u00e9thylsulfonylm\u00e9thane et est un compos\u00e9 organique naturel du soufre.<\/p>\n<p>Dans le corps humain, cette substance est indispensable \u00e0 la vie et participe \u00e0 de nombreux processus importants, mais elle est heureusement pr\u00e9sente dans une multitude d&#8217;aliments.<\/p>\n<p>Malheureusement, elle y est souvent tr\u00e8s fortement r\u00e9duite par les traitements ult\u00e9rieurs, comme le chauffage, ce qui peut entra\u00eener une carence.<\/p>\n<ul>\n<li>V\u00e9gan<\/li>\n<li>Sans gluten<\/li>\n<li>Sans lactose<\/li>\n<li>Sans OGM<\/li>\n<li>Fabriqu\u00e9 selon les normes de qualit\u00e9 strictes de l&#8217;UE<\/li>\n<\/ul>\n","protected":false},"excerpt":{"rendered":"<p>MSM est l&#8217;abr\u00e9viation de m\u00e9thylsulfonylm\u00e9thane et est un compos\u00e9 organique naturel du soufre. Dans le corps humain, cette substance est indispensable \u00e0 la vie et participe \u00e0 de nombreux processus importants, mais elle est heureusement pr\u00e9sente dans une multitude d&#8217;aliments. Malheureusement, elle y est souvent tr\u00e8s fortement r\u00e9duite par les traitements ult\u00e9rieurs, comme le chauffage, [&hellip;]<\/p>\n","protected":false},"featured_media":52359,"template":"","meta":{"_acf_changed":false},"product_brand":[10217],"product_cat":[348,365],"product_tag":[],"class_list":{"0":"post-23597","1":"product","2":"type-product","3":"status-publish","4":"has-post-thumbnail","6":"product_brand-vit4ever-fr","7":"product_cat-nutriments","8":"product_cat-produits-de-a-a-z","10":"first","11":"instock","12":"taxable","13":"shipping-taxable","14":"purchasable","15":"product-type-simple"},"acf":[],"_links":{"self":[{"href":"https:\/\/vitalstoffversand.com\/fr\/wp-json\/wp\/v2\/product\/23597","targetHints":{"allow":["GET"]}}],"collection":[{"href":"https:\/\/vitalstoffversand.com\/fr\/wp-json\/wp\/v2\/product"}],"about":[{"href":"https:\/\/vitalstoffversand.com\/fr\/wp-json\/wp\/v2\/types\/product"}],"wp:featuredmedia":[{"embeddable":true,"href":"https:\/\/vitalstoffversand.com\/fr\/wp-json\/wp\/v2\/media\/52359"}],"wp:attachment":[{"href":"https:\/\/vitalstoffversand.com\/fr\/wp-json\/wp\/v2\/media?parent=23597"}],"wp:term":[{"taxonomy":"product_brand","embeddable":true,"href":"https:\/\/vitalstoffversand.com\/fr\/wp-json\/wp\/v2\/product_brand?post=23597"},{"taxonomy":"product_cat","embeddable":true,"href":"https:\/\/vitalstoffversand.com\/fr\/wp-json\/wp\/v2\/product_cat?post=23597"},{"taxonomy":"product_tag","embeddable":true,"href":"https:\/\/vitalstoffversand.com\/fr\/wp-json\/wp\/v2\/product_tag?post=23597"}],"curies":[{"name":"wp","href":"https:\/\/api.w.org\/{rel}","templated":true}]}}