{"id":23596,"date":"2024-11-10T16:42:50","date_gmt":"2024-11-10T15:42:50","guid":{"rendered":"https:\/\/vitalstoffversand.com\/produkt\/vit4ever-extrait-dacerola-300-g\/"},"modified":"2026-03-14T19:05:31","modified_gmt":"2026-03-14T18:05:31","slug":"vit4ever-extrait-dacerola-300-g","status":"publish","type":"product","link":"https:\/\/vitalstoffversand.com\/fr\/produit\/vit4ever-extrait-dacerola-300-g\/","title":{"rendered":"Vit4ever <br>Extrait d&#8217;ac\u00e9rola en poudre (vitamine C) &#8211; 300 g"},"content":{"rendered":"<p>L&#8217;ac\u00e9rola (Malpighia glabra) fait partie du top 3 mondial des fruits ayant la plus forte teneur en <a href=\"https:\/\/vitalstoffversand.com\/knowledge-base\/vitamin-c\/\" target=\"_blank\" rel=\"noopener\"><strong><span style=\"color: #0000ff;\">\u2192 vitamine C<\/span><\/strong><\/a> naturelle.<\/p>\n<p>Outre la vitamine C, le fruit de l&#8217;ac\u00e9rola contient de nombreuses substances v\u00e9g\u00e9tales secondaires, des antioxydants, des vitamines, des min\u00e9raux, des oligo-\u00e9l\u00e9ments et du b\u00eata-carot\u00e8ne, des flavono\u00efdes, de la rutine et des anthocyanes.<\/p>\n<ul>\n<li>V\u00e9gan<\/li>\n<li>Sans gluten<\/li>\n<li>Sans lactose<\/li>\n<li>Sans OGM<\/li>\n<li>Fabriqu\u00e9 selon les normes de qualit\u00e9 strictes de l&#8217;UE<\/li>\n<\/ul>\n","protected":false},"excerpt":{"rendered":"<p>L&#8217;ac\u00e9rola (Malpighia glabra) fait partie du top 3 mondial des fruits ayant la plus forte teneur en \u2192 vitamine C naturelle. Outre la vitamine C, le fruit de l&#8217;ac\u00e9rola contient de nombreuses substances v\u00e9g\u00e9tales secondaires, des antioxydants, des vitamines, des min\u00e9raux, des oligo-\u00e9l\u00e9ments et du b\u00eata-carot\u00e8ne, des flavono\u00efdes, de la rutine et des anthocyanes. V\u00e9gan [&hellip;]<\/p>\n","protected":false},"featured_media":52319,"template":"","meta":{"_acf_changed":false},"product_brand":[10217],"product_cat":[308,365],"product_tag":[],"class_list":{"0":"post-23596","1":"product","2":"type-product","3":"status-publish","4":"has-post-thumbnail","6":"product_brand-vit4ever-fr","7":"product_cat-vitamines","8":"product_cat-produits-de-a-a-z","10":"first","11":"instock","12":"taxable","13":"shipping-taxable","14":"purchasable","15":"product-type-simple"},"acf":[],"_links":{"self":[{"href":"https:\/\/vitalstoffversand.com\/fr\/wp-json\/wp\/v2\/product\/23596","targetHints":{"allow":["GET"]}}],"collection":[{"href":"https:\/\/vitalstoffversand.com\/fr\/wp-json\/wp\/v2\/product"}],"about":[{"href":"https:\/\/vitalstoffversand.com\/fr\/wp-json\/wp\/v2\/types\/product"}],"wp:featuredmedia":[{"embeddable":true,"href":"https:\/\/vitalstoffversand.com\/fr\/wp-json\/wp\/v2\/media\/52319"}],"wp:attachment":[{"href":"https:\/\/vitalstoffversand.com\/fr\/wp-json\/wp\/v2\/media?parent=23596"}],"wp:term":[{"taxonomy":"product_brand","embeddable":true,"href":"https:\/\/vitalstoffversand.com\/fr\/wp-json\/wp\/v2\/product_brand?post=23596"},{"taxonomy":"product_cat","embeddable":true,"href":"https:\/\/vitalstoffversand.com\/fr\/wp-json\/wp\/v2\/product_cat?post=23596"},{"taxonomy":"product_tag","embeddable":true,"href":"https:\/\/vitalstoffversand.com\/fr\/wp-json\/wp\/v2\/product_tag?post=23596"}],"curies":[{"name":"wp","href":"https:\/\/api.w.org\/{rel}","templated":true}]}}