{"id":23595,"date":"2024-11-10T16:41:31","date_gmt":"2024-11-10T15:41:31","guid":{"rendered":"https:\/\/vitalstoffversand.com\/produkt\/vit4ever-ail-noir-180-gelules\/"},"modified":"2026-03-14T19:04:35","modified_gmt":"2026-03-14T18:04:35","slug":"vit4ever-ail-noir-180-gelules","status":"publish","type":"product","link":"https:\/\/vitalstoffversand.com\/fr\/produit\/vit4ever-ail-noir-180-gelules\/","title":{"rendered":"Vit4ever <br>Ail noir &#8211; 180 g\u00e9lules"},"content":{"rendered":"<p>L&#8217;ail noir n&#8217;est rien d&#8217;autre que de l&#8217;ail ferment\u00e9 qui pr\u00e9sente ensuite une consistance tr\u00e8s douce et un ar\u00f4me sucr\u00e9 et qui n&#8217;a plus non plus l&#8217;odeur typique de l&#8217;ail.<\/p>\n<p>Cependant, les propri\u00e9t\u00e9s saines de \u00ab l&#8217;ail normal \u00bb sont \u00e9galement pr\u00e9sentes dans l&#8217;ail noir.<\/p>\n<ul>\n<li>V\u00e9gan<\/li>\n<li>Sans gluten<\/li>\n<li>Sans lactose<\/li>\n<li>Sans OGM<\/li>\n<li>Fabriqu\u00e9 selon les normes de qualit\u00e9 strictes de l&#8217;UE<\/li>\n<\/ul>\n","protected":false},"excerpt":{"rendered":"<p>L&#8217;ail noir n&#8217;est rien d&#8217;autre que de l&#8217;ail ferment\u00e9 qui pr\u00e9sente ensuite une consistance tr\u00e8s douce et un ar\u00f4me sucr\u00e9 et qui n&#8217;a plus non plus l&#8217;odeur typique de l&#8217;ail. Cependant, les propri\u00e9t\u00e9s saines de \u00ab l&#8217;ail normal \u00bb sont \u00e9galement pr\u00e9sentes dans l&#8217;ail noir. V\u00e9gan Sans gluten Sans lactose Sans OGM Fabriqu\u00e9 selon les [&hellip;]<\/p>\n","protected":false},"featured_media":52278,"template":"","meta":{"_acf_changed":false},"product_brand":[10217],"product_cat":[348,365],"product_tag":[],"class_list":{"0":"post-23595","1":"product","2":"type-product","3":"status-publish","4":"has-post-thumbnail","6":"product_brand-vit4ever-fr","7":"product_cat-nutriments","8":"product_cat-produits-de-a-a-z","10":"first","11":"instock","12":"taxable","13":"shipping-taxable","14":"purchasable","15":"product-type-simple"},"acf":[],"_links":{"self":[{"href":"https:\/\/vitalstoffversand.com\/fr\/wp-json\/wp\/v2\/product\/23595","targetHints":{"allow":["GET"]}}],"collection":[{"href":"https:\/\/vitalstoffversand.com\/fr\/wp-json\/wp\/v2\/product"}],"about":[{"href":"https:\/\/vitalstoffversand.com\/fr\/wp-json\/wp\/v2\/types\/product"}],"wp:featuredmedia":[{"embeddable":true,"href":"https:\/\/vitalstoffversand.com\/fr\/wp-json\/wp\/v2\/media\/52278"}],"wp:attachment":[{"href":"https:\/\/vitalstoffversand.com\/fr\/wp-json\/wp\/v2\/media?parent=23595"}],"wp:term":[{"taxonomy":"product_brand","embeddable":true,"href":"https:\/\/vitalstoffversand.com\/fr\/wp-json\/wp\/v2\/product_brand?post=23595"},{"taxonomy":"product_cat","embeddable":true,"href":"https:\/\/vitalstoffversand.com\/fr\/wp-json\/wp\/v2\/product_cat?post=23595"},{"taxonomy":"product_tag","embeddable":true,"href":"https:\/\/vitalstoffversand.com\/fr\/wp-json\/wp\/v2\/product_tag?post=23595"}],"curies":[{"name":"wp","href":"https:\/\/api.w.org\/{rel}","templated":true}]}}