{"id":23594,"date":"2024-11-10T16:34:57","date_gmt":"2024-11-10T15:34:57","guid":{"rendered":"https:\/\/vitalstoffversand.com\/produkt\/vit4ever-d-mannose-250-g\/"},"modified":"2026-03-14T18:59:47","modified_gmt":"2026-03-14T17:59:47","slug":"vit4ever-d-mannose-250-g","status":"publish","type":"product","link":"https:\/\/vitalstoffversand.com\/fr\/produit\/vit4ever-d-mannose-250-g\/","title":{"rendered":"Vit4ever <br>Poudre de D-mannose &#8211; 250 g"},"content":{"rendered":"<p>Le D-mannose est un \u00e9l\u00e9ment constitutif des polysaccharides v\u00e9g\u00e9taux qui a le potentiel de se lier aux bact\u00e9ries.<\/p>\n<p>En cas de cystite bact\u00e9rienne notamment, le D-mannose est volontiers utilis\u00e9 en m\u00e9decine populaire comme alternative aux antibiotiques.<\/p>\n<ul>\n<li>V\u00e9gan<\/li>\n<li>Sans gluten<\/li>\n<li>Sans lactose<\/li>\n<li>Sans OGM<\/li>\n<li>Fabriqu\u00e9 selon les normes de qualit\u00e9 strictes de l&#8217;UE<\/li>\n<\/ul>\n","protected":false},"excerpt":{"rendered":"<p>Le D-mannose est un \u00e9l\u00e9ment constitutif des polysaccharides v\u00e9g\u00e9taux qui a le potentiel de se lier aux bact\u00e9ries. En cas de cystite bact\u00e9rienne notamment, le D-mannose est volontiers utilis\u00e9 en m\u00e9decine populaire comme alternative aux antibiotiques. V\u00e9gan Sans gluten Sans lactose Sans OGM Fabriqu\u00e9 selon les normes de qualit\u00e9 strictes de l&#8217;UE<\/p>\n","protected":false},"featured_media":52238,"template":"","meta":{"_acf_changed":false},"product_brand":[10217],"product_cat":[348,365],"product_tag":[],"class_list":{"0":"post-23594","1":"product","2":"type-product","3":"status-publish","4":"has-post-thumbnail","6":"product_brand-vit4ever-fr","7":"product_cat-nutriments","8":"product_cat-produits-de-a-a-z","10":"first","11":"instock","12":"taxable","13":"shipping-taxable","14":"purchasable","15":"product-type-simple"},"acf":[],"_links":{"self":[{"href":"https:\/\/vitalstoffversand.com\/fr\/wp-json\/wp\/v2\/product\/23594","targetHints":{"allow":["GET"]}}],"collection":[{"href":"https:\/\/vitalstoffversand.com\/fr\/wp-json\/wp\/v2\/product"}],"about":[{"href":"https:\/\/vitalstoffversand.com\/fr\/wp-json\/wp\/v2\/types\/product"}],"wp:featuredmedia":[{"embeddable":true,"href":"https:\/\/vitalstoffversand.com\/fr\/wp-json\/wp\/v2\/media\/52238"}],"wp:attachment":[{"href":"https:\/\/vitalstoffversand.com\/fr\/wp-json\/wp\/v2\/media?parent=23594"}],"wp:term":[{"taxonomy":"product_brand","embeddable":true,"href":"https:\/\/vitalstoffversand.com\/fr\/wp-json\/wp\/v2\/product_brand?post=23594"},{"taxonomy":"product_cat","embeddable":true,"href":"https:\/\/vitalstoffversand.com\/fr\/wp-json\/wp\/v2\/product_cat?post=23594"},{"taxonomy":"product_tag","embeddable":true,"href":"https:\/\/vitalstoffversand.com\/fr\/wp-json\/wp\/v2\/product_tag?post=23594"}],"curies":[{"name":"wp","href":"https:\/\/api.w.org\/{rel}","templated":true}]}}