{"id":23593,"date":"2024-11-10T16:33:43","date_gmt":"2024-11-10T15:33:43","guid":{"rendered":"https:\/\/vitalstoffversand.com\/produkt\/vit4ever-bromelaine-intenso-120-dr-caps-capsules\/"},"modified":"2026-03-14T18:58:53","modified_gmt":"2026-03-14T17:58:53","slug":"vit4ever-bromelaine-intenso-120-dr-caps-capsules","status":"publish","type":"product","link":"https:\/\/vitalstoffversand.com\/fr\/produit\/vit4ever-bromelaine-intenso-120-dr-caps-capsules\/","title":{"rendered":"Vit4ever <br>Brom\u00e9la\u00efne Intenso 2000 F.I.P &#8211; 120 g\u00e9lules"},"content":{"rendered":"<p>Brom\u00e9la\u00efne Intenso avec 2000 F.I.P (F\u00e9d\u00e9ration Internationale Pharmaceutique = unit\u00e9 de mesure de l&#8217;activit\u00e9 enzymatique).<\/p>\n<p>Il est extrait de la plante d&#8217;ananas et se compose de deux enzymes. Il sert entre autres de m\u00e9dicament \u00e0 base de plantes contre les gonflements apr\u00e8s une blessure ou une op\u00e9ration.<\/p>\n<p>Elle pr\u00e9sente en outre des propri\u00e9t\u00e9s anti-inflammatoires et digestives.<\/p>\n<p>Les g\u00e9lules sont gastro-r\u00e9sistantes afin que le principe actif ne soit lib\u00e9r\u00e9 qu&#8217;\u00e0 l&#8217;endroit o\u00f9 il peut \u00eatre absorb\u00e9.<\/p>\n<ul>\n<li>V\u00e9gan<\/li>\n<li>Sans gluten<\/li>\n<li>Sans lactose<\/li>\n<li>Sans OGM<\/li>\n<li>Fabriqu\u00e9 selon les normes de qualit\u00e9 strictes de l&#8217;UE<\/li>\n<\/ul>\n","protected":false},"excerpt":{"rendered":"<p>Brom\u00e9la\u00efne Intenso avec 2000 F.I.P (F\u00e9d\u00e9ration Internationale Pharmaceutique = unit\u00e9 de mesure de l&#8217;activit\u00e9 enzymatique). Il est extrait de la plante d&#8217;ananas et se compose de deux enzymes. Il sert entre autres de m\u00e9dicament \u00e0 base de plantes contre les gonflements apr\u00e8s une blessure ou une op\u00e9ration. Elle pr\u00e9sente en outre des propri\u00e9t\u00e9s anti-inflammatoires et [&hellip;]<\/p>\n","protected":false},"featured_media":52198,"template":"","meta":{"_acf_changed":false},"product_brand":[10217],"product_cat":[348,365],"product_tag":[],"class_list":{"0":"post-23593","1":"product","2":"type-product","3":"status-publish","4":"has-post-thumbnail","6":"product_brand-vit4ever-fr","7":"product_cat-nutriments","8":"product_cat-produits-de-a-a-z","10":"first","11":"instock","12":"taxable","13":"shipping-taxable","14":"purchasable","15":"product-type-simple"},"acf":[],"_links":{"self":[{"href":"https:\/\/vitalstoffversand.com\/fr\/wp-json\/wp\/v2\/product\/23593","targetHints":{"allow":["GET"]}}],"collection":[{"href":"https:\/\/vitalstoffversand.com\/fr\/wp-json\/wp\/v2\/product"}],"about":[{"href":"https:\/\/vitalstoffversand.com\/fr\/wp-json\/wp\/v2\/types\/product"}],"wp:featuredmedia":[{"embeddable":true,"href":"https:\/\/vitalstoffversand.com\/fr\/wp-json\/wp\/v2\/media\/52198"}],"wp:attachment":[{"href":"https:\/\/vitalstoffversand.com\/fr\/wp-json\/wp\/v2\/media?parent=23593"}],"wp:term":[{"taxonomy":"product_brand","embeddable":true,"href":"https:\/\/vitalstoffversand.com\/fr\/wp-json\/wp\/v2\/product_brand?post=23593"},{"taxonomy":"product_cat","embeddable":true,"href":"https:\/\/vitalstoffversand.com\/fr\/wp-json\/wp\/v2\/product_cat?post=23593"},{"taxonomy":"product_tag","embeddable":true,"href":"https:\/\/vitalstoffversand.com\/fr\/wp-json\/wp\/v2\/product_tag?post=23593"}],"curies":[{"name":"wp","href":"https:\/\/api.w.org\/{rel}","templated":true}]}}