{"id":23591,"date":"2024-11-10T16:29:56","date_gmt":"2024-11-10T15:29:56","guid":{"rendered":"https:\/\/vitalstoffversand.com\/produkt\/vit4ever-quercetine-120-gelules\/"},"modified":"2026-03-14T18:53:47","modified_gmt":"2026-03-14T17:53:47","slug":"vit4ever-quercetine-120-gelules","status":"publish","type":"product","link":"https:\/\/vitalstoffversand.com\/fr\/produit\/vit4ever-quercetine-120-gelules\/","title":{"rendered":"Vit4ever <br>Querc\u00e9tine &#8211; 120 g\u00e9lules"},"content":{"rendered":"<p>La querc\u00e9tine fait partie des substances v\u00e9g\u00e9tales secondaires et prot\u00e8ge les plantes contre les rayons UV, les virus, les champignons et les bact\u00e9ries.<\/p>\n<p>Il pr\u00e9sente en outre des propri\u00e9t\u00e9s similaires \u00e0 celles des proanthocyanidines oligom\u00e8res (OPC).<\/p>\n<ul>\n<li>V\u00e9gan<\/li>\n<li>Sans gluten<\/li>\n<li>Sans lactose<\/li>\n<li>Sans OGM<\/li>\n<li>Fabriqu\u00e9 selon les normes de qualit\u00e9 strictes de l&#8217;UE<\/li>\n<\/ul>\n","protected":false},"excerpt":{"rendered":"<p>La querc\u00e9tine fait partie des substances v\u00e9g\u00e9tales secondaires et prot\u00e8ge les plantes contre les rayons UV, les virus, les champignons et les bact\u00e9ries. Il pr\u00e9sente en outre des propri\u00e9t\u00e9s similaires \u00e0 celles des proanthocyanidines oligom\u00e8res (OPC). V\u00e9gan Sans gluten Sans lactose Sans OGM Fabriqu\u00e9 selon les normes de qualit\u00e9 strictes de l&#8217;UE<\/p>\n","protected":false},"featured_media":61656,"template":"","meta":{"_acf_changed":false},"product_brand":[10217],"product_cat":[348,365],"product_tag":[],"class_list":{"0":"post-23591","1":"product","2":"type-product","3":"status-publish","4":"has-post-thumbnail","6":"product_brand-vit4ever-fr","7":"product_cat-nutriments","8":"product_cat-produits-de-a-a-z","10":"first","11":"instock","12":"taxable","13":"shipping-taxable","14":"purchasable","15":"product-type-simple"},"acf":[],"_links":{"self":[{"href":"https:\/\/vitalstoffversand.com\/fr\/wp-json\/wp\/v2\/product\/23591","targetHints":{"allow":["GET"]}}],"collection":[{"href":"https:\/\/vitalstoffversand.com\/fr\/wp-json\/wp\/v2\/product"}],"about":[{"href":"https:\/\/vitalstoffversand.com\/fr\/wp-json\/wp\/v2\/types\/product"}],"wp:featuredmedia":[{"embeddable":true,"href":"https:\/\/vitalstoffversand.com\/fr\/wp-json\/wp\/v2\/media\/61656"}],"wp:attachment":[{"href":"https:\/\/vitalstoffversand.com\/fr\/wp-json\/wp\/v2\/media?parent=23591"}],"wp:term":[{"taxonomy":"product_brand","embeddable":true,"href":"https:\/\/vitalstoffversand.com\/fr\/wp-json\/wp\/v2\/product_brand?post=23591"},{"taxonomy":"product_cat","embeddable":true,"href":"https:\/\/vitalstoffversand.com\/fr\/wp-json\/wp\/v2\/product_cat?post=23591"},{"taxonomy":"product_tag","embeddable":true,"href":"https:\/\/vitalstoffversand.com\/fr\/wp-json\/wp\/v2\/product_tag?post=23591"}],"curies":[{"name":"wp","href":"https:\/\/api.w.org\/{rel}","templated":true}]}}