{"id":23590,"date":"2024-11-10T16:28:44","date_gmt":"2024-11-10T15:28:44","guid":{"rendered":"https:\/\/vitalstoffversand.com\/produkt\/vit4ever-huile-de-cumin-noir-420-gelules\/"},"modified":"2026-03-14T18:51:25","modified_gmt":"2026-03-14T17:51:25","slug":"vit4ever-huile-de-cumin-noir-420-gelules","status":"publish","type":"product","link":"https:\/\/vitalstoffversand.com\/fr\/produit\/vit4ever-huile-de-cumin-noir-420-gelules\/","title":{"rendered":"Vit4ever <br>Huile de cumin noir &#8211; 420 g\u00e9lules"},"content":{"rendered":"<p>Le cumin noir (Nigella sativa) contient une forte proportion d&#8217;acides gras insatur\u00e9s et de nombreux min\u00e9raux, vitamines, acides amin\u00e9s et huiles essentielles.<\/p>\n<p>De plus, chaque g\u00e9lule contient 5 mg de <a href=\"https:\/\/vitalstoffversand.com\/knowledge-base\/vitamin-e\/\" target=\"_blank\" rel=\"noopener\"><strong><span style=\"color: #0000ff;\">\u2192 vitamine E<\/span><\/strong><\/a> naturelle, qui non seulement prot\u00e8ge l&#8217;huile de cumin noir, mais est \u00e9galement un puissant antioxydant dans le corps.<\/p>\n<ul>\n<li>Sans gluten<\/li>\n<li>Sans lactose<\/li>\n<li>Sans OGM<\/li>\n<li>Fabriqu\u00e9 selon les normes de qualit\u00e9 strictes de l&#8217;UE<\/li>\n<\/ul>\n","protected":false},"excerpt":{"rendered":"<p>Le cumin noir (Nigella sativa) contient une forte proportion d&#8217;acides gras insatur\u00e9s et de nombreux min\u00e9raux, vitamines, acides amin\u00e9s et huiles essentielles. De plus, chaque g\u00e9lule contient 5 mg de \u2192 vitamine E naturelle, qui non seulement prot\u00e8ge l&#8217;huile de cumin noir, mais est \u00e9galement un puissant antioxydant dans le corps. Sans gluten Sans lactose [&hellip;]<\/p>\n","protected":false},"featured_media":52086,"template":"","meta":{"_acf_changed":false},"product_brand":[10217],"product_cat":[337,365],"product_tag":[],"class_list":{"0":"post-23590","1":"product","2":"type-product","3":"status-publish","4":"has-post-thumbnail","6":"product_brand-vit4ever-fr","7":"product_cat-acides-gras","8":"product_cat-produits-de-a-a-z","10":"first","11":"instock","12":"taxable","13":"shipping-taxable","14":"purchasable","15":"product-type-simple"},"acf":[],"_links":{"self":[{"href":"https:\/\/vitalstoffversand.com\/fr\/wp-json\/wp\/v2\/product\/23590","targetHints":{"allow":["GET"]}}],"collection":[{"href":"https:\/\/vitalstoffversand.com\/fr\/wp-json\/wp\/v2\/product"}],"about":[{"href":"https:\/\/vitalstoffversand.com\/fr\/wp-json\/wp\/v2\/types\/product"}],"wp:featuredmedia":[{"embeddable":true,"href":"https:\/\/vitalstoffversand.com\/fr\/wp-json\/wp\/v2\/media\/52086"}],"wp:attachment":[{"href":"https:\/\/vitalstoffversand.com\/fr\/wp-json\/wp\/v2\/media?parent=23590"}],"wp:term":[{"taxonomy":"product_brand","embeddable":true,"href":"https:\/\/vitalstoffversand.com\/fr\/wp-json\/wp\/v2\/product_brand?post=23590"},{"taxonomy":"product_cat","embeddable":true,"href":"https:\/\/vitalstoffversand.com\/fr\/wp-json\/wp\/v2\/product_cat?post=23590"},{"taxonomy":"product_tag","embeddable":true,"href":"https:\/\/vitalstoffversand.com\/fr\/wp-json\/wp\/v2\/product_tag?post=23590"}],"curies":[{"name":"wp","href":"https:\/\/api.w.org\/{rel}","templated":true}]}}