{"id":23585,"date":"2024-11-10T16:14:48","date_gmt":"2024-11-10T15:14:48","guid":{"rendered":"https:\/\/vitalstoffversand.com\/produkt\/vit4ever-extrait-dacerola-avec-25-de-vitamine-c-quantites-differentes\/"},"modified":"2026-03-16T11:44:13","modified_gmt":"2026-03-16T10:44:13","slug":"vit4ever-extrait-dacerola-avec-25-de-vitamine-c-quantites-differentes","status":"publish","type":"product","link":"https:\/\/vitalstoffversand.com\/fr\/produit\/vit4ever-extrait-dacerola-avec-25-de-vitamine-c-quantites-differentes\/","title":{"rendered":"Vit4ever <br>Vitamine C naturelle &#8211; Extrait d&#8217;ac\u00e9rola &#8211; 365 g\u00e9lules"},"content":{"rendered":"<p>La <a href=\"https:\/\/vitalstoffversand.com\/knowledge-base\/vitamin-c\/\" target=\"_blank\" rel=\"noopener\"><span style=\"color: #0000ff;\"><strong>\u2192 vitamine C<\/strong><\/span><\/a> naturelle contribue \u00e0 une multitude de fonctions dans notre corps.<\/p>\n<p>En tant que poudre de fruit d&#8217;ac\u00e9rola, elle offre en m\u00eame temps une biodisponibilit\u00e9 tr\u00e8s \u00e9lev\u00e9e.<\/p>\n<ul>\n<li>V\u00e9gan<\/li>\n<li>Sans gluten<\/li>\n<li>Sans lactose<\/li>\n<li>Sans OGM<\/li>\n<li>Fabriqu\u00e9 selon les normes de qualit\u00e9 strictes de l&#8217;UE<\/li>\n<\/ul>\n","protected":false},"excerpt":{"rendered":"<p>La \u2192 vitamine C naturelle contribue \u00e0 une multitude de fonctions dans notre corps. En tant que poudre de fruit d&#8217;ac\u00e9rola, elle offre en m\u00eame temps une biodisponibilit\u00e9 tr\u00e8s \u00e9lev\u00e9e. V\u00e9gan Sans gluten Sans lactose Sans OGM Fabriqu\u00e9 selon les normes de qualit\u00e9 strictes de l&#8217;UE<\/p>\n","protected":false},"featured_media":54615,"template":"","meta":{"_acf_changed":false},"product_brand":[10217],"product_cat":[308,365],"product_tag":[],"class_list":{"0":"post-23585","1":"product","2":"type-product","3":"status-publish","4":"has-post-thumbnail","6":"product_brand-vit4ever-fr","7":"product_cat-vitamines","8":"product_cat-produits-de-a-a-z","10":"first","11":"instock","12":"taxable","13":"shipping-taxable","14":"purchasable","15":"product-type-simple"},"acf":[],"_links":{"self":[{"href":"https:\/\/vitalstoffversand.com\/fr\/wp-json\/wp\/v2\/product\/23585","targetHints":{"allow":["GET"]}}],"collection":[{"href":"https:\/\/vitalstoffversand.com\/fr\/wp-json\/wp\/v2\/product"}],"about":[{"href":"https:\/\/vitalstoffversand.com\/fr\/wp-json\/wp\/v2\/types\/product"}],"wp:featuredmedia":[{"embeddable":true,"href":"https:\/\/vitalstoffversand.com\/fr\/wp-json\/wp\/v2\/media\/54615"}],"wp:attachment":[{"href":"https:\/\/vitalstoffversand.com\/fr\/wp-json\/wp\/v2\/media?parent=23585"}],"wp:term":[{"taxonomy":"product_brand","embeddable":true,"href":"https:\/\/vitalstoffversand.com\/fr\/wp-json\/wp\/v2\/product_brand?post=23585"},{"taxonomy":"product_cat","embeddable":true,"href":"https:\/\/vitalstoffversand.com\/fr\/wp-json\/wp\/v2\/product_cat?post=23585"},{"taxonomy":"product_tag","embeddable":true,"href":"https:\/\/vitalstoffversand.com\/fr\/wp-json\/wp\/v2\/product_tag?post=23585"}],"curies":[{"name":"wp","href":"https:\/\/api.w.org\/{rel}","templated":true}]}}