{"id":23575,"date":"2024-11-10T15:52:55","date_gmt":"2024-11-10T14:52:55","guid":{"rendered":"https:\/\/vitalstoffversand.com\/produkt\/vit4ever-extrait-de-cissus-quadrangularis-180-gelules\/"},"modified":"2026-03-14T18:37:56","modified_gmt":"2026-03-14T17:37:56","slug":"vit4ever-extrait-de-cissus-quadrangularis-180-gelules","status":"publish","type":"product","link":"https:\/\/vitalstoffversand.com\/fr\/produit\/vit4ever-extrait-de-cissus-quadrangularis-180-gelules\/","title":{"rendered":"Vit4ever <br>Extrait de Cissus Quadrangularis &#8211; 180 g\u00e9lules"},"content":{"rendered":"<p>Cissus Quadrangularis est utilis\u00e9 dans la m\u00e9decine traditionnelle ayurv\u00e9dique pour pr\u00e9venir les fractures osseuses.<\/p>\n<p>Malgr\u00e9 sa popularit\u00e9 croissante aupr\u00e8s des personnes \u00e2g\u00e9es et des sportifs, il n&#8217;existe actuellement aucune preuve m\u00e9dicale de l&#8217;efficacit\u00e9 de cette plante.<\/p>\n<ul>\n<li>V\u00e9gan<\/li>\n<li>Sans gluten<\/li>\n<li>Sans lactose<\/li>\n<li>Sans OGM<\/li>\n<li>Fabriqu\u00e9 selon les normes de qualit\u00e9 strictes de l&#8217;UE<\/li>\n<\/ul>\n","protected":false},"excerpt":{"rendered":"<p>Cissus Quadrangularis est utilis\u00e9 dans la m\u00e9decine traditionnelle ayurv\u00e9dique pour pr\u00e9venir les fractures osseuses. Malgr\u00e9 sa popularit\u00e9 croissante aupr\u00e8s des personnes \u00e2g\u00e9es et des sportifs, il n&#8217;existe actuellement aucune preuve m\u00e9dicale de l&#8217;efficacit\u00e9 de cette plante. V\u00e9gan Sans gluten Sans lactose Sans OGM Fabriqu\u00e9 selon les normes de qualit\u00e9 strictes de l&#8217;UE<\/p>\n","protected":false},"featured_media":51910,"template":"","meta":{"_acf_changed":false},"product_brand":[10217],"product_cat":[348,365],"product_tag":[],"class_list":{"0":"post-23575","1":"product","2":"type-product","3":"status-publish","4":"has-post-thumbnail","6":"product_brand-vit4ever-fr","7":"product_cat-nutriments","8":"product_cat-produits-de-a-a-z","10":"first","11":"outofstock","12":"taxable","13":"shipping-taxable","14":"purchasable","15":"product-type-simple"},"acf":[],"_links":{"self":[{"href":"https:\/\/vitalstoffversand.com\/fr\/wp-json\/wp\/v2\/product\/23575","targetHints":{"allow":["GET"]}}],"collection":[{"href":"https:\/\/vitalstoffversand.com\/fr\/wp-json\/wp\/v2\/product"}],"about":[{"href":"https:\/\/vitalstoffversand.com\/fr\/wp-json\/wp\/v2\/types\/product"}],"wp:featuredmedia":[{"embeddable":true,"href":"https:\/\/vitalstoffversand.com\/fr\/wp-json\/wp\/v2\/media\/51910"}],"wp:attachment":[{"href":"https:\/\/vitalstoffversand.com\/fr\/wp-json\/wp\/v2\/media?parent=23575"}],"wp:term":[{"taxonomy":"product_brand","embeddable":true,"href":"https:\/\/vitalstoffversand.com\/fr\/wp-json\/wp\/v2\/product_brand?post=23575"},{"taxonomy":"product_cat","embeddable":true,"href":"https:\/\/vitalstoffversand.com\/fr\/wp-json\/wp\/v2\/product_cat?post=23575"},{"taxonomy":"product_tag","embeddable":true,"href":"https:\/\/vitalstoffversand.com\/fr\/wp-json\/wp\/v2\/product_tag?post=23575"}],"curies":[{"name":"wp","href":"https:\/\/api.w.org\/{rel}","templated":true}]}}