{"id":23574,"date":"2024-11-10T15:48:44","date_gmt":"2024-11-10T14:48:44","guid":{"rendered":"https:\/\/vitalstoffversand.com\/produkt\/vit4ever-extrait-de-varech-bio-iode-naturel-365-comprimes\/"},"modified":"2026-03-14T18:24:29","modified_gmt":"2026-03-14T17:24:29","slug":"vit4ever-extrait-de-varech-bio-iode-naturel-365-comprimes","status":"publish","type":"product","link":"https:\/\/vitalstoffversand.com\/fr\/produit\/vit4ever-extrait-de-varech-bio-iode-naturel-365-comprimes\/","title":{"rendered":"Vit4ever <br>Extrait de varech bio (iode naturel) &#8211; 365 comprim\u00e9s"},"content":{"rendered":"<p>Bio Kelp est une algue brune qui poss\u00e8de une teneur particuli\u00e8rement \u00e9lev\u00e9e en <a href=\"https:\/\/vitalstoffversand.com\/knowledge-base\/jod\/\" target=\"_blank\" rel=\"noopener\"><span style=\"color: #0000ff;\"><strong>\u2192 iode<\/strong><\/span><\/a> naturel, qui est en m\u00eame temps hautement biodisponible.<\/p>\n<ul>\n<li>V\u00e9gan<\/li>\n<li>Sans gluten<\/li>\n<li>Sans lactose<\/li>\n<li>Sans OGM<\/li>\n<li>Fabriqu\u00e9 selon les normes de qualit\u00e9 strictes de l&#8217;UE<\/li>\n<\/ul>\n","protected":false},"excerpt":{"rendered":"<p>Bio Kelp est une algue brune qui poss\u00e8de une teneur particuli\u00e8rement \u00e9lev\u00e9e en \u2192 iode naturel, qui est en m\u00eame temps hautement biodisponible. V\u00e9gan Sans gluten Sans lactose Sans OGM Fabriqu\u00e9 selon les normes de qualit\u00e9 strictes de l&#8217;UE<\/p>\n","protected":false},"featured_media":51870,"template":"","meta":{"_acf_changed":false},"product_brand":[10217],"product_cat":[340,306,365],"product_tag":[],"class_list":{"0":"post-23574","1":"product","2":"type-product","3":"status-publish","4":"has-post-thumbnail","6":"product_brand-vit4ever-fr","7":"product_cat-mineraux-oligo-elements","8":"product_cat-bio-fr","9":"product_cat-produits-de-a-a-z","11":"first","12":"instock","13":"taxable","14":"shipping-taxable","15":"purchasable","16":"product-type-simple"},"acf":[],"_links":{"self":[{"href":"https:\/\/vitalstoffversand.com\/fr\/wp-json\/wp\/v2\/product\/23574","targetHints":{"allow":["GET"]}}],"collection":[{"href":"https:\/\/vitalstoffversand.com\/fr\/wp-json\/wp\/v2\/product"}],"about":[{"href":"https:\/\/vitalstoffversand.com\/fr\/wp-json\/wp\/v2\/types\/product"}],"wp:featuredmedia":[{"embeddable":true,"href":"https:\/\/vitalstoffversand.com\/fr\/wp-json\/wp\/v2\/media\/51870"}],"wp:attachment":[{"href":"https:\/\/vitalstoffversand.com\/fr\/wp-json\/wp\/v2\/media?parent=23574"}],"wp:term":[{"taxonomy":"product_brand","embeddable":true,"href":"https:\/\/vitalstoffversand.com\/fr\/wp-json\/wp\/v2\/product_brand?post=23574"},{"taxonomy":"product_cat","embeddable":true,"href":"https:\/\/vitalstoffversand.com\/fr\/wp-json\/wp\/v2\/product_cat?post=23574"},{"taxonomy":"product_tag","embeddable":true,"href":"https:\/\/vitalstoffversand.com\/fr\/wp-json\/wp\/v2\/product_tag?post=23574"}],"curies":[{"name":"wp","href":"https:\/\/api.w.org\/{rel}","templated":true}]}}