{"id":23573,"date":"2024-11-10T15:47:44","date_gmt":"2024-11-10T14:47:44","guid":{"rendered":"https:\/\/vitalstoffversand.com\/produkt\/vit4ever-d-mannose-180-gelules\/"},"modified":"2026-03-14T18:11:59","modified_gmt":"2026-03-14T17:11:59","slug":"vit4ever-d-mannose-180-gelules","status":"publish","type":"product","link":"https:\/\/vitalstoffversand.com\/fr\/produit\/vit4ever-d-mannose-180-gelules\/","title":{"rendered":"Vit4ever <br>D-Mannose &#8211; 180 g\u00e9lules"},"content":{"rendered":"<p>Le mannose est un sucre simple d&#8217;origine naturelle, \u00e9troitement apparent\u00e9 au glucose et produit en petites quantit\u00e9s par l&#8217;organisme lui-m\u00eame.<\/p>\n<p>En raison de son potentiel \u00e0 reconna\u00eetre les bact\u00e9ries et \u00e0 se lier \u00e0 elles, de nombreuses personnes l&#8217;utilisent par exemple en cas de cystite d&#8217;origine bact\u00e9rienne ou encore d&#8217;Escherichia coli (E.-coli).<\/p>\n<ul>\n<li>V\u00e9gan<\/li>\n<li>Sans gluten<\/li>\n<li>Sans lactose<\/li>\n<li>Sans OGM<\/li>\n<li>Fabriqu\u00e9 selon les normes de qualit\u00e9 strictes de l&#8217;UE<\/li>\n<\/ul>\n","protected":false},"excerpt":{"rendered":"<p>Le mannose est un sucre simple d&#8217;origine naturelle, \u00e9troitement apparent\u00e9 au glucose et produit en petites quantit\u00e9s par l&#8217;organisme lui-m\u00eame. En raison de son potentiel \u00e0 reconna\u00eetre les bact\u00e9ries et \u00e0 se lier \u00e0 elles, de nombreuses personnes l&#8217;utilisent par exemple en cas de cystite d&#8217;origine bact\u00e9rienne ou encore d&#8217;Escherichia coli (E.-coli). V\u00e9gan Sans gluten [&hellip;]<\/p>\n","protected":false},"featured_media":51750,"template":"","meta":{"_acf_changed":false},"product_brand":[10217],"product_cat":[348,365],"product_tag":[],"class_list":{"0":"post-23573","1":"product","2":"type-product","3":"status-publish","4":"has-post-thumbnail","6":"product_brand-vit4ever-fr","7":"product_cat-nutriments","8":"product_cat-produits-de-a-a-z","10":"first","11":"outofstock","12":"taxable","13":"shipping-taxable","14":"purchasable","15":"product-type-simple"},"acf":[],"_links":{"self":[{"href":"https:\/\/vitalstoffversand.com\/fr\/wp-json\/wp\/v2\/product\/23573","targetHints":{"allow":["GET"]}}],"collection":[{"href":"https:\/\/vitalstoffversand.com\/fr\/wp-json\/wp\/v2\/product"}],"about":[{"href":"https:\/\/vitalstoffversand.com\/fr\/wp-json\/wp\/v2\/types\/product"}],"wp:featuredmedia":[{"embeddable":true,"href":"https:\/\/vitalstoffversand.com\/fr\/wp-json\/wp\/v2\/media\/51750"}],"wp:attachment":[{"href":"https:\/\/vitalstoffversand.com\/fr\/wp-json\/wp\/v2\/media?parent=23573"}],"wp:term":[{"taxonomy":"product_brand","embeddable":true,"href":"https:\/\/vitalstoffversand.com\/fr\/wp-json\/wp\/v2\/product_brand?post=23573"},{"taxonomy":"product_cat","embeddable":true,"href":"https:\/\/vitalstoffversand.com\/fr\/wp-json\/wp\/v2\/product_cat?post=23573"},{"taxonomy":"product_tag","embeddable":true,"href":"https:\/\/vitalstoffversand.com\/fr\/wp-json\/wp\/v2\/product_tag?post=23573"}],"curies":[{"name":"wp","href":"https:\/\/api.w.org\/{rel}","templated":true}]}}