{"id":23572,"date":"2024-11-10T15:23:34","date_gmt":"2024-11-10T14:23:34","guid":{"rendered":"https:\/\/vitalstoffversand.com\/produkt\/vit4ever-extrait-dashwagandha-intenso-180-gelules\/"},"modified":"2026-03-14T18:11:54","modified_gmt":"2026-03-14T17:11:54","slug":"vit4ever-extrait-dashwagandha-intenso-180-gelules","status":"publish","type":"product","link":"https:\/\/vitalstoffversand.com\/fr\/produit\/vit4ever-extrait-dashwagandha-intenso-180-gelules\/","title":{"rendered":"Vit4ever <br>Extrait d&#8217;Ashwagandha Intenso &#8211; 180 g\u00e9lules"},"content":{"rendered":"<p>Ashwagandha (Withania Somnifera) avec 10 pour cent de withanolides ainsi que divers alcalo\u00efdes.<\/p>\n<p>La racine est utilis\u00e9e depuis des centaines d&#8217;ann\u00e9es dans la m\u00e9decine traditionnelle chinoise, dans l&#8217;ayurveda et \u00e9galement en Afrique. Elle entre souvent dans la composition de compl\u00e9ments alimentaires destin\u00e9s \u00e0 am\u00e9liorer le sommeil ou \u00e0 traiter le stress.<\/p>\n<ul>\n<li>V\u00e9gan<\/li>\n<li>Sans gluten<\/li>\n<li>Sans lactose<\/li>\n<li>Sans OGM<\/li>\n<li>Fabriqu\u00e9 selon les normes de qualit\u00e9 strictes de l&#8217;UE<\/li>\n<\/ul>\n","protected":false},"excerpt":{"rendered":"<p>Ashwagandha (Withania Somnifera) avec 10 pour cent de withanolides ainsi que divers alcalo\u00efdes. La racine est utilis\u00e9e depuis des centaines d&#8217;ann\u00e9es dans la m\u00e9decine traditionnelle chinoise, dans l&#8217;ayurveda et \u00e9galement en Afrique. Elle entre souvent dans la composition de compl\u00e9ments alimentaires destin\u00e9s \u00e0 am\u00e9liorer le sommeil ou \u00e0 traiter le stress. V\u00e9gan Sans gluten Sans [&hellip;]<\/p>\n","protected":false},"featured_media":51710,"template":"","meta":{"_acf_changed":false},"product_brand":[10217],"product_cat":[348,365],"product_tag":[],"class_list":{"0":"post-23572","1":"product","2":"type-product","3":"status-publish","4":"has-post-thumbnail","6":"product_brand-vit4ever-fr","7":"product_cat-nutriments","8":"product_cat-produits-de-a-a-z","10":"first","11":"instock","12":"taxable","13":"shipping-taxable","14":"purchasable","15":"product-type-simple"},"acf":[],"_links":{"self":[{"href":"https:\/\/vitalstoffversand.com\/fr\/wp-json\/wp\/v2\/product\/23572","targetHints":{"allow":["GET"]}}],"collection":[{"href":"https:\/\/vitalstoffversand.com\/fr\/wp-json\/wp\/v2\/product"}],"about":[{"href":"https:\/\/vitalstoffversand.com\/fr\/wp-json\/wp\/v2\/types\/product"}],"wp:featuredmedia":[{"embeddable":true,"href":"https:\/\/vitalstoffversand.com\/fr\/wp-json\/wp\/v2\/media\/51710"}],"wp:attachment":[{"href":"https:\/\/vitalstoffversand.com\/fr\/wp-json\/wp\/v2\/media?parent=23572"}],"wp:term":[{"taxonomy":"product_brand","embeddable":true,"href":"https:\/\/vitalstoffversand.com\/fr\/wp-json\/wp\/v2\/product_brand?post=23572"},{"taxonomy":"product_cat","embeddable":true,"href":"https:\/\/vitalstoffversand.com\/fr\/wp-json\/wp\/v2\/product_cat?post=23572"},{"taxonomy":"product_tag","embeddable":true,"href":"https:\/\/vitalstoffversand.com\/fr\/wp-json\/wp\/v2\/product_tag?post=23572"}],"curies":[{"name":"wp","href":"https:\/\/api.w.org\/{rel}","templated":true}]}}