{"id":23570,"date":"2024-11-10T15:20:33","date_gmt":"2024-11-10T14:20:33","guid":{"rendered":"https:\/\/vitalstoffversand.com\/produkt\/vit4ever-citrate-acide-de-magnesium-600-g\/"},"modified":"2026-03-14T17:51:34","modified_gmt":"2026-03-14T16:51:34","slug":"vit4ever-citrate-acide-de-magnesium-600-g","status":"publish","type":"product","link":"https:\/\/vitalstoffversand.com\/fr\/produit\/vit4ever-citrate-acide-de-magnesium-600-g\/","title":{"rendered":"Vit4ever <br>Citrate acide de magn\u00e9sium &#8211; 600 g"},"content":{"rendered":"<p><a href=\"https:\/\/vitalstoffversand.com\/knowledge-base\/magnesium\/\" target=\"_blank\" rel=\"noopener\"><strong><span style=\"color: #0000ff;\">\u2192 Le magn\u00e9sium<\/span><\/strong><\/a> est n\u00e9cessaire \u00e0 l&#8217;organisme pour de nombreuses fonctions diff\u00e9rentes.<\/p>\n<p>Le citrate acide de magn\u00e9sium est un sel de magn\u00e9sium de l&#8217;acide citrique et correspond \u00e0 la plus haute qualit\u00e9 et puret\u00e9.<\/p>\n<p>Compar\u00e9 au citrate de magn\u00e9sium \u00ab normal \u00bb, le citrate acide de magn\u00e9sium est un magn\u00e9sium hydrat\u00e9 qui se caract\u00e9rise par une tr\u00e8s bonne solubilit\u00e9 et un go\u00fbt l\u00e9g\u00e8rement acide.<\/p>\n<ul>\n<li>V\u00e9gan<\/li>\n<li>Sans gluten<\/li>\n<li>Sans lactose<\/li>\n<li>Sans OGM<\/li>\n<li>Fabriqu\u00e9 selon les normes de qualit\u00e9 strictes de l&#8217;UE<\/li>\n<\/ul>\n","protected":false},"excerpt":{"rendered":"<p>\u2192 Le magn\u00e9sium est n\u00e9cessaire \u00e0 l&#8217;organisme pour de nombreuses fonctions diff\u00e9rentes. Le citrate acide de magn\u00e9sium est un sel de magn\u00e9sium de l&#8217;acide citrique et correspond \u00e0 la plus haute qualit\u00e9 et puret\u00e9. Compar\u00e9 au citrate de magn\u00e9sium \u00ab normal \u00bb, le citrate acide de magn\u00e9sium est un magn\u00e9sium hydrat\u00e9 qui se caract\u00e9rise par [&hellip;]<\/p>\n","protected":false},"featured_media":51645,"template":"","meta":{"_acf_changed":false},"product_brand":[10217],"product_cat":[340,365],"product_tag":[],"class_list":{"0":"post-23570","1":"product","2":"type-product","3":"status-publish","4":"has-post-thumbnail","6":"product_brand-vit4ever-fr","7":"product_cat-mineraux-oligo-elements","8":"product_cat-produits-de-a-a-z","10":"first","11":"instock","12":"taxable","13":"shipping-taxable","14":"purchasable","15":"product-type-simple"},"acf":[],"_links":{"self":[{"href":"https:\/\/vitalstoffversand.com\/fr\/wp-json\/wp\/v2\/product\/23570","targetHints":{"allow":["GET"]}}],"collection":[{"href":"https:\/\/vitalstoffversand.com\/fr\/wp-json\/wp\/v2\/product"}],"about":[{"href":"https:\/\/vitalstoffversand.com\/fr\/wp-json\/wp\/v2\/types\/product"}],"wp:featuredmedia":[{"embeddable":true,"href":"https:\/\/vitalstoffversand.com\/fr\/wp-json\/wp\/v2\/media\/51645"}],"wp:attachment":[{"href":"https:\/\/vitalstoffversand.com\/fr\/wp-json\/wp\/v2\/media?parent=23570"}],"wp:term":[{"taxonomy":"product_brand","embeddable":true,"href":"https:\/\/vitalstoffversand.com\/fr\/wp-json\/wp\/v2\/product_brand?post=23570"},{"taxonomy":"product_cat","embeddable":true,"href":"https:\/\/vitalstoffversand.com\/fr\/wp-json\/wp\/v2\/product_cat?post=23570"},{"taxonomy":"product_tag","embeddable":true,"href":"https:\/\/vitalstoffversand.com\/fr\/wp-json\/wp\/v2\/product_tag?post=23570"}],"curies":[{"name":"wp","href":"https:\/\/api.w.org\/{rel}","templated":true}]}}