{"id":23569,"date":"2024-11-14T17:27:09","date_gmt":"2024-11-14T16:27:09","guid":{"rendered":"https:\/\/vitalstoffversand.com\/produkt\/vit4ever-collagene-500-g\/"},"modified":"2026-03-14T17:42:53","modified_gmt":"2026-03-14T16:42:53","slug":"vit4ever-collagene-500-g","status":"publish","type":"product","link":"https:\/\/vitalstoffversand.com\/fr\/produit\/vit4ever-collagene-500-g\/","title":{"rendered":"Vit4ever <br>Collag\u00e8ne &#8211; 500 g"},"content":{"rendered":"<p>Le collag\u00e8ne est pr\u00e9sent en grande quantit\u00e9 dans les os, les tendons, les ligaments, les articulations et la peau.<\/p>\n<p>Gr\u00e2ce \u00e0 l&#8217;hydrolyse, l&#8217;hydrolysat de collag\u00e8ne Premium Peptolab-Light est d\u00e9j\u00e0 divis\u00e9 en petits lipides et peut \u00eatre mieux absorb\u00e9 par le corps.<\/p>\n<p>Peptolab-Light contient du collag\u00e8ne de type I et III, ainsi que 18 acides amin\u00e9s, dont la majeure partie est compos\u00e9e de glycine, de proline et d&#8217;hydroxyproline. <\/p>\n<p><strong>Remarque :<\/strong> ce produit n&#8217;est pas certifi\u00e9 halal.<\/p>\n<ul>\n<li>Sans gluten<\/li>\n<li>Sans lactose<\/li>\n<li>Sans OGM<\/li>\n<li>Fabriqu\u00e9 selon les normes de qualit\u00e9 strictes de l&#8217;UE<\/li>\n<\/ul>\n","protected":false},"excerpt":{"rendered":"<p>Le collag\u00e8ne est pr\u00e9sent en grande quantit\u00e9 dans les os, les tendons, les ligaments, les articulations et la peau. Gr\u00e2ce \u00e0 l&#8217;hydrolyse, l&#8217;hydrolysat de collag\u00e8ne Premium Peptolab-Light est d\u00e9j\u00e0 divis\u00e9 en petits lipides et peut \u00eatre mieux absorb\u00e9 par le corps. Peptolab-Light contient du collag\u00e8ne de type I et III, ainsi que 18 acides amin\u00e9s, [&hellip;]<\/p>\n","protected":false},"featured_media":62423,"template":"","meta":{"_acf_changed":false},"product_brand":[10217],"product_cat":[345,365],"product_tag":[],"class_list":{"0":"post-23569","1":"product","2":"type-product","3":"status-publish","4":"has-post-thumbnail","6":"product_brand-vit4ever-fr","7":"product_cat-proteines","8":"product_cat-produits-de-a-a-z","10":"first","11":"outofstock","12":"taxable","13":"shipping-taxable","14":"purchasable","15":"product-type-simple"},"acf":[],"_links":{"self":[{"href":"https:\/\/vitalstoffversand.com\/fr\/wp-json\/wp\/v2\/product\/23569","targetHints":{"allow":["GET"]}}],"collection":[{"href":"https:\/\/vitalstoffversand.com\/fr\/wp-json\/wp\/v2\/product"}],"about":[{"href":"https:\/\/vitalstoffversand.com\/fr\/wp-json\/wp\/v2\/types\/product"}],"wp:featuredmedia":[{"embeddable":true,"href":"https:\/\/vitalstoffversand.com\/fr\/wp-json\/wp\/v2\/media\/62423"}],"wp:attachment":[{"href":"https:\/\/vitalstoffversand.com\/fr\/wp-json\/wp\/v2\/media?parent=23569"}],"wp:term":[{"taxonomy":"product_brand","embeddable":true,"href":"https:\/\/vitalstoffversand.com\/fr\/wp-json\/wp\/v2\/product_brand?post=23569"},{"taxonomy":"product_cat","embeddable":true,"href":"https:\/\/vitalstoffversand.com\/fr\/wp-json\/wp\/v2\/product_cat?post=23569"},{"taxonomy":"product_tag","embeddable":true,"href":"https:\/\/vitalstoffversand.com\/fr\/wp-json\/wp\/v2\/product_tag?post=23569"}],"curies":[{"name":"wp","href":"https:\/\/api.w.org\/{rel}","templated":true}]}}