{"id":23568,"date":"2024-11-10T15:18:24","date_gmt":"2024-11-10T14:18:24","guid":{"rendered":"https:\/\/vitalstoffversand.com\/produkt\/vit4ever-praebio-inuline-1100-g\/"},"modified":"2026-03-14T17:37:53","modified_gmt":"2026-03-14T16:37:53","slug":"vit4ever-praebio-inuline-1100-g","status":"publish","type":"product","link":"https:\/\/vitalstoffversand.com\/fr\/produit\/vit4ever-praebio-inuline-1100-g\/","title":{"rendered":"Vit4ever <br>Pr\u00e4bio inuline &#8211; 1100 g"},"content":{"rendered":"<p>L&#8217;inuline pr\u00e9bio est une fibre alimentaire et est donc indispensable \u00e0 notre digestion.<\/p>\n<p>Les fibres sont importantes pour nos \u00ab bonnes \u00bb bact\u00e9ries intestinales, qui sont responsables d&#8217;une flore intestinale saine.<\/p>\n<p>L&#8217;inuline fait partie des fructanes, il s&#8217;agit donc d&#8217;un m\u00e9lange de polysaccharides et de fructose, ce qui lui conf\u00e8re un go\u00fbt agr\u00e9ablement l\u00e9g\u00e8rement sucr\u00e9 et lui permet d&#8217;\u00eatre utilis\u00e9e de diff\u00e9rentes mani\u00e8res.<\/p>\n<ul>\n<li>V\u00e9gan<\/li>\n<li>Sans gluten<\/li>\n<li>Sans lactose<\/li>\n<li>Sans OGM<\/li>\n<li>Fabriqu\u00e9 selon les normes de qualit\u00e9 strictes de l&#8217;UE<\/li>\n<\/ul>\n","protected":false},"excerpt":{"rendered":"<p>L&#8217;inuline pr\u00e9bio est une fibre alimentaire et est donc indispensable \u00e0 notre digestion. Les fibres sont importantes pour nos \u00ab bonnes \u00bb bact\u00e9ries intestinales, qui sont responsables d&#8217;une flore intestinale saine. L&#8217;inuline fait partie des fructanes, il s&#8217;agit donc d&#8217;un m\u00e9lange de polysaccharides et de fructose, ce qui lui conf\u00e8re un go\u00fbt agr\u00e9ablement l\u00e9g\u00e8rement sucr\u00e9 [&hellip;]<\/p>\n","protected":false},"featured_media":61135,"template":"","meta":{"_acf_changed":false},"product_brand":[10217],"product_cat":[348,365],"product_tag":[],"class_list":{"0":"post-23568","1":"product","2":"type-product","3":"status-publish","4":"has-post-thumbnail","6":"product_brand-vit4ever-fr","7":"product_cat-nutriments","8":"product_cat-produits-de-a-a-z","10":"first","11":"instock","12":"taxable","13":"shipping-taxable","14":"purchasable","15":"product-type-simple"},"acf":[],"_links":{"self":[{"href":"https:\/\/vitalstoffversand.com\/fr\/wp-json\/wp\/v2\/product\/23568","targetHints":{"allow":["GET"]}}],"collection":[{"href":"https:\/\/vitalstoffversand.com\/fr\/wp-json\/wp\/v2\/product"}],"about":[{"href":"https:\/\/vitalstoffversand.com\/fr\/wp-json\/wp\/v2\/types\/product"}],"wp:featuredmedia":[{"embeddable":true,"href":"https:\/\/vitalstoffversand.com\/fr\/wp-json\/wp\/v2\/media\/61135"}],"wp:attachment":[{"href":"https:\/\/vitalstoffversand.com\/fr\/wp-json\/wp\/v2\/media?parent=23568"}],"wp:term":[{"taxonomy":"product_brand","embeddable":true,"href":"https:\/\/vitalstoffversand.com\/fr\/wp-json\/wp\/v2\/product_brand?post=23568"},{"taxonomy":"product_cat","embeddable":true,"href":"https:\/\/vitalstoffversand.com\/fr\/wp-json\/wp\/v2\/product_cat?post=23568"},{"taxonomy":"product_tag","embeddable":true,"href":"https:\/\/vitalstoffversand.com\/fr\/wp-json\/wp\/v2\/product_tag?post=23568"}],"curies":[{"name":"wp","href":"https:\/\/api.w.org\/{rel}","templated":true}]}}