{"id":23567,"date":"2024-11-10T15:15:13","date_gmt":"2024-11-10T14:15:13","guid":{"rendered":"https:\/\/vitalstoffversand.com\/produkt\/vit4ever-l-carnitine-300-g\/"},"modified":"2026-03-14T17:33:11","modified_gmt":"2026-03-14T16:33:11","slug":"vit4ever-l-carnitine-300-g","status":"publish","type":"product","link":"https:\/\/vitalstoffversand.com\/fr\/produit\/vit4ever-l-carnitine-300-g\/","title":{"rendered":"Vit4ever <br>L-Carnitine &#8211; 300 g"},"content":{"rendered":"<p>La L-carnitine est notamment responsable de l&#8217;organisation du transport des acides gras dans l&#8217;organisme.<\/p>\n<p>La poudre L-Carnitine Tartrate contient 68% de L-Carnitine pure.<\/p>\n<p>Il y a donc une forte odeur d&#8217;ammoniac (odeur de poisson). Ce n&#8217;est pas un d\u00e9faut, mais un signe de grande puret\u00e9.<\/p>\n<ul>\n<li>V\u00e9gan<\/li>\n<li>Sans gluten<\/li>\n<li>Sans lactose<\/li>\n<li>Sans OGM<\/li>\n<li>Fabriqu\u00e9 selon les normes de qualit\u00e9 strictes de l&#8217;UE<\/li>\n<\/ul>\n","protected":false},"excerpt":{"rendered":"<p>La L-carnitine est notamment responsable de l&#8217;organisation du transport des acides gras dans l&#8217;organisme. La poudre L-Carnitine Tartrate contient 68% de L-Carnitine pure. Il y a donc une forte odeur d&#8217;ammoniac (odeur de poisson). Ce n&#8217;est pas un d\u00e9faut, mais un signe de grande puret\u00e9. V\u00e9gan Sans gluten Sans lactose Sans OGM Fabriqu\u00e9 selon les [&hellip;]<\/p>\n","protected":false},"featured_media":61616,"template":"","meta":{"_acf_changed":false},"product_brand":[10217],"product_cat":[348,365],"product_tag":[],"class_list":{"0":"post-23567","1":"product","2":"type-product","3":"status-publish","4":"has-post-thumbnail","6":"product_brand-vit4ever-fr","7":"product_cat-nutriments","8":"product_cat-produits-de-a-a-z","10":"first","11":"instock","12":"taxable","13":"shipping-taxable","14":"purchasable","15":"product-type-simple"},"acf":[],"_links":{"self":[{"href":"https:\/\/vitalstoffversand.com\/fr\/wp-json\/wp\/v2\/product\/23567","targetHints":{"allow":["GET"]}}],"collection":[{"href":"https:\/\/vitalstoffversand.com\/fr\/wp-json\/wp\/v2\/product"}],"about":[{"href":"https:\/\/vitalstoffversand.com\/fr\/wp-json\/wp\/v2\/types\/product"}],"wp:featuredmedia":[{"embeddable":true,"href":"https:\/\/vitalstoffversand.com\/fr\/wp-json\/wp\/v2\/media\/61616"}],"wp:attachment":[{"href":"https:\/\/vitalstoffversand.com\/fr\/wp-json\/wp\/v2\/media?parent=23567"}],"wp:term":[{"taxonomy":"product_brand","embeddable":true,"href":"https:\/\/vitalstoffversand.com\/fr\/wp-json\/wp\/v2\/product_brand?post=23567"},{"taxonomy":"product_cat","embeddable":true,"href":"https:\/\/vitalstoffversand.com\/fr\/wp-json\/wp\/v2\/product_cat?post=23567"},{"taxonomy":"product_tag","embeddable":true,"href":"https:\/\/vitalstoffversand.com\/fr\/wp-json\/wp\/v2\/product_tag?post=23567"}],"curies":[{"name":"wp","href":"https:\/\/api.w.org\/{rel}","templated":true}]}}