{"id":23566,"date":"2024-11-10T14:04:16","date_gmt":"2024-11-10T13:04:16","guid":{"rendered":"https:\/\/vitalstoffversand.com\/produkt\/vit4ever-l-tyrosine-500-g\/"},"modified":"2026-03-14T17:28:53","modified_gmt":"2026-03-14T16:28:53","slug":"vit4ever-l-tyrosine-500-g","status":"publish","type":"product","link":"https:\/\/vitalstoffversand.com\/fr\/produit\/vit4ever-l-tyrosine-500-g\/","title":{"rendered":"Vit4ever <br>L-Tyrosine &#8211; 500 g"},"content":{"rendered":"<p>La L-tyrosine fait partie des neurotransmetteurs (messagers du syst\u00e8me nerveux) et est un acide amin\u00e9 prot\u00e9inog\u00e8ne non essentiel.<\/p>\n<p>Il favorise la formation de dopamine, \u00e9galement connue sous le nom d&#8217;hormone du bonheur, et peut, outre le sentiment de bonheur, augmenter la concentration, l&#8217;humeur et la r\u00e9activit\u00e9.<\/p>\n<ul>\n<li>V\u00e9gan<\/li>\n<li>Sans gluten<\/li>\n<li>Sans lactose<\/li>\n<li>Sans OGM<\/li>\n<li>Fabriqu\u00e9 selon les normes de qualit\u00e9 strictes de l&#8217;UE<\/li>\n<\/ul>\n","protected":false},"excerpt":{"rendered":"<p>La L-tyrosine fait partie des neurotransmetteurs (messagers du syst\u00e8me nerveux) et est un acide amin\u00e9 prot\u00e9inog\u00e8ne non essentiel. Il favorise la formation de dopamine, \u00e9galement connue sous le nom d&#8217;hormone du bonheur, et peut, outre le sentiment de bonheur, augmenter la concentration, l&#8217;humeur et la r\u00e9activit\u00e9. V\u00e9gan Sans gluten Sans lactose Sans OGM Fabriqu\u00e9 selon [&hellip;]<\/p>\n","protected":false},"featured_media":51517,"template":"","meta":{"_acf_changed":false},"product_brand":[10217],"product_cat":[332,365],"product_tag":[],"class_list":{"0":"post-23566","1":"product","2":"type-product","3":"status-publish","4":"has-post-thumbnail","6":"product_brand-vit4ever-fr","7":"product_cat-acides-amines","8":"product_cat-produits-de-a-a-z","10":"first","11":"instock","12":"taxable","13":"shipping-taxable","14":"purchasable","15":"product-type-simple"},"acf":[],"_links":{"self":[{"href":"https:\/\/vitalstoffversand.com\/fr\/wp-json\/wp\/v2\/product\/23566","targetHints":{"allow":["GET"]}}],"collection":[{"href":"https:\/\/vitalstoffversand.com\/fr\/wp-json\/wp\/v2\/product"}],"about":[{"href":"https:\/\/vitalstoffversand.com\/fr\/wp-json\/wp\/v2\/types\/product"}],"wp:featuredmedia":[{"embeddable":true,"href":"https:\/\/vitalstoffversand.com\/fr\/wp-json\/wp\/v2\/media\/51517"}],"wp:attachment":[{"href":"https:\/\/vitalstoffversand.com\/fr\/wp-json\/wp\/v2\/media?parent=23566"}],"wp:term":[{"taxonomy":"product_brand","embeddable":true,"href":"https:\/\/vitalstoffversand.com\/fr\/wp-json\/wp\/v2\/product_brand?post=23566"},{"taxonomy":"product_cat","embeddable":true,"href":"https:\/\/vitalstoffversand.com\/fr\/wp-json\/wp\/v2\/product_cat?post=23566"},{"taxonomy":"product_tag","embeddable":true,"href":"https:\/\/vitalstoffversand.com\/fr\/wp-json\/wp\/v2\/product_tag?post=23566"}],"curies":[{"name":"wp","href":"https:\/\/api.w.org\/{rel}","templated":true}]}}