{"id":23531,"date":"2024-11-10T13:58:25","date_gmt":"2024-11-10T12:58:25","guid":{"rendered":"https:\/\/vitalstoffversand.com\/produkt\/vit4ever-cafeine-xxl-500-comprimes\/"},"modified":"2026-03-14T17:24:31","modified_gmt":"2026-03-14T16:24:31","slug":"vit4ever-cafeine-xxl-500-comprimes","status":"publish","type":"product","link":"https:\/\/vitalstoffversand.com\/fr\/produit\/vit4ever-cafeine-xxl-500-comprimes\/","title":{"rendered":"Vit4ever <br>Caf\u00e9ine XXL &#8211; 500 Comprim\u00e9s"},"content":{"rendered":"<p>Comprim\u00e9s de caf\u00e9ine fortement dos\u00e9s avec 200 mg de caf\u00e9ine par comprim\u00e9.<\/p>\n<p>A un effet stimulant sur le syst\u00e8me nerveux central.<\/p>\n<p>Le dosage d&#8217;un comprim\u00e9 correspond \u00e0 environ un demi-litre de caf\u00e9 \/ boisson \u00e9nergisante ou 0,8 litre de th\u00e9 vert ou deux litres de coca.<\/p>\n<ul>\n<li>V\u00e9gan<\/li>\n<li>Sans gluten<\/li>\n<li>Sans lactose<\/li>\n<li>Sans OGM<\/li>\n<li>Fabriqu\u00e9 selon les normes de qualit\u00e9 strictes de l&#8217;UE<\/li>\n<\/ul>\n","protected":false},"excerpt":{"rendered":"<p>Comprim\u00e9s de caf\u00e9ine fortement dos\u00e9s avec 200 mg de caf\u00e9ine par comprim\u00e9. A un effet stimulant sur le syst\u00e8me nerveux central. Le dosage d&#8217;un comprim\u00e9 correspond \u00e0 environ un demi-litre de caf\u00e9 \/ boisson \u00e9nergisante ou 0,8 litre de th\u00e9 vert ou deux litres de coca. V\u00e9gan Sans gluten Sans lactose Sans OGM Fabriqu\u00e9 selon [&hellip;]<\/p>\n","protected":false},"featured_media":51445,"template":"","meta":{"_acf_changed":false},"product_brand":[10217],"product_cat":[348,365],"product_tag":[],"class_list":{"0":"post-23531","1":"product","2":"type-product","3":"status-publish","4":"has-post-thumbnail","6":"product_brand-vit4ever-fr","7":"product_cat-nutriments","8":"product_cat-produits-de-a-a-z","10":"first","11":"instock","12":"taxable","13":"shipping-taxable","14":"purchasable","15":"product-type-simple"},"acf":[],"_links":{"self":[{"href":"https:\/\/vitalstoffversand.com\/fr\/wp-json\/wp\/v2\/product\/23531","targetHints":{"allow":["GET"]}}],"collection":[{"href":"https:\/\/vitalstoffversand.com\/fr\/wp-json\/wp\/v2\/product"}],"about":[{"href":"https:\/\/vitalstoffversand.com\/fr\/wp-json\/wp\/v2\/types\/product"}],"wp:featuredmedia":[{"embeddable":true,"href":"https:\/\/vitalstoffversand.com\/fr\/wp-json\/wp\/v2\/media\/51445"}],"wp:attachment":[{"href":"https:\/\/vitalstoffversand.com\/fr\/wp-json\/wp\/v2\/media?parent=23531"}],"wp:term":[{"taxonomy":"product_brand","embeddable":true,"href":"https:\/\/vitalstoffversand.com\/fr\/wp-json\/wp\/v2\/product_brand?post=23531"},{"taxonomy":"product_cat","embeddable":true,"href":"https:\/\/vitalstoffversand.com\/fr\/wp-json\/wp\/v2\/product_cat?post=23531"},{"taxonomy":"product_tag","embeddable":true,"href":"https:\/\/vitalstoffversand.com\/fr\/wp-json\/wp\/v2\/product_tag?post=23531"}],"curies":[{"name":"wp","href":"https:\/\/api.w.org\/{rel}","templated":true}]}}