{"id":23526,"date":"2024-11-10T13:54:35","date_gmt":"2024-11-10T12:54:35","guid":{"rendered":"https:\/\/vitalstoffversand.com\/produkt\/vit4ever-fenugrec-bio-active-365-gelules\/"},"modified":"2026-03-14T17:14:07","modified_gmt":"2026-03-14T16:14:07","slug":"vit4ever-fenugrec-bio-active-365-gelules","status":"publish","type":"product","link":"https:\/\/vitalstoffversand.com\/fr\/produit\/vit4ever-fenugrec-bio-active-365-gelules\/","title":{"rendered":"Vit4ever <br>Fenugrec bio, activ\u00e9 &#8211; 365 g\u00e9lules"},"content":{"rendered":"<p>Les graines de fenugrec contiennent de pr\u00e9cieuses substances telles que l&#8217;acide ascorbique, le calcium, la vitamine C, la vitamine B6, le fer, le magn\u00e9sium et les prot\u00e9ines.<\/p>\n<p>Les g\u00e9lules de fenugrec bio contiennent une mati\u00e8re premi\u00e8re naturelle activ\u00e9e.<\/p>\n<ul>\n<li>100% v\u00e9g\u00e9talien<\/li>\n<li>Sans gluten, lactose, ar\u00f4mes, conservateurs, st\u00e9arate de magn\u00e9sium et bien s\u00fbr sans OGM.<\/li>\n<li>Test\u00e9 en laboratoire ind\u00e9pendant sur la pollution et les impuret\u00e9s, comme par exemple les m\u00e9taux lourds, les moisissures, E. Coli, les salmonelles et autres crit\u00e8res de contr\u00f4le pertinents.<\/li>\n<\/ul>\n","protected":false},"excerpt":{"rendered":"<p>Les graines de fenugrec contiennent de pr\u00e9cieuses substances telles que l&#8217;acide ascorbique, le calcium, la vitamine C, la vitamine B6, le fer, le magn\u00e9sium et les prot\u00e9ines. Les g\u00e9lules de fenugrec bio contiennent une mati\u00e8re premi\u00e8re naturelle activ\u00e9e. 100% v\u00e9g\u00e9talien Sans gluten, lactose, ar\u00f4mes, conservateurs, st\u00e9arate de magn\u00e9sium et bien s\u00fbr sans OGM. Test\u00e9 en [&hellip;]<\/p>\n","protected":false},"featured_media":51341,"template":"","meta":{"_acf_changed":false},"product_brand":[10217],"product_cat":[348,306,365],"product_tag":[],"class_list":{"0":"post-23526","1":"product","2":"type-product","3":"status-publish","4":"has-post-thumbnail","6":"product_brand-vit4ever-fr","7":"product_cat-nutriments","8":"product_cat-bio-fr","9":"product_cat-produits-de-a-a-z","11":"first","12":"instock","13":"taxable","14":"shipping-taxable","15":"purchasable","16":"product-type-simple"},"acf":[],"_links":{"self":[{"href":"https:\/\/vitalstoffversand.com\/fr\/wp-json\/wp\/v2\/product\/23526","targetHints":{"allow":["GET"]}}],"collection":[{"href":"https:\/\/vitalstoffversand.com\/fr\/wp-json\/wp\/v2\/product"}],"about":[{"href":"https:\/\/vitalstoffversand.com\/fr\/wp-json\/wp\/v2\/types\/product"}],"wp:featuredmedia":[{"embeddable":true,"href":"https:\/\/vitalstoffversand.com\/fr\/wp-json\/wp\/v2\/media\/51341"}],"wp:attachment":[{"href":"https:\/\/vitalstoffversand.com\/fr\/wp-json\/wp\/v2\/media?parent=23526"}],"wp:term":[{"taxonomy":"product_brand","embeddable":true,"href":"https:\/\/vitalstoffversand.com\/fr\/wp-json\/wp\/v2\/product_brand?post=23526"},{"taxonomy":"product_cat","embeddable":true,"href":"https:\/\/vitalstoffversand.com\/fr\/wp-json\/wp\/v2\/product_cat?post=23526"},{"taxonomy":"product_tag","embeddable":true,"href":"https:\/\/vitalstoffversand.com\/fr\/wp-json\/wp\/v2\/product_tag?post=23526"}],"curies":[{"name":"wp","href":"https:\/\/api.w.org\/{rel}","templated":true}]}}