{"id":23455,"date":"2024-11-10T13:40:17","date_gmt":"2024-11-10T12:40:17","guid":{"rendered":"https:\/\/vitalstoffversand.com\/produkt\/vit4ever-complexe-de-vitamines-b-intenso-240-gelules\/"},"modified":"2026-03-14T17:03:43","modified_gmt":"2026-03-14T16:03:43","slug":"vit4ever-complexe-de-vitamines-b-intenso-240-gelules","status":"publish","type":"product","link":"https:\/\/vitalstoffversand.com\/fr\/produit\/vit4ever-complexe-de-vitamines-b-intenso-240-gelules\/","title":{"rendered":"Vit4ever <br>Complexe de vitamines B Intenso &#8211; 240 g\u00e9lules"},"content":{"rendered":"<p>Vitamin B Complex Intenso fournit une combinaison des 8 vitamines B et en plus les 3 co-facteurs choline, inositol et acide para-aminobenzo\u00efque (PABA) qui am\u00e9liorent l&#8217;absorption des diff\u00e9rentes vitamines B par le corps.<\/p>\n<p>La forte odeur propre des vitamines B ne constitue pas un d\u00e9faut de qualit\u00e9, mais montre qu&#8217;aucun additif masquant le go\u00fbt ou l&#8217;odeur n&#8217;a \u00e9t\u00e9 utilis\u00e9 pour garantir la puret\u00e9 du produit.<\/p>\n<ul>\n<li>V\u00e9gan<\/li>\n<li>Sans gluten<\/li>\n<li>Sans lactose<\/li>\n<li>Sans OGM<\/li>\n<li>Fabriqu\u00e9 selon les normes de qualit\u00e9 strictes de l&#8217;UE<\/li>\n<\/ul>\n","protected":false},"excerpt":{"rendered":"<p>Vitamin B Complex Intenso fournit une combinaison des 8 vitamines B et en plus les 3 co-facteurs choline, inositol et acide para-aminobenzo\u00efque (PABA) qui am\u00e9liorent l&#8217;absorption des diff\u00e9rentes vitamines B par le corps. La forte odeur propre des vitamines B ne constitue pas un d\u00e9faut de qualit\u00e9, mais montre qu&#8217;aucun additif masquant le go\u00fbt ou [&hellip;]<\/p>\n","protected":false},"featured_media":59120,"template":"","meta":{"_acf_changed":false},"product_brand":[10217],"product_cat":[308,365],"product_tag":[],"class_list":{"0":"post-23455","1":"product","2":"type-product","3":"status-publish","4":"has-post-thumbnail","6":"product_brand-vit4ever-fr","7":"product_cat-vitamines","8":"product_cat-produits-de-a-a-z","10":"first","11":"outofstock","12":"taxable","13":"shipping-taxable","14":"purchasable","15":"product-type-simple"},"acf":[],"_links":{"self":[{"href":"https:\/\/vitalstoffversand.com\/fr\/wp-json\/wp\/v2\/product\/23455","targetHints":{"allow":["GET"]}}],"collection":[{"href":"https:\/\/vitalstoffversand.com\/fr\/wp-json\/wp\/v2\/product"}],"about":[{"href":"https:\/\/vitalstoffversand.com\/fr\/wp-json\/wp\/v2\/types\/product"}],"wp:featuredmedia":[{"embeddable":true,"href":"https:\/\/vitalstoffversand.com\/fr\/wp-json\/wp\/v2\/media\/59120"}],"wp:attachment":[{"href":"https:\/\/vitalstoffversand.com\/fr\/wp-json\/wp\/v2\/media?parent=23455"}],"wp:term":[{"taxonomy":"product_brand","embeddable":true,"href":"https:\/\/vitalstoffversand.com\/fr\/wp-json\/wp\/v2\/product_brand?post=23455"},{"taxonomy":"product_cat","embeddable":true,"href":"https:\/\/vitalstoffversand.com\/fr\/wp-json\/wp\/v2\/product_cat?post=23455"},{"taxonomy":"product_tag","embeddable":true,"href":"https:\/\/vitalstoffversand.com\/fr\/wp-json\/wp\/v2\/product_tag?post=23455"}],"curies":[{"name":"wp","href":"https:\/\/api.w.org\/{rel}","templated":true}]}}