{"id":23406,"date":"2024-11-09T17:29:40","date_gmt":"2024-11-09T16:29:40","guid":{"rendered":"https:\/\/vitalstoffversand.com\/produkt\/vit4ever-gaba-acide-gamma-aminobutyrique-540-g\/"},"modified":"2026-03-14T15:49:50","modified_gmt":"2026-03-14T14:49:50","slug":"vit4ever-gaba-acide-gamma-aminobutyrique-540-g","status":"publish","type":"product","link":"https:\/\/vitalstoffversand.com\/fr\/produit\/vit4ever-gaba-acide-gamma-aminobutyrique-540-g\/","title":{"rendered":"Vit4ever <br>GABA Acide gamma-aminobutyrique &#8211; 540 g"},"content":{"rendered":"<p>Le GABA agit comme un neurotransmetteur dans le syst\u00e8me nerveux central et permet de ralentir, voire de supprimer, de nombreux stimuli, ce qui peut avoir un effet positif sur le sommeil.<\/p>\n<p>Le GABA est en outre int\u00e9ressant pour les sportifs, car il influence les hormones de croissance.<\/p>\n<ul>\n<li>V\u00e9gan<\/li>\n<li>Sans gluten<\/li>\n<li>Sans lactose<\/li>\n<li>Sans OGM<\/li>\n<li>Fabriqu\u00e9 selon les normes de qualit\u00e9 strictes de l&#8217;UE<\/li>\n<\/ul>\n","protected":false},"excerpt":{"rendered":"<p>Le GABA agit comme un neurotransmetteur dans le syst\u00e8me nerveux central et permet de ralentir, voire de supprimer, de nombreux stimuli, ce qui peut avoir un effet positif sur le sommeil. Le GABA est en outre int\u00e9ressant pour les sportifs, car il influence les hormones de croissance. V\u00e9gan Sans gluten Sans lactose Sans OGM Fabriqu\u00e9 [&hellip;]<\/p>\n","protected":false},"featured_media":50964,"template":"","meta":{"_acf_changed":false},"product_brand":[10217],"product_cat":[332,365],"product_tag":[],"class_list":{"0":"post-23406","1":"product","2":"type-product","3":"status-publish","4":"has-post-thumbnail","6":"product_brand-vit4ever-fr","7":"product_cat-acides-amines","8":"product_cat-produits-de-a-a-z","10":"first","11":"instock","12":"taxable","13":"shipping-taxable","14":"purchasable","15":"product-type-simple"},"acf":[],"_links":{"self":[{"href":"https:\/\/vitalstoffversand.com\/fr\/wp-json\/wp\/v2\/product\/23406","targetHints":{"allow":["GET"]}}],"collection":[{"href":"https:\/\/vitalstoffversand.com\/fr\/wp-json\/wp\/v2\/product"}],"about":[{"href":"https:\/\/vitalstoffversand.com\/fr\/wp-json\/wp\/v2\/types\/product"}],"wp:featuredmedia":[{"embeddable":true,"href":"https:\/\/vitalstoffversand.com\/fr\/wp-json\/wp\/v2\/media\/50964"}],"wp:attachment":[{"href":"https:\/\/vitalstoffversand.com\/fr\/wp-json\/wp\/v2\/media?parent=23406"}],"wp:term":[{"taxonomy":"product_brand","embeddable":true,"href":"https:\/\/vitalstoffversand.com\/fr\/wp-json\/wp\/v2\/product_brand?post=23406"},{"taxonomy":"product_cat","embeddable":true,"href":"https:\/\/vitalstoffversand.com\/fr\/wp-json\/wp\/v2\/product_cat?post=23406"},{"taxonomy":"product_tag","embeddable":true,"href":"https:\/\/vitalstoffversand.com\/fr\/wp-json\/wp\/v2\/product_tag?post=23406"}],"curies":[{"name":"wp","href":"https:\/\/api.w.org\/{rel}","templated":true}]}}