{"id":23352,"date":"2024-11-09T17:15:15","date_gmt":"2024-11-09T16:15:15","guid":{"rendered":"https:\/\/vitalstoffversand.com\/produkt\/vit4ever-vitamine-d3-20000-u-i-k2-quantites-differentes\/"},"modified":"2026-03-14T15:43:16","modified_gmt":"2026-03-14T14:43:16","slug":"vit4ever-vitamine-d3-20000-u-i-k2-quantites-differentes","status":"publish","type":"product","link":"https:\/\/vitalstoffversand.com\/fr\/produit\/vit4ever-vitamine-d3-20000-u-i-k2-quantites-differentes\/","title":{"rendered":"Vit4ever <br>Vitamine D3 20 000 UI + K2 &#8211; 180 comprim\u00e9s"},"content":{"rendered":"<p><a href=\"https:\/\/vitalstoffversand.com\/knowledge-base\/vitamin-d\/\" target=\"_blank\" rel=\"noopener\"><span style=\"color: #0000ff;\"><strong>\u2192 Vitamine D3<\/strong><\/span><\/a> hautement dos\u00e9e \u00e0 20.000 UI, combin\u00e9e \u00e0 la <a href=\"https:\/\/vitalstoffversand.com\/knowledge-base\/vitamin-k\/\" target=\"_blank\" rel=\"noopener\"><strong><span style=\"color: #0000ff;\">\u2192 vitamine K2<\/span><\/strong><\/a> \u00e0 base de la mati\u00e8re premi\u00e8re de qualit\u00e9 sup\u00e9rieure K2VITAL.<\/p>\n<p>Id\u00e9al pour reconstituer rapidement les r\u00e9serves de vitamine D dans l&#8217;organisme et les maintenir ensuite \u00e0 un niveau sain en ne prenant qu&#8217;un seul comprim\u00e9 tous les 20 jours.<\/p>\n<ul>\n<li>Vegetarisch<\/li>\n<li>Sans gluten<\/li>\n<li>Sans lactose<\/li>\n<li>Sans OGM<\/li>\n<li>Fabriqu\u00e9 selon les normes de qualit\u00e9 strictes de l&#8217;UE<\/li>\n<\/ul>\n","protected":false},"excerpt":{"rendered":"<p>\u2192 Vitamine D3 hautement dos\u00e9e \u00e0 20.000 UI, combin\u00e9e \u00e0 la \u2192 vitamine K2 \u00e0 base de la mati\u00e8re premi\u00e8re de qualit\u00e9 sup\u00e9rieure K2VITAL. Id\u00e9al pour reconstituer rapidement les r\u00e9serves de vitamine D dans l&#8217;organisme et les maintenir ensuite \u00e0 un niveau sain en ne prenant qu&#8217;un seul comprim\u00e9 tous les 20 jours. Vegetarisch Sans [&hellip;]<\/p>\n","protected":false},"featured_media":50844,"template":"","meta":{"_acf_changed":false},"product_brand":[10217],"product_cat":[308,365],"product_tag":[],"class_list":{"0":"post-23352","1":"product","2":"type-product","3":"status-publish","4":"has-post-thumbnail","6":"product_brand-vit4ever-fr","7":"product_cat-vitamines","8":"product_cat-produits-de-a-a-z","10":"first","11":"instock","12":"taxable","13":"shipping-taxable","14":"purchasable","15":"product-type-simple"},"acf":[],"_links":{"self":[{"href":"https:\/\/vitalstoffversand.com\/fr\/wp-json\/wp\/v2\/product\/23352","targetHints":{"allow":["GET"]}}],"collection":[{"href":"https:\/\/vitalstoffversand.com\/fr\/wp-json\/wp\/v2\/product"}],"about":[{"href":"https:\/\/vitalstoffversand.com\/fr\/wp-json\/wp\/v2\/types\/product"}],"wp:featuredmedia":[{"embeddable":true,"href":"https:\/\/vitalstoffversand.com\/fr\/wp-json\/wp\/v2\/media\/50844"}],"wp:attachment":[{"href":"https:\/\/vitalstoffversand.com\/fr\/wp-json\/wp\/v2\/media?parent=23352"}],"wp:term":[{"taxonomy":"product_brand","embeddable":true,"href":"https:\/\/vitalstoffversand.com\/fr\/wp-json\/wp\/v2\/product_brand?post=23352"},{"taxonomy":"product_cat","embeddable":true,"href":"https:\/\/vitalstoffversand.com\/fr\/wp-json\/wp\/v2\/product_cat?post=23352"},{"taxonomy":"product_tag","embeddable":true,"href":"https:\/\/vitalstoffversand.com\/fr\/wp-json\/wp\/v2\/product_tag?post=23352"}],"curies":[{"name":"wp","href":"https:\/\/api.w.org\/{rel}","templated":true}]}}