{"id":23341,"date":"2024-11-09T17:13:54","date_gmt":"2024-11-09T16:13:54","guid":{"rendered":"https:\/\/vitalstoffversand.com\/produkt\/vit4ever-ginkgo-ginseng-365-comprimes\/"},"modified":"2026-03-14T15:28:19","modified_gmt":"2026-03-14T14:28:19","slug":"vit4ever-ginkgo-ginseng-365-comprimes","status":"publish","type":"product","link":"https:\/\/vitalstoffversand.com\/fr\/produit\/vit4ever-ginkgo-ginseng-365-comprimes\/","title":{"rendered":"Vit4ever <br>Ginkgo + Ginseng &#8211; 365 Comprim\u00e9s"},"content":{"rendered":"<p>Gingko + ginseng combine deux des plantes m\u00e9dicinales asiatiques les plus efficaces, dont les domaines d&#8217;application traditionnels se situent surtout autour du cerveau, de la capacit\u00e9 de concentration, de la circulation sanguine et \u00e9galement en cas de troubles de la puissance sexuelle.<\/p>\n<p>Chaque comprim\u00e9 contient 600 mg d&#8217;extrait de ginkgo biloba 50:1 hautement dos\u00e9 (\u00e9quivalent \u00e0 6000 mg de poudre de feuilles de ginkgo biloba), qui est pratiquement exempt d&#8217;acide ginkgolique avec 1 ppm par comprim\u00e9, et 20 mg d&#8217;extrait de ginseng cor\u00e9en 50:1 (\u00e9quivalent \u00e0 2000 mg de poudre de racine de ginseng).<\/p>\n<ul>\n<li>V\u00e9gan<\/li>\n<li>Sans gluten<\/li>\n<li>Sans lactose<\/li>\n<li>Sans OGM<\/li>\n<li>Fabriqu\u00e9 selon les normes de qualit\u00e9 strictes de l&#8217;UE<\/li>\n<\/ul>\n","protected":false},"excerpt":{"rendered":"<p>Gingko + ginseng combine deux des plantes m\u00e9dicinales asiatiques les plus efficaces, dont les domaines d&#8217;application traditionnels se situent surtout autour du cerveau, de la capacit\u00e9 de concentration, de la circulation sanguine et \u00e9galement en cas de troubles de la puissance sexuelle. Chaque comprim\u00e9 contient 600 mg d&#8217;extrait de ginkgo biloba 50:1 hautement dos\u00e9 (\u00e9quivalent [&hellip;]<\/p>\n","protected":false},"featured_media":50644,"template":"","meta":{"_acf_changed":false},"product_brand":[10217],"product_cat":[348,365],"product_tag":[],"class_list":{"0":"post-23341","1":"product","2":"type-product","3":"status-publish","4":"has-post-thumbnail","6":"product_brand-vit4ever-fr","7":"product_cat-nutriments","8":"product_cat-produits-de-a-a-z","10":"first","11":"instock","12":"taxable","13":"shipping-taxable","14":"purchasable","15":"product-type-simple"},"acf":[],"_links":{"self":[{"href":"https:\/\/vitalstoffversand.com\/fr\/wp-json\/wp\/v2\/product\/23341","targetHints":{"allow":["GET"]}}],"collection":[{"href":"https:\/\/vitalstoffversand.com\/fr\/wp-json\/wp\/v2\/product"}],"about":[{"href":"https:\/\/vitalstoffversand.com\/fr\/wp-json\/wp\/v2\/types\/product"}],"wp:featuredmedia":[{"embeddable":true,"href":"https:\/\/vitalstoffversand.com\/fr\/wp-json\/wp\/v2\/media\/50644"}],"wp:attachment":[{"href":"https:\/\/vitalstoffversand.com\/fr\/wp-json\/wp\/v2\/media?parent=23341"}],"wp:term":[{"taxonomy":"product_brand","embeddable":true,"href":"https:\/\/vitalstoffversand.com\/fr\/wp-json\/wp\/v2\/product_brand?post=23341"},{"taxonomy":"product_cat","embeddable":true,"href":"https:\/\/vitalstoffversand.com\/fr\/wp-json\/wp\/v2\/product_cat?post=23341"},{"taxonomy":"product_tag","embeddable":true,"href":"https:\/\/vitalstoffversand.com\/fr\/wp-json\/wp\/v2\/product_tag?post=23341"}],"curies":[{"name":"wp","href":"https:\/\/api.w.org\/{rel}","templated":true}]}}