{"id":23333,"date":"2024-11-09T17:10:23","date_gmt":"2024-11-09T16:10:23","guid":{"rendered":"https:\/\/vitalstoffversand.com\/produkt\/vit4ever-shaker-blanc-600-ml\/"},"modified":"2026-03-14T15:21:37","modified_gmt":"2026-03-14T14:21:37","slug":"vit4ever-shaker-blanc-600-ml","status":"publish","type":"product","link":"https:\/\/vitalstoffversand.com\/fr\/produit\/vit4ever-shaker-blanc-600-ml\/","title":{"rendered":"Vit4ever <br>Shaker blanc &#8211; 600 ml"},"content":{"rendered":"<p>Shaker de 600 ml en blanc avec l&#8217;inscription \u00ab vit4ever \u00bb.<\/p>\n<ul>\n<li>Tamis int\u00e9gr\u00e9 : pour des boissons parfaitement m\u00e9lang\u00e9es et sans grumeaux.<\/li>\n<li>\u00c9chelle de mesure : Dosage pr\u00e9cis gr\u00e2ce \u00e0 l&#8217;\u00e9chelle de mesure bien lisible.<\/li>\n<li>Sans BPA (bisph\u00e9nol A) : Fabriqu\u00e9 \u00e0 partir de mat\u00e9riaux s\u00fbrs et sans BPA.<\/li>\n<li>Nettoyage facile : rapide et facile \u00e0 nettoyer, optimal pour le quotidien.<\/li>\n<\/ul>\n","protected":false},"excerpt":{"rendered":"<p>Shaker de 600 ml en blanc avec l&#8217;inscription \u00ab vit4ever \u00bb. Tamis int\u00e9gr\u00e9 : pour des boissons parfaitement m\u00e9lang\u00e9es et sans grumeaux. \u00c9chelle de mesure : Dosage pr\u00e9cis gr\u00e2ce \u00e0 l&#8217;\u00e9chelle de mesure bien lisible. Sans BPA (bisph\u00e9nol A) : Fabriqu\u00e9 \u00e0 partir de mat\u00e9riaux s\u00fbrs et sans BPA. Nettoyage facile : rapide et facile [&hellip;]<\/p>\n","protected":false},"featured_media":58975,"template":"","meta":{"_acf_changed":false},"product_brand":[10217],"product_cat":[377,365],"product_tag":[],"class_list":{"0":"post-23333","1":"product","2":"type-product","3":"status-publish","4":"has-post-thumbnail","6":"product_brand-vit4ever-fr","7":"product_cat-accessoires-autres","8":"product_cat-produits-de-a-a-z","10":"first","11":"instock","12":"taxable","13":"shipping-taxable","14":"purchasable","15":"product-type-simple"},"acf":[],"_links":{"self":[{"href":"https:\/\/vitalstoffversand.com\/fr\/wp-json\/wp\/v2\/product\/23333","targetHints":{"allow":["GET"]}}],"collection":[{"href":"https:\/\/vitalstoffversand.com\/fr\/wp-json\/wp\/v2\/product"}],"about":[{"href":"https:\/\/vitalstoffversand.com\/fr\/wp-json\/wp\/v2\/types\/product"}],"wp:featuredmedia":[{"embeddable":true,"href":"https:\/\/vitalstoffversand.com\/fr\/wp-json\/wp\/v2\/media\/58975"}],"wp:attachment":[{"href":"https:\/\/vitalstoffversand.com\/fr\/wp-json\/wp\/v2\/media?parent=23333"}],"wp:term":[{"taxonomy":"product_brand","embeddable":true,"href":"https:\/\/vitalstoffversand.com\/fr\/wp-json\/wp\/v2\/product_brand?post=23333"},{"taxonomy":"product_cat","embeddable":true,"href":"https:\/\/vitalstoffversand.com\/fr\/wp-json\/wp\/v2\/product_cat?post=23333"},{"taxonomy":"product_tag","embeddable":true,"href":"https:\/\/vitalstoffversand.com\/fr\/wp-json\/wp\/v2\/product_tag?post=23333"}],"curies":[{"name":"wp","href":"https:\/\/api.w.org\/{rel}","templated":true}]}}