{"id":23326,"date":"2024-11-09T17:09:21","date_gmt":"2024-11-09T16:09:21","guid":{"rendered":"https:\/\/vitalstoffversand.com\/produkt\/vit4ever-l-arginine-intenso-365-capsules\/"},"modified":"2026-03-14T15:17:49","modified_gmt":"2026-03-14T14:17:49","slug":"vit4ever-l-arginine-intenso-365-capsules","status":"publish","type":"product","link":"https:\/\/vitalstoffversand.com\/fr\/produit\/vit4ever-l-arginine-intenso-365-capsules\/","title":{"rendered":"Vit4ever <br>L-Arginine Intenso &#8211; 365 capsules"},"content":{"rendered":"<p>La L-arginine est un acide amin\u00e9 prot\u00e9inog\u00e8ne semi-essentiel qui n&#8217;est pas seulement tr\u00e8s appr\u00e9ci\u00e9 par les sportifs comme booster d&#8217;entra\u00eenement.<\/p>\n<p>L&#8217;arginine est n\u00e9cessaire \u00e0 l&#8217;organisme, notamment en cas de sport intensif ou de stress accru, et participe \u00e0 la constitution des prot\u00e9ines de l&#8217;organisme.<\/p>\n<p>En raison de sa teneur \u00e9lev\u00e9e en azote et de sa propri\u00e9t\u00e9 \u00e0 former de l&#8217;oxyde nitrique, il est tr\u00e8s important pour l&#8217;activation et le contr\u00f4le des vaisseaux sanguins et peut donc \u00eatre tr\u00e8s int\u00e9ressant pour l&#8217;homme actif (troubles de l&#8217;\u00e9rection) ainsi que pour la femme active.<\/p>\n<p>Les g\u00e9lules d&#8217;arginine Intenso contiennent de l&#8217;arginine base purement v\u00e9g\u00e9tale, obtenue par fermentation de mati\u00e8res premi\u00e8res v\u00e9g\u00e9tales.<\/p>\n<ul>\n<li>V\u00e9gan<\/li>\n<li>Sans gluten<\/li>\n<li>Sans lactose<\/li>\n<li>Sans OGM<\/li>\n<li>Fabriqu\u00e9 selon les normes de qualit\u00e9 strictes de l&#8217;UE<\/li>\n<\/ul>\n","protected":false},"excerpt":{"rendered":"<p>La L-arginine est un acide amin\u00e9 prot\u00e9inog\u00e8ne semi-essentiel qui n&#8217;est pas seulement tr\u00e8s appr\u00e9ci\u00e9 par les sportifs comme booster d&#8217;entra\u00eenement. L&#8217;arginine est n\u00e9cessaire \u00e0 l&#8217;organisme, notamment en cas de sport intensif ou de stress accru, et participe \u00e0 la constitution des prot\u00e9ines de l&#8217;organisme. En raison de sa teneur \u00e9lev\u00e9e en azote et de sa [&hellip;]<\/p>\n","protected":false},"featured_media":67165,"template":"","meta":{"_acf_changed":false},"product_brand":[10217],"product_cat":[332,365],"product_tag":[],"class_list":{"0":"post-23326","1":"product","2":"type-product","3":"status-publish","4":"has-post-thumbnail","6":"product_brand-vit4ever-fr","7":"product_cat-acides-amines","8":"product_cat-produits-de-a-a-z","10":"first","11":"instock","12":"taxable","13":"shipping-taxable","14":"purchasable","15":"product-type-simple"},"acf":[],"_links":{"self":[{"href":"https:\/\/vitalstoffversand.com\/fr\/wp-json\/wp\/v2\/product\/23326","targetHints":{"allow":["GET"]}}],"collection":[{"href":"https:\/\/vitalstoffversand.com\/fr\/wp-json\/wp\/v2\/product"}],"about":[{"href":"https:\/\/vitalstoffversand.com\/fr\/wp-json\/wp\/v2\/types\/product"}],"wp:featuredmedia":[{"embeddable":true,"href":"https:\/\/vitalstoffversand.com\/fr\/wp-json\/wp\/v2\/media\/67165"}],"wp:attachment":[{"href":"https:\/\/vitalstoffversand.com\/fr\/wp-json\/wp\/v2\/media?parent=23326"}],"wp:term":[{"taxonomy":"product_brand","embeddable":true,"href":"https:\/\/vitalstoffversand.com\/fr\/wp-json\/wp\/v2\/product_brand?post=23326"},{"taxonomy":"product_cat","embeddable":true,"href":"https:\/\/vitalstoffversand.com\/fr\/wp-json\/wp\/v2\/product_cat?post=23326"},{"taxonomy":"product_tag","embeddable":true,"href":"https:\/\/vitalstoffversand.com\/fr\/wp-json\/wp\/v2\/product_tag?post=23326"}],"curies":[{"name":"wp","href":"https:\/\/api.w.org\/{rel}","templated":true}]}}