{"id":23306,"date":"2024-11-09T17:08:15","date_gmt":"2024-11-09T16:08:15","guid":{"rendered":"https:\/\/vitalstoffversand.com\/produkt\/vit4ever-complexe-probio-20-bio-180-gelules\/"},"modified":"2026-03-14T15:14:43","modified_gmt":"2026-03-14T14:14:43","slug":"vit4ever-complexe-probio-20-bio-180-gelules","status":"publish","type":"product","link":"https:\/\/vitalstoffversand.com\/fr\/produit\/vit4ever-complexe-probio-20-bio-180-gelules\/","title":{"rendered":"Vit4ever <br>Complexe Probio 20 bio &#8211; 180 g\u00e9lules"},"content":{"rendered":"<p>L&#8217;intestin est un organe de contr\u00f4le central et extr\u00eamement important de notre corps.<\/p>\n<p>Le complexe Probio 20 contient 20 souches de bact\u00e9ries avec 21 milliards d&#8217;UFC de bonnes bact\u00e9ries intestinales par portion journali\u00e8re, ainsi qu&#8217;un pr\u00e9biotique qui sert pratiquement de nourriture aux bact\u00e9ries intestinales.<\/p>\n<p>Gr\u00e2ce \u00e0 l&#8217;utilisation de capsules gastro-r\u00e9sistantes (Bright JC Caps), les bact\u00e9ries arrivent \u00e9galement intactes l\u00e0 o\u00f9 elles sont n\u00e9cessaires &#8211; dans l&#8217;intestin.<\/p>\n<ul>\n<li>V\u00e9gan<\/li>\n<li>Sans gluten<\/li>\n<li>Sans lactose<\/li>\n<li>Sans OGM<\/li>\n<li>Fabriqu\u00e9 selon les normes de qualit\u00e9 strictes de l&#8217;UE<\/li>\n<\/ul>\n","protected":false},"excerpt":{"rendered":"<p>L&#8217;intestin est un organe de contr\u00f4le central et extr\u00eamement important de notre corps. Le complexe Probio 20 contient 20 souches de bact\u00e9ries avec 21 milliards d&#8217;UFC de bonnes bact\u00e9ries intestinales par portion journali\u00e8re, ainsi qu&#8217;un pr\u00e9biotique qui sert pratiquement de nourriture aux bact\u00e9ries intestinales. Gr\u00e2ce \u00e0 l&#8217;utilisation de capsules gastro-r\u00e9sistantes (Bright JC Caps), les bact\u00e9ries [&hellip;]<\/p>\n","protected":false},"featured_media":50564,"template":"","meta":{"_acf_changed":false},"product_brand":[10217],"product_cat":[348,306,365],"product_tag":[],"class_list":{"0":"post-23306","1":"product","2":"type-product","3":"status-publish","4":"has-post-thumbnail","6":"product_brand-vit4ever-fr","7":"product_cat-nutriments","8":"product_cat-bio-fr","9":"product_cat-produits-de-a-a-z","11":"first","12":"outofstock","13":"taxable","14":"shipping-taxable","15":"purchasable","16":"product-type-simple"},"acf":[],"_links":{"self":[{"href":"https:\/\/vitalstoffversand.com\/fr\/wp-json\/wp\/v2\/product\/23306","targetHints":{"allow":["GET"]}}],"collection":[{"href":"https:\/\/vitalstoffversand.com\/fr\/wp-json\/wp\/v2\/product"}],"about":[{"href":"https:\/\/vitalstoffversand.com\/fr\/wp-json\/wp\/v2\/types\/product"}],"wp:featuredmedia":[{"embeddable":true,"href":"https:\/\/vitalstoffversand.com\/fr\/wp-json\/wp\/v2\/media\/50564"}],"wp:attachment":[{"href":"https:\/\/vitalstoffversand.com\/fr\/wp-json\/wp\/v2\/media?parent=23306"}],"wp:term":[{"taxonomy":"product_brand","embeddable":true,"href":"https:\/\/vitalstoffversand.com\/fr\/wp-json\/wp\/v2\/product_brand?post=23306"},{"taxonomy":"product_cat","embeddable":true,"href":"https:\/\/vitalstoffversand.com\/fr\/wp-json\/wp\/v2\/product_cat?post=23306"},{"taxonomy":"product_tag","embeddable":true,"href":"https:\/\/vitalstoffversand.com\/fr\/wp-json\/wp\/v2\/product_tag?post=23306"}],"curies":[{"name":"wp","href":"https:\/\/api.w.org\/{rel}","templated":true}]}}