{"id":22856,"date":"2024-11-09T16:38:14","date_gmt":"2024-11-09T15:38:14","guid":{"rendered":"https:\/\/vitalstoffversand.com\/produkt\/vit4ever-extrait-de-cordyceps-intenso-180-gelules\/"},"modified":"2026-03-14T14:52:55","modified_gmt":"2026-03-14T13:52:55","slug":"vit4ever-extrait-de-cordyceps-intenso-180-gelules","status":"publish","type":"product","link":"https:\/\/vitalstoffversand.com\/fr\/produit\/vit4ever-extrait-de-cordyceps-intenso-180-gelules\/","title":{"rendered":"Vit4ever <br>Extrait de Cordyceps Intenso &#8211; 180 g\u00e9lules"},"content":{"rendered":"<p>Capsules hautement dos\u00e9es avec un extrait 10:1 de Cordyceps sinensis (champignon chenille) contenant <strong>40% de polysaccharides bioactifs<\/strong>.<\/p>\n<p>Les extraits de champignons ont une teneur en polysaccharides plus \u00e9lev\u00e9e que la poudre de champignons entiers, mais le processus d&#8217;extraction entra\u00eene la perte d&#8217;autres pr\u00e9cieux composants du champignon.<\/p>\n<p>\u00c0 des fins th\u00e9rapeutiques, nous recommandons donc de prendre les extraits de champignons en combinaison avec de la poudre de champignons entiers, car c&#8217;est ainsi que l&#8217;on obtient un effet maximal.<\/p>\n<ul>\n<li>V\u00e9gan<\/li>\n<li>Sans gluten<\/li>\n<li>Sans lactose<\/li>\n<li>Sans OGM<\/li>\n<li>Fabriqu\u00e9 selon les normes de qualit\u00e9 strictes de l&#8217;UE<\/li>\n<\/ul>\n","protected":false},"excerpt":{"rendered":"<p>Capsules hautement dos\u00e9es avec un extrait 10:1 de Cordyceps sinensis (champignon chenille) contenant 40% de polysaccharides bioactifs. Les extraits de champignons ont une teneur en polysaccharides plus \u00e9lev\u00e9e que la poudre de champignons entiers, mais le processus d&#8217;extraction entra\u00eene la perte d&#8217;autres pr\u00e9cieux composants du champignon. \u00c0 des fins th\u00e9rapeutiques, nous recommandons donc de prendre [&hellip;]<\/p>\n","protected":false},"featured_media":50484,"template":"","meta":{"_acf_changed":false},"product_brand":[10217],"product_cat":[348,365],"product_tag":[],"class_list":{"0":"post-22856","1":"product","2":"type-product","3":"status-publish","4":"has-post-thumbnail","6":"product_brand-vit4ever-fr","7":"product_cat-nutriments","8":"product_cat-produits-de-a-a-z","10":"first","11":"outofstock","12":"taxable","13":"shipping-taxable","14":"purchasable","15":"product-type-simple"},"acf":[],"_links":{"self":[{"href":"https:\/\/vitalstoffversand.com\/fr\/wp-json\/wp\/v2\/product\/22856","targetHints":{"allow":["GET"]}}],"collection":[{"href":"https:\/\/vitalstoffversand.com\/fr\/wp-json\/wp\/v2\/product"}],"about":[{"href":"https:\/\/vitalstoffversand.com\/fr\/wp-json\/wp\/v2\/types\/product"}],"wp:featuredmedia":[{"embeddable":true,"href":"https:\/\/vitalstoffversand.com\/fr\/wp-json\/wp\/v2\/media\/50484"}],"wp:attachment":[{"href":"https:\/\/vitalstoffversand.com\/fr\/wp-json\/wp\/v2\/media?parent=22856"}],"wp:term":[{"taxonomy":"product_brand","embeddable":true,"href":"https:\/\/vitalstoffversand.com\/fr\/wp-json\/wp\/v2\/product_brand?post=22856"},{"taxonomy":"product_cat","embeddable":true,"href":"https:\/\/vitalstoffversand.com\/fr\/wp-json\/wp\/v2\/product_cat?post=22856"},{"taxonomy":"product_tag","embeddable":true,"href":"https:\/\/vitalstoffversand.com\/fr\/wp-json\/wp\/v2\/product_tag?post=22856"}],"curies":[{"name":"wp","href":"https:\/\/api.w.org\/{rel}","templated":true}]}}