{"id":2285,"date":"2024-10-26T12:11:35","date_gmt":"2024-10-26T10:11:35","guid":{"rendered":"https:\/\/dev.vitalstoffversand.com\/?post_type=product&#038;p=2285"},"modified":"2026-03-11T13:21:15","modified_gmt":"2026-03-11T12:21:15","slug":"ecorces-de-psyllium-bio-kopie","status":"publish","type":"product","link":"https:\/\/vitalstoffversand.com\/fr\/produit\/ecorces-de-psyllium-bio-kopie\/","title":{"rendered":"Natura Med <br>Cosses de psyllium bio &#8211; 250 g"},"content":{"rendered":"<p>Les enveloppes de psyllium sont \u00e9norm\u00e9ment riches en fibres et peuvent soutenir une alimentation riche en fibres.<\/p>\n<p>Elles ont un effet positif sur la sensation de sati\u00e9t\u00e9 et la digestion gr\u00e2ce \u00e0 leur fort pouvoir gonflant et peuvent donc \u00eatre utilis\u00e9es comme soutien dans le cadre d&#8217;une mesure di\u00e9t\u00e9tique.<\/p>\n<p>Les peaux de graines de puces sont notamment utilis\u00e9es avec succ\u00e8s en cas de constipation, de probl\u00e8mes digestifs et pour le nettoyage ou l&#8217;assainissement des intestins.<\/p>\n<ul>\n<li>100 % naturel &#8211; sans additifs<\/li>\n<li>V\u00e9gan<\/li>\n<li>Sans gluten<\/li>\n<li>Sans lactose<\/li>\n<li>Sans OGM<\/li>\n<li>Fabriqu\u00e9 selon les normes de qualit\u00e9 strictes de l&#8217;UE<\/li>\n<\/ul>\n","protected":false},"excerpt":{"rendered":"<p>Les enveloppes de psyllium sont \u00e9norm\u00e9ment riches en fibres et peuvent soutenir une alimentation riche en fibres. Elles ont un effet positif sur la sensation de sati\u00e9t\u00e9 et la digestion gr\u00e2ce \u00e0 leur fort pouvoir gonflant et peuvent donc \u00eatre utilis\u00e9es comme soutien dans le cadre d&#8217;une mesure di\u00e9t\u00e9tique. Les peaux de graines de puces [&hellip;]<\/p>\n","protected":false},"featured_media":40491,"template":"","meta":{"_acf_changed":false},"product_brand":[10203],"product_cat":[348,306,365],"product_tag":[],"class_list":{"0":"post-2285","1":"product","2":"type-product","3":"status-publish","4":"has-post-thumbnail","6":"product_brand-natura-med-fr","7":"product_cat-nutriments","8":"product_cat-bio-fr","9":"product_cat-produits-de-a-a-z","11":"first","12":"instock","13":"taxable","14":"shipping-taxable","15":"purchasable","16":"product-type-simple"},"acf":[],"_links":{"self":[{"href":"https:\/\/vitalstoffversand.com\/fr\/wp-json\/wp\/v2\/product\/2285","targetHints":{"allow":["GET"]}}],"collection":[{"href":"https:\/\/vitalstoffversand.com\/fr\/wp-json\/wp\/v2\/product"}],"about":[{"href":"https:\/\/vitalstoffversand.com\/fr\/wp-json\/wp\/v2\/types\/product"}],"wp:featuredmedia":[{"embeddable":true,"href":"https:\/\/vitalstoffversand.com\/fr\/wp-json\/wp\/v2\/media\/40491"}],"wp:attachment":[{"href":"https:\/\/vitalstoffversand.com\/fr\/wp-json\/wp\/v2\/media?parent=2285"}],"wp:term":[{"taxonomy":"product_brand","embeddable":true,"href":"https:\/\/vitalstoffversand.com\/fr\/wp-json\/wp\/v2\/product_brand?post=2285"},{"taxonomy":"product_cat","embeddable":true,"href":"https:\/\/vitalstoffversand.com\/fr\/wp-json\/wp\/v2\/product_cat?post=2285"},{"taxonomy":"product_tag","embeddable":true,"href":"https:\/\/vitalstoffversand.com\/fr\/wp-json\/wp\/v2\/product_tag?post=2285"}],"curies":[{"name":"wp","href":"https:\/\/api.w.org\/{rel}","templated":true}]}}