{"id":22839,"date":"2024-11-09T16:57:38","date_gmt":"2024-11-09T15:57:38","guid":{"rendered":"https:\/\/vitalstoffversand.com\/produkt\/vit4ever-vitamine-d3-10000-u-i-k2-quantites-differentes\/"},"modified":"2026-03-14T15:43:00","modified_gmt":"2026-03-14T14:43:00","slug":"vit4ever-vitamine-d3-10000-u-i-k2-quantites-differentes","status":"publish","type":"product","link":"https:\/\/vitalstoffversand.com\/fr\/produit\/vit4ever-vitamine-d3-10000-u-i-k2-quantites-differentes\/","title":{"rendered":"Vit4ever <br>Vitamine D3 10 000 UI + K2 &#8211; 180 comprim\u00e9s"},"content":{"rendered":"<p>La \u00ab vitamine du soleil \u00bb <a href=\"https:\/\/vitalstoffversand.com\/knowledge-base\/vitamin-d\/\" target=\"_blank\" rel=\"noopener\"><span style=\"color: #0000ff;\"><strong>\u2192 vitamine D3<\/strong><\/span><\/a> et la <a href=\"https:\/\/vitalstoffversand.com\/knowledge-base\/vitamin-k\/\" target=\"_blank\" rel=\"noopener\"><strong><span style=\"color: #0000ff;\">\u2192 vitamine K2<\/span><\/strong><\/a> forment une combinaison id\u00e9ale, car la vitamine K active les prot\u00e9ines n\u00e9cessaires au m\u00e9tabolisme du calcium, dont la production est ensuite assur\u00e9e par la vitamine D. La vitamine D est donc un \u00e9l\u00e9ment essentiel de l&#8217;alimentation.<\/p>\n<ul>\n<li>Vegetarisch<\/li>\n<li>Sans gluten<\/li>\n<li>Sans lactose<\/li>\n<li>Sans OGM<\/li>\n<li>Fabriqu\u00e9 selon les normes de qualit\u00e9 strictes de l&#8217;UE<\/li>\n<\/ul>\n","protected":false},"excerpt":{"rendered":"<p>La \u00ab vitamine du soleil \u00bb \u2192 vitamine D3 et la \u2192 vitamine K2 forment une combinaison id\u00e9ale, car la vitamine K active les prot\u00e9ines n\u00e9cessaires au m\u00e9tabolisme du calcium, dont la production est ensuite assur\u00e9e par la vitamine D. La vitamine D est donc un \u00e9l\u00e9ment essentiel de l&#8217;alimentation. Vegetarisch Sans gluten Sans lactose [&hellip;]<\/p>\n","protected":false},"featured_media":50884,"template":"","meta":{"_acf_changed":false},"product_brand":[10217],"product_cat":[308,365],"product_tag":[],"class_list":{"0":"post-22839","1":"product","2":"type-product","3":"status-publish","4":"has-post-thumbnail","6":"product_brand-vit4ever-fr","7":"product_cat-vitamines","8":"product_cat-produits-de-a-a-z","10":"first","11":"instock","12":"taxable","13":"shipping-taxable","14":"purchasable","15":"product-type-simple"},"acf":[],"_links":{"self":[{"href":"https:\/\/vitalstoffversand.com\/fr\/wp-json\/wp\/v2\/product\/22839","targetHints":{"allow":["GET"]}}],"collection":[{"href":"https:\/\/vitalstoffversand.com\/fr\/wp-json\/wp\/v2\/product"}],"about":[{"href":"https:\/\/vitalstoffversand.com\/fr\/wp-json\/wp\/v2\/types\/product"}],"wp:featuredmedia":[{"embeddable":true,"href":"https:\/\/vitalstoffversand.com\/fr\/wp-json\/wp\/v2\/media\/50884"}],"wp:attachment":[{"href":"https:\/\/vitalstoffversand.com\/fr\/wp-json\/wp\/v2\/media?parent=22839"}],"wp:term":[{"taxonomy":"product_brand","embeddable":true,"href":"https:\/\/vitalstoffversand.com\/fr\/wp-json\/wp\/v2\/product_brand?post=22839"},{"taxonomy":"product_cat","embeddable":true,"href":"https:\/\/vitalstoffversand.com\/fr\/wp-json\/wp\/v2\/product_cat?post=22839"},{"taxonomy":"product_tag","embeddable":true,"href":"https:\/\/vitalstoffversand.com\/fr\/wp-json\/wp\/v2\/product_tag?post=22839"}],"curies":[{"name":"wp","href":"https:\/\/api.w.org\/{rel}","templated":true}]}}