{"id":22807,"date":"2024-11-09T16:35:03","date_gmt":"2024-11-09T15:35:03","guid":{"rendered":"https:\/\/vitalstoffversand.com\/produkt\/vit4ever-cuivre-365-comprimes\/"},"modified":"2026-03-14T14:38:39","modified_gmt":"2026-03-14T13:38:39","slug":"vit4ever-cuivre-365-comprimes","status":"publish","type":"product","link":"https:\/\/vitalstoffversand.com\/fr\/produit\/vit4ever-cuivre-365-comprimes\/","title":{"rendered":"Vit4ever <br>Cuivre &#8211; 365 comprim\u00e9s"},"content":{"rendered":"<p><a href=\"https:\/\/vitalstoffversand.com\/knowledge-base\/kupfer\/\" target=\"_blank\" rel=\"noopener\"><strong><span style=\"color: #0000ff;\">\u2192 Le cuivre<\/span><\/strong><\/a> est un oligo-\u00e9l\u00e9ment essentiel et doit \u00eatre apport\u00e9 \u00e0 l&#8217;organisme.<\/p>\n<p>Les tr\u00e8s faibles quantit\u00e9s dont notre organisme a besoin sont g\u00e9n\u00e9ralement absorb\u00e9es par l&#8217;alimentation, de sorte qu&#8217;une suppl\u00e9mentation suppl\u00e9mentaire est relativement rarement n\u00e9cessaire.<\/p>\n<ul>\n<li>V\u00e9gan<\/li>\n<li>Sans gluten<\/li>\n<li>Sans lactose<\/li>\n<li>Sans OGM<\/li>\n<li>Fabriqu\u00e9 selon les normes de qualit\u00e9 strictes de l&#8217;UE<\/li>\n<\/ul>\n","protected":false},"excerpt":{"rendered":"<p>\u2192 Le cuivre est un oligo-\u00e9l\u00e9ment essentiel et doit \u00eatre apport\u00e9 \u00e0 l&#8217;organisme. Les tr\u00e8s faibles quantit\u00e9s dont notre organisme a besoin sont g\u00e9n\u00e9ralement absorb\u00e9es par l&#8217;alimentation, de sorte qu&#8217;une suppl\u00e9mentation suppl\u00e9mentaire est relativement rarement n\u00e9cessaire. V\u00e9gan Sans gluten Sans lactose Sans OGM Fabriqu\u00e9 selon les normes de qualit\u00e9 strictes de l&#8217;UE<\/p>\n","protected":false},"featured_media":50292,"template":"","meta":{"_acf_changed":false},"product_brand":[10217],"product_cat":[340,365],"product_tag":[],"class_list":{"0":"post-22807","1":"product","2":"type-product","3":"status-publish","4":"has-post-thumbnail","6":"product_brand-vit4ever-fr","7":"product_cat-mineraux-oligo-elements","8":"product_cat-produits-de-a-a-z","10":"first","11":"instock","12":"taxable","13":"shipping-taxable","14":"purchasable","15":"product-type-simple"},"acf":[],"_links":{"self":[{"href":"https:\/\/vitalstoffversand.com\/fr\/wp-json\/wp\/v2\/product\/22807","targetHints":{"allow":["GET"]}}],"collection":[{"href":"https:\/\/vitalstoffversand.com\/fr\/wp-json\/wp\/v2\/product"}],"about":[{"href":"https:\/\/vitalstoffversand.com\/fr\/wp-json\/wp\/v2\/types\/product"}],"wp:featuredmedia":[{"embeddable":true,"href":"https:\/\/vitalstoffversand.com\/fr\/wp-json\/wp\/v2\/media\/50292"}],"wp:attachment":[{"href":"https:\/\/vitalstoffversand.com\/fr\/wp-json\/wp\/v2\/media?parent=22807"}],"wp:term":[{"taxonomy":"product_brand","embeddable":true,"href":"https:\/\/vitalstoffversand.com\/fr\/wp-json\/wp\/v2\/product_brand?post=22807"},{"taxonomy":"product_cat","embeddable":true,"href":"https:\/\/vitalstoffversand.com\/fr\/wp-json\/wp\/v2\/product_cat?post=22807"},{"taxonomy":"product_tag","embeddable":true,"href":"https:\/\/vitalstoffversand.com\/fr\/wp-json\/wp\/v2\/product_tag?post=22807"}],"curies":[{"name":"wp","href":"https:\/\/api.w.org\/{rel}","templated":true}]}}