{"id":22800,"date":"2024-11-09T16:30:27","date_gmt":"2024-11-09T15:30:27","guid":{"rendered":"https:\/\/vitalstoffversand.com\/produkt\/vit4ever-oxyde-de-magnesium-365-gelules\/"},"modified":"2026-03-14T14:34:32","modified_gmt":"2026-03-14T13:34:32","slug":"vit4ever-oxyde-de-magnesium-365-gelules","status":"publish","type":"product","link":"https:\/\/vitalstoffversand.com\/fr\/produit\/vit4ever-oxyde-de-magnesium-365-gelules\/","title":{"rendered":"Vit4ever <br>Oxyde de magn\u00e9sium &#8211; 365 g\u00e9lules"},"content":{"rendered":"<p><a href=\"https:\/\/vitalstoffversand.com\/knowledge-base\/magnesium\/\" target=\"_blank\" rel=\"noopener\"><span style=\"color: #0000ff;\"><strong>\u2192 Le magn\u00e9sium<\/strong><\/span><\/a> joue un r\u00f4le important dans notre corps et se trouve dans diff\u00e9rents compos\u00e9s.<\/p>\n<p>L&#8217;oxyde de magn\u00e9sium pr\u00e9sente la m\u00eame bio\u00e9quivalence \u00e9lev\u00e9e et la m\u00eame assimilabilit\u00e9 que le citrate de magn\u00e9sium, mais selon une \u00e9tude scientifique de Shechter et al. (2012), il offre un stockage intracellulaire du magn\u00e9sium nettement sup\u00e9rieur \u00e0 celui du citrate de magn\u00e9sium apr\u00e8s plusieurs semaines de prise. <\/p>\n<ul>\n<li>V\u00e9gan<\/li>\n<li>Sans gluten<\/li>\n<li>Sans lactose<\/li>\n<li>Sans OGM<\/li>\n<li>Fabriqu\u00e9 selon les normes de qualit\u00e9 strictes de l&#8217;UE<\/li>\n<\/ul>\n","protected":false},"excerpt":{"rendered":"<p>\u2192 Le magn\u00e9sium joue un r\u00f4le important dans notre corps et se trouve dans diff\u00e9rents compos\u00e9s. L&#8217;oxyde de magn\u00e9sium pr\u00e9sente la m\u00eame bio\u00e9quivalence \u00e9lev\u00e9e et la m\u00eame assimilabilit\u00e9 que le citrate de magn\u00e9sium, mais selon une \u00e9tude scientifique de Shechter et al. (2012), il offre un stockage intracellulaire du magn\u00e9sium nettement sup\u00e9rieur \u00e0 celui du [&hellip;]<\/p>\n","protected":false},"featured_media":50252,"template":"","meta":{"_acf_changed":false},"product_brand":[10217],"product_cat":[340,365],"product_tag":[],"class_list":{"0":"post-22800","1":"product","2":"type-product","3":"status-publish","4":"has-post-thumbnail","6":"product_brand-vit4ever-fr","7":"product_cat-mineraux-oligo-elements","8":"product_cat-produits-de-a-a-z","10":"first","11":"instock","12":"taxable","13":"shipping-taxable","14":"purchasable","15":"product-type-simple"},"acf":[],"_links":{"self":[{"href":"https:\/\/vitalstoffversand.com\/fr\/wp-json\/wp\/v2\/product\/22800","targetHints":{"allow":["GET"]}}],"collection":[{"href":"https:\/\/vitalstoffversand.com\/fr\/wp-json\/wp\/v2\/product"}],"about":[{"href":"https:\/\/vitalstoffversand.com\/fr\/wp-json\/wp\/v2\/types\/product"}],"wp:featuredmedia":[{"embeddable":true,"href":"https:\/\/vitalstoffversand.com\/fr\/wp-json\/wp\/v2\/media\/50252"}],"wp:attachment":[{"href":"https:\/\/vitalstoffversand.com\/fr\/wp-json\/wp\/v2\/media?parent=22800"}],"wp:term":[{"taxonomy":"product_brand","embeddable":true,"href":"https:\/\/vitalstoffversand.com\/fr\/wp-json\/wp\/v2\/product_brand?post=22800"},{"taxonomy":"product_cat","embeddable":true,"href":"https:\/\/vitalstoffversand.com\/fr\/wp-json\/wp\/v2\/product_cat?post=22800"},{"taxonomy":"product_tag","embeddable":true,"href":"https:\/\/vitalstoffversand.com\/fr\/wp-json\/wp\/v2\/product_tag?post=22800"}],"curies":[{"name":"wp","href":"https:\/\/api.w.org\/{rel}","templated":true}]}}