{"id":22782,"date":"2024-11-08T19:02:00","date_gmt":"2024-11-08T18:02:00","guid":{"rendered":"https:\/\/vitalstoffversand.com\/produkt\/vit4ever-chromium-differentes-versions\/"},"modified":"2026-03-14T14:31:36","modified_gmt":"2026-03-14T13:31:36","slug":"vit4ever-chromium-differentes-versions","status":"publish","type":"product","link":"https:\/\/vitalstoffversand.com\/fr\/produit\/vit4ever-chromium-differentes-versions\/","title":{"rendered":"Vit4ever <br>Chrome 200 \u00b5g &#8211; 365 comprim\u00e9s"},"content":{"rendered":"<p><strong><a href=\"https:\/\/vitalstoffversand.com\/knowledge-base\/chrom\/\" target=\"_blank\" rel=\"noopener\">\u2192 Le chrome<\/a><\/strong> fait partie des oligo-\u00e9l\u00e9ments et est apport\u00e9 par l&#8217;alimentation.<\/p>\n<p>D&#8217;apr\u00e8s les donn\u00e9es scientifiques, une carence semble peu probable ; toutefois, dans certains cas particuliers, il peut s&#8217;av\u00e9rer n\u00e9cessaire de prendre des compl\u00e9ments alimentaires \u00e0 base de chrome, notamment lorsque l&#8217;apport alimentaire en chrome est insuffisant en raison des habitudes alimentaires de chacun.<\/p>\n<ul>\n<li>V\u00e9gan<\/li>\n<li>Sans gluten<\/li>\n<li>Sans lactose<\/li>\n<li>Sans OGM<\/li>\n<li>Fabriqu\u00e9 selon les normes de qualit\u00e9 strictes de l&#8217;UE<\/li>\n<\/ul>\n","protected":false},"excerpt":{"rendered":"<p>\u2192 Le chrome fait partie des oligo-\u00e9l\u00e9ments et est apport\u00e9 par l&#8217;alimentation. D&#8217;apr\u00e8s les donn\u00e9es scientifiques, une carence semble peu probable ; toutefois, dans certains cas particuliers, il peut s&#8217;av\u00e9rer n\u00e9cessaire de prendre des compl\u00e9ments alimentaires \u00e0 base de chrome, notamment lorsque l&#8217;apport alimentaire en chrome est insuffisant en raison des habitudes alimentaires de chacun. [&hellip;]<\/p>\n","protected":false},"featured_media":50212,"template":"","meta":{"_acf_changed":false},"product_brand":[10217],"product_cat":[340,365],"product_tag":[],"class_list":{"0":"post-22782","1":"product","2":"type-product","3":"status-publish","4":"has-post-thumbnail","6":"product_brand-vit4ever-fr","7":"product_cat-mineraux-oligo-elements","8":"product_cat-produits-de-a-a-z","10":"first","11":"instock","12":"taxable","13":"shipping-taxable","14":"purchasable","15":"product-type-simple"},"acf":[],"_links":{"self":[{"href":"https:\/\/vitalstoffversand.com\/fr\/wp-json\/wp\/v2\/product\/22782","targetHints":{"allow":["GET"]}}],"collection":[{"href":"https:\/\/vitalstoffversand.com\/fr\/wp-json\/wp\/v2\/product"}],"about":[{"href":"https:\/\/vitalstoffversand.com\/fr\/wp-json\/wp\/v2\/types\/product"}],"wp:featuredmedia":[{"embeddable":true,"href":"https:\/\/vitalstoffversand.com\/fr\/wp-json\/wp\/v2\/media\/50212"}],"wp:attachment":[{"href":"https:\/\/vitalstoffversand.com\/fr\/wp-json\/wp\/v2\/media?parent=22782"}],"wp:term":[{"taxonomy":"product_brand","embeddable":true,"href":"https:\/\/vitalstoffversand.com\/fr\/wp-json\/wp\/v2\/product_brand?post=22782"},{"taxonomy":"product_cat","embeddable":true,"href":"https:\/\/vitalstoffversand.com\/fr\/wp-json\/wp\/v2\/product_cat?post=22782"},{"taxonomy":"product_tag","embeddable":true,"href":"https:\/\/vitalstoffversand.com\/fr\/wp-json\/wp\/v2\/product_tag?post=22782"}],"curies":[{"name":"wp","href":"https:\/\/api.w.org\/{rel}","templated":true}]}}